{"id":779044,"date":"2025-12-30T10:20:04","date_gmt":"2025-12-30T07:20:04","guid":{"rendered":"https:\/\/roveyayinevi.com.tr\/index.php\/urun\/mobbing-nedenleri-aktorleri-etkileri\/"},"modified":"2026-04-16T02:25:42","modified_gmt":"2026-04-15T23:25:42","slug":"mobbing-nedenleri-aktorleri-etkileri","status":"publish","type":"product","link":"https:\/\/roveyayinevi.com.tr\/index.php\/urun\/mobbing-nedenleri-aktorleri-etkileri\/","title":{"rendered":"Mobbing; Nedenleri Akt\u00f6rleri &amp; Etkileri"},"content":{"rendered":"<p>\u0130\u00e7indekiler Giri\u015f B\u00f6l\u00fcm 1: Mobbing Kavramsal \u00c7evre Mobbing S\u00fcrecinde Rol Alanlar Mobbingin Nedenleri  Mobbing S\u00fcreci ve Dereceleri Mobbingin Etkileri B\u00f6l\u00fcm 2: \u00d6rg\u00fctlerde Mobbing D\u00fczeyinin Ara\u015ft\u0131r\u0131lmas\u0131 Sonu\u00e7 ve Tart\u0131\u015fma <\/p>\n","protected":false},"excerpt":{"rendered":"<p>\u0130\u00e7indekiler Giri\u015f B\u00f6l\u00fcm 1: Mobbing Kavramsal \u00c7evre Mobbing S\u00fcrecinde Rol Alanlar Mobbingin Nedenleri Mobbing S\u00fcreci ve Dereceleri Mobbingin Etkileri B\u00f6l\u00fcm 2: \u00d6rg\u00fctlerde Mobbing D\u00fczeyinin Ara\u015ft\u0131r\u0131lmas\u0131 Sonu\u00e7<span class=\"excerpt-hellip\"> [\u2026]<\/span><\/p>\n","protected":false},"featured_media":0,"template":"","meta":{"_monsterinsights_skip_tracking":false,"_monsterinsights_sitenote_active":false,"_monsterinsights_sitenote_note":"","_monsterinsights_sitenote_category":0},"product_brand":[],"product_cat":[13043,14381],"product_tag":[],"class_list":{"0":"post-779044","1":"product","2":"type-product","3":"status-publish","5":"product_cat-ekonomi","6":"product_cat-isletme-muhasebe-maliye","7":"pa_cilt-ciltsiz","8":"pa_tur-kitap","9":"pa_yayinevi-gazi-kitabevi","10":"pa_yazar-fatih-yildirim-oguzhan-ekinci","12":"first","13":"instock","14":"sale","15":"shipping-taxable","16":"purchasable","17":"product-type-simple"},"_links":{"self":[{"href":"https:\/\/roveyayinevi.com.tr\/index.php\/wp-json\/wp\/v2\/product\/779044","targetHints":{"allow":["GET"]}}],"collection":[{"href":"https:\/\/roveyayinevi.com.tr\/index.php\/wp-json\/wp\/v2\/product"}],"about":[{"href":"https:\/\/roveyayinevi.com.tr\/index.php\/wp-json\/wp\/v2\/types\/product"}],"wp:attachment":[{"href":"https:\/\/roveyayinevi.com.tr\/index.php\/wp-json\/wp\/v2\/media?parent=779044"}],"wp:term":[{"taxonomy":"product_brand","embeddable":true,"href":"https:\/\/roveyayinevi.com.tr\/index.php\/wp-json\/wp\/v2\/product_brand?post=779044"},{"taxonomy":"product_cat","embeddable":true,"href":"https:\/\/roveyayinevi.com.tr\/index.php\/wp-json\/wp\/v2\/product_cat?post=779044"},{"taxonomy":"product_tag","embeddable":true,"href":"https:\/\/roveyayinevi.com.tr\/index.php\/wp-json\/wp\/v2\/product_tag?post=779044"}],"curies":[{"name":"wp","href":"https:\/\/api.w.org\/{rel}","templated":true}]}}