{"id":779041,"date":"2025-12-30T10:18:55","date_gmt":"2025-12-30T07:18:55","guid":{"rendered":"https:\/\/roveyayinevi.com.tr\/index.php\/urun\/ogretim-ilke-ve-yontemleri-7\/"},"modified":"2026-04-16T02:24:41","modified_gmt":"2026-04-15T23:24:41","slug":"ogretim-ilke-ve-yontemleri-7","status":"publish","type":"product","link":"https:\/\/roveyayinevi.com.tr\/index.php\/urun\/ogretim-ilke-ve-yontemleri-7\/","title":{"rendered":"\u00d6\u011fretim \u0130lke ve Y\u00f6ntemleri"},"content":{"rendered":"<p>Nitelikli bir \u00f6\u011fretmenin sahip olmas\u0131 gereken becerilerden baz\u0131lar\u0131;\u00d6\u011fretimi planlama, Uygun \u00f6\u011frenme ortam\u0131 olu\u015fturma, \u00d6\u011fretme ve \u00f6\u011frenme s\u00fcrecini y\u00f6netmektir.Bu kitap da &#8220;\u00f6\u011fretme&#8221;yi \u015fiar edinmi\u015f \u00f6\u011fretmen adaylar\u0131 ve \u00f6\u011fretmenler i\u00e7in rehber olmay\u0131 ama\u00e7lamaktad\u0131r.<\/p>\n","protected":false},"excerpt":{"rendered":"<p>Nitelikli bir \u00f6\u011fretmenin sahip olmas\u0131 gereken becerilerden baz\u0131lar\u0131;\u00d6\u011fretimi planlama, Uygun \u00f6\u011frenme ortam\u0131 olu\u015fturma, \u00d6\u011fretme ve \u00f6\u011frenme s\u00fcrecini y\u00f6netmektir.Bu kitap da &#8220;\u00f6\u011fretme&#8221;yi \u015fiar edinmi\u015f \u00f6\u011fretmen adaylar\u0131 ve<span class=\"excerpt-hellip\"> [\u2026]<\/span><\/p>\n","protected":false},"featured_media":0,"template":"","meta":{"_monsterinsights_skip_tracking":false,"_monsterinsights_sitenote_active":false,"_monsterinsights_sitenote_note":"","_monsterinsights_sitenote_category":0},"product_brand":[],"product_cat":[12573,12566],"product_tag":[],"class_list":{"0":"post-779041","1":"product","2":"type-product","3":"status-publish","5":"product_cat-akademik-kitaplar","6":"product_cat-egitim","7":"pa_cilt-ciltsiz","8":"pa_tur-kitap","9":"pa_yayinevi-nobel-akademik-yayincilik","10":"pa_yazar-kolektif","12":"first","13":"instock","14":"sale","15":"shipping-taxable","16":"purchasable","17":"product-type-simple"},"_links":{"self":[{"href":"https:\/\/roveyayinevi.com.tr\/index.php\/wp-json\/wp\/v2\/product\/779041","targetHints":{"allow":["GET"]}}],"collection":[{"href":"https:\/\/roveyayinevi.com.tr\/index.php\/wp-json\/wp\/v2\/product"}],"about":[{"href":"https:\/\/roveyayinevi.com.tr\/index.php\/wp-json\/wp\/v2\/types\/product"}],"wp:attachment":[{"href":"https:\/\/roveyayinevi.com.tr\/index.php\/wp-json\/wp\/v2\/media?parent=779041"}],"wp:term":[{"taxonomy":"product_brand","embeddable":true,"href":"https:\/\/roveyayinevi.com.tr\/index.php\/wp-json\/wp\/v2\/product_brand?post=779041"},{"taxonomy":"product_cat","embeddable":true,"href":"https:\/\/roveyayinevi.com.tr\/index.php\/wp-json\/wp\/v2\/product_cat?post=779041"},{"taxonomy":"product_tag","embeddable":true,"href":"https:\/\/roveyayinevi.com.tr\/index.php\/wp-json\/wp\/v2\/product_tag?post=779041"}],"curies":[{"name":"wp","href":"https:\/\/api.w.org\/{rel}","templated":true}]}}