{"id":779040,"date":"2025-12-30T10:18:48","date_gmt":"2025-12-30T07:18:48","guid":{"rendered":"https:\/\/roveyayinevi.com.tr\/index.php\/urun\/resme-nasil-bakilir-giottodan-chagalla-resim-ve-ressamlar\/"},"modified":"2026-02-25T02:31:46","modified_gmt":"2026-02-24T23:31:46","slug":"resme-nasil-bakilir-giottodan-chagalla-resim-ve-ressamlar","status":"publish","type":"product","link":"https:\/\/roveyayinevi.com.tr\/index.php\/urun\/resme-nasil-bakilir-giottodan-chagalla-resim-ve-ressamlar\/","title":{"rendered":"Resme Nas\u0131l Bak\u0131l\u0131r &#8211; Giotto\u2019dan Chagall\u2019a Resim ve Ressamlar"},"content":{"rendered":"<p>Resme bakmak konusunda yeni bir g\u00f6rme bi\u00e7imi geli\u015ftiren, R\u00f6nesans resminin \u00f6nc\u00fcs\u00fc Giotto di Bondone\u2019den yirminci y\u00fczy\u0131l\u0131n fantastik sanat\u0131n\u0131n fikir babas\u0131 say\u0131lan Marc Chagall\u2019a kadar pek \u00e7ok ressam\u0131n eserlerinin ele al\u0131nd\u0131\u011f\u0131 Resme Nas\u0131l Bak\u0131l\u0131r? Giotto\u2019dan Chagall\u2019a Resim ve Ressamlar sanat tarih\u00e7isi Lionello Venturi\u2019nin g\u00fcnceli\u011fini halen koruyan metinleri aras\u0131nda yer al\u0131yor. Venturi, geli\u015fim s\u00fcreci i\u00e7inde sanat\u0131n ve sanat\u0131 g\u00f6rme bi\u00e7imlerinin ge\u00e7irdi\u011fi evrimi yal\u0131n bir anlat\u0131m ve a\u00e7\u0131klamal\u0131 yorumlar\u0131yla inceliyor. Sanat\u0131n dinle ili\u015fkisini ele alarak ba\u015flayan kitap, soyut ve fantastik sanat\u0131n \u00f6ne \u00e7\u0131kt\u0131\u011f\u0131 d\u00f6nemlere kadar ge\u00e7en s\u00fcre\u00e7te izleyicinin resme bak\u0131\u015f\u0131ndaki de\u011fi\u015fime dair kapsaml\u0131 bilgiler veriyor. Metinde, sanatta fiziksel g\u00fczellik ve ahlaki g\u00fczellik kavramlar\u0131n\u0131n nas\u0131l yorumland\u0131\u011f\u0131 da anlat\u0131l\u0131yor. Sanatla ilgilenen her okura hitap eden Resme Nas\u0131l Bak\u0131l\u0131r? Giotto\u2019dan Chagall\u2019a Resim ve Ressamlar R\u00f6nesans-Modernizm ekseninde resim okumas\u0131 yapmak isteyenler i\u00e7in nitelikli bir k\u0131lavuz olma niteli\u011fi ta\u015f\u0131yor. <\/p>\n","protected":false},"excerpt":{"rendered":"<p>Resme bakmak konusunda yeni bir g\u00f6rme bi\u00e7imi geli\u015ftiren, R\u00f6nesans resminin \u00f6nc\u00fcs\u00fc Giotto di Bondone\u2019den yirminci y\u00fczy\u0131l\u0131n fantastik sanat\u0131n\u0131n fikir babas\u0131 say\u0131lan Marc Chagall\u2019a kadar pek \u00e7ok<span class=\"excerpt-hellip\"> [\u2026]<\/span><\/p>\n","protected":false},"featured_media":0,"template":"","meta":{"_monsterinsights_skip_tracking":false,"_monsterinsights_sitenote_active":false,"_monsterinsights_sitenote_note":"","_monsterinsights_sitenote_category":0},"product_brand":[],"product_cat":[15733,12408],"product_tag":[],"class_list":{"0":"post-779040","1":"product","2":"type-product","3":"status-publish","5":"product_cat-resim","6":"product_cat-sanat","7":"pa_cilt-ciltsiz","8":"pa_tur-kitap","9":"pa_yayinevi-hayalperest-yayinlari","10":"pa_yazar-lionello-venturi","12":"first","13":"instock","14":"sale","15":"shipping-taxable","16":"purchasable","17":"product-type-simple"},"_links":{"self":[{"href":"https:\/\/roveyayinevi.com.tr\/index.php\/wp-json\/wp\/v2\/product\/779040","targetHints":{"allow":["GET"]}}],"collection":[{"href":"https:\/\/roveyayinevi.com.tr\/index.php\/wp-json\/wp\/v2\/product"}],"about":[{"href":"https:\/\/roveyayinevi.com.tr\/index.php\/wp-json\/wp\/v2\/types\/product"}],"wp:attachment":[{"href":"https:\/\/roveyayinevi.com.tr\/index.php\/wp-json\/wp\/v2\/media?parent=779040"}],"wp:term":[{"taxonomy":"product_brand","embeddable":true,"href":"https:\/\/roveyayinevi.com.tr\/index.php\/wp-json\/wp\/v2\/product_brand?post=779040"},{"taxonomy":"product_cat","embeddable":true,"href":"https:\/\/roveyayinevi.com.tr\/index.php\/wp-json\/wp\/v2\/product_cat?post=779040"},{"taxonomy":"product_tag","embeddable":true,"href":"https:\/\/roveyayinevi.com.tr\/index.php\/wp-json\/wp\/v2\/product_tag?post=779040"}],"curies":[{"name":"wp","href":"https:\/\/api.w.org\/{rel}","templated":true}]}}