{"id":779039,"date":"2025-12-30T10:18:05","date_gmt":"2025-12-30T07:18:05","guid":{"rendered":"https:\/\/roveyayinevi.com.tr\/index.php\/urun\/hayallerin-allaha-emanet\/"},"modified":"2025-12-30T10:18:05","modified_gmt":"2025-12-30T07:18:05","slug":"hayallerin-allaha-emanet","status":"publish","type":"product","link":"https:\/\/roveyayinevi.com.tr\/index.php\/urun\/hayallerin-allaha-emanet\/","title":{"rendered":"Hayallerin Allaha Emanet"},"content":{"rendered":"<p>Sabret! \u00c7\u00fcnk\u00fc zor g\u00fcnlerin sabr\u0131, g\u00fczel g\u00fcnlerin anahtar\u0131d\u0131r.\u0130nanmaktan vazge\u00e7me, d\u00fczeleceksin. Nas\u0131l yand\u0131ysa i\u00e7in \u00f6yle s\u00f6nd\u00fcreceksin. Nas\u0131l d\u00fc\u015ft\u00fcysen, \u00f6yle kalkmay\u0131 \u00f6\u011freneceksin. Nas\u0131l sevdiysen bir insan\u0131, sen de \u00f6yle sevileceksin. Bo\u015f yere karamsar olma, daha \u00e7ok mutlu g\u00fcnler g\u00f6receksin.Umutsuz olma! \u00d6ld\u00fckten sonra bile seni yeniden diriltecek olan Allah, bu d\u00fcnyada solup gitmene izin verir mi san\u0131yorsun?<\/p>\n","protected":false},"excerpt":{"rendered":"<p>Sabret! \u00c7\u00fcnk\u00fc zor g\u00fcnlerin sabr\u0131, g\u00fczel g\u00fcnlerin anahtar\u0131d\u0131r.\u0130nanmaktan vazge\u00e7me, d\u00fczeleceksin. Nas\u0131l yand\u0131ysa i\u00e7in \u00f6yle s\u00f6nd\u00fcreceksin. Nas\u0131l d\u00fc\u015ft\u00fcysen, \u00f6yle kalkmay\u0131 \u00f6\u011freneceksin. Nas\u0131l sevdiysen bir insan\u0131, sen de<span class=\"excerpt-hellip\"> [\u2026]<\/span><\/p>\n","protected":false},"featured_media":0,"template":"","meta":{"_monsterinsights_skip_tracking":false,"_monsterinsights_sitenote_active":false,"_monsterinsights_sitenote_note":"","_monsterinsights_sitenote_category":0},"product_brand":[],"product_cat":[12777,12291],"product_tag":[],"class_list":{"0":"post-779039","1":"product","2":"type-product","3":"status-publish","5":"product_cat-deneme","6":"product_cat-edebiyat","7":"pa_cilt-ciltsiz","8":"pa_tur-kitap","9":"pa_yayinevi-olimpos-yayinlari","10":"pa_yazar-nebi-yildiz","12":"first","13":"instock","14":"sale","15":"shipping-taxable","16":"purchasable","17":"product-type-simple"},"_links":{"self":[{"href":"https:\/\/roveyayinevi.com.tr\/index.php\/wp-json\/wp\/v2\/product\/779039","targetHints":{"allow":["GET"]}}],"collection":[{"href":"https:\/\/roveyayinevi.com.tr\/index.php\/wp-json\/wp\/v2\/product"}],"about":[{"href":"https:\/\/roveyayinevi.com.tr\/index.php\/wp-json\/wp\/v2\/types\/product"}],"wp:attachment":[{"href":"https:\/\/roveyayinevi.com.tr\/index.php\/wp-json\/wp\/v2\/media?parent=779039"}],"wp:term":[{"taxonomy":"product_brand","embeddable":true,"href":"https:\/\/roveyayinevi.com.tr\/index.php\/wp-json\/wp\/v2\/product_brand?post=779039"},{"taxonomy":"product_cat","embeddable":true,"href":"https:\/\/roveyayinevi.com.tr\/index.php\/wp-json\/wp\/v2\/product_cat?post=779039"},{"taxonomy":"product_tag","embeddable":true,"href":"https:\/\/roveyayinevi.com.tr\/index.php\/wp-json\/wp\/v2\/product_tag?post=779039"}],"curies":[{"name":"wp","href":"https:\/\/api.w.org\/{rel}","templated":true}]}}