{"id":779038,"date":"2025-12-30T10:17:57","date_gmt":"2025-12-30T07:17:57","guid":{"rendered":"https:\/\/roveyayinevi.com.tr\/index.php\/urun\/bocek-kralice\/"},"modified":"2026-04-03T02:30:51","modified_gmt":"2026-04-02T23:30:51","slug":"bocek-kralice","status":"publish","type":"product","link":"https:\/\/roveyayinevi.com.tr\/index.php\/urun\/bocek-kralice\/","title":{"rendered":"B\u00f6cek Krali\u00e7e"},"content":{"rendered":"<p>Darkus art\u0131k insanlar\u0131 anlayam\u0131yor. Bulmak i\u00e7in onca macera ya\u015fad\u0131\u011f\u0131 babas\u0131, nas\u0131l olur da zalim LucretiaCutter\u2019\u0131n yan\u0131na geri d\u00f6nmek ister! Yakla\u015fan tehlikenin fark\u0131na varan Darkus, Virginia ve Bertolt ne olursa olsun onu durdurmaya karar veriyorlar. Ama \u00fc\u00e7 kafadar i\u00e7in i\u015fler pek de kolay hallolacak gibi g\u00f6r\u00fcnm\u00fcyor. Darkus\u2019un babas\u0131 onlar\u0131 tehlikeden korumak i\u00e7in olaylara burunlar\u0131n\u0131 sokmalar\u0131n\u0131 yasaklad\u0131. Tam da \u015fu iki pis d*land\u0131r\u0131c\u0131, Humphrey ve Pickering hapisten \u00e7\u0131km\u0131\u015fken! Peki b\u00f6ceklere saplant\u0131l\u0131 modac\u0131 Lucretia\u2019n\u0131n,  Los Angeles\u2019ta d\u00fczenlenen Film \u00d6d\u00fclleri\u2019yle ne ilgisi var? Baxter neden tehlikede? Darkus ve arkada\u015flar\u0131n\u0131n b\u00f6cek dolu maceralar\u0131 t\u00fcm h\u0131z\u0131yla s\u00fcr\u00fcyor. \u201c\u015eahane bir hik\u00e2ye.\u201d Bookseller \u201cLeonard\u2019\u0131n al\u0131\u015f\u0131lmad\u0131k mizah\u0131, cana yak\u0131n karakterleri ve yu\u0308rek hoplatan maceralar\u0131yla B\u00f6cek Krali\u00e7e, sizi hayal k\u0131r\u0131kl\u0131\u011f\u0131na u\u011fratmayacak.\u201d Guardian   \u201cHem k\u0131z, hem erkek \u00e7ocuklar\u0131 \u2013hem de yeti\u015fkinler\u2013 i\u00e7in muhte\u015fem bir \u00f6yku\u0308.\u201d The Sun <\/p>\n","protected":false},"excerpt":{"rendered":"<p>Darkus art\u0131k insanlar\u0131 anlayam\u0131yor. Bulmak i\u00e7in onca macera ya\u015fad\u0131\u011f\u0131 babas\u0131, nas\u0131l olur da zalim LucretiaCutter\u2019\u0131n yan\u0131na geri d\u00f6nmek ister! Yakla\u015fan tehlikenin fark\u0131na varan Darkus, Virginia ve<span class=\"excerpt-hellip\"> [\u2026]<\/span><\/p>\n","protected":false},"featured_media":0,"template":"","meta":{"_monsterinsights_skip_tracking":false,"_monsterinsights_sitenote_active":false,"_monsterinsights_sitenote_note":"","_monsterinsights_sitenote_category":0},"product_brand":[],"product_cat":[12274,12284],"product_tag":[],"class_list":{"0":"post-779038","1":"product","2":"type-product","3":"status-publish","5":"product_cat-cocuk-ve-genclik-kitaplari","6":"product_cat-hikayeler","7":"pa_cilt-ciltsiz","8":"pa_tur-kitap","9":"pa_yayinevi-domingo-yayinevi","10":"pa_yazar-m-g-leonard","12":"first","13":"instock","14":"sale","15":"shipping-taxable","16":"purchasable","17":"product-type-simple"},"_links":{"self":[{"href":"https:\/\/roveyayinevi.com.tr\/index.php\/wp-json\/wp\/v2\/product\/779038","targetHints":{"allow":["GET"]}}],"collection":[{"href":"https:\/\/roveyayinevi.com.tr\/index.php\/wp-json\/wp\/v2\/product"}],"about":[{"href":"https:\/\/roveyayinevi.com.tr\/index.php\/wp-json\/wp\/v2\/types\/product"}],"wp:attachment":[{"href":"https:\/\/roveyayinevi.com.tr\/index.php\/wp-json\/wp\/v2\/media?parent=779038"}],"wp:term":[{"taxonomy":"product_brand","embeddable":true,"href":"https:\/\/roveyayinevi.com.tr\/index.php\/wp-json\/wp\/v2\/product_brand?post=779038"},{"taxonomy":"product_cat","embeddable":true,"href":"https:\/\/roveyayinevi.com.tr\/index.php\/wp-json\/wp\/v2\/product_cat?post=779038"},{"taxonomy":"product_tag","embeddable":true,"href":"https:\/\/roveyayinevi.com.tr\/index.php\/wp-json\/wp\/v2\/product_tag?post=779038"}],"curies":[{"name":"wp","href":"https:\/\/api.w.org\/{rel}","templated":true}]}}