{"id":779037,"date":"2025-12-30T10:17:52","date_gmt":"2025-12-30T07:17:52","guid":{"rendered":"https:\/\/roveyayinevi.com.tr\/index.php\/urun\/istanbul-hikayeleri\/"},"modified":"2026-04-16T02:23:58","modified_gmt":"2026-04-15T23:23:58","slug":"istanbul-hikayeleri","status":"publish","type":"product","link":"https:\/\/roveyayinevi.com.tr\/index.php\/urun\/istanbul-hikayeleri\/","title":{"rendered":"\u0130stanbul Hikayeleri"},"content":{"rendered":"<p>Peyami Safa\u2019n\u0131n \u0130stanbul Hik\u00e2yeleri 36 hik\u00e2yeden olu\u015fmaktad\u0131r. \u0130lk olarak 1924\u2019te yay\u0131mlan hik\u00e2yelerde anlat\u0131lan olaylar\u0131n neredeyse tamam\u0131nda mek\u00e2n \u0130stanbul\u2019dur. Fakat hik\u00e2ye edilenler sadece \u0130stanbul\u2019un de\u011fil, b\u00fct\u00fcn \u00fclkenin ortak sorunlar\u0131d\u0131r. 19. y\u00fczy\u0131ldan itibaren ya\u015fanan medeniyet de\u011fi\u015fiminin sanc\u0131lar\u0131, kad\u0131n erkek ili\u015fkileri, Bat\u0131l\u0131la\u015fmadaki problemler, tecr\u00fcbesiz gen\u00e7lerin ya\u015fad\u0131klar\u0131 s\u0131k\u0131nt\u0131lar gibi daha pek \u00e7ok olgu ve olay bu hik\u00e2yelere konu olmu\u015ftur. \u0130stanbul Hik\u00e2yeleri, Peyami Safa\u2019n\u0131n sanat ve d\u00fcnya g\u00f6r\u00fc\u015f\u00fcn\u00fcn izlerini ta\u015f\u0131d\u0131\u011f\u0131 gibi, daha sonra ortaya koyaca\u011f\u0131 eserler hakk\u0131nda okuyucusuna baz\u0131 k\u00fc\u00e7\u00fck ipu\u00e7lar\u0131 da vermektedir.<\/p>\n","protected":false},"excerpt":{"rendered":"<p>Peyami Safa\u2019n\u0131n \u0130stanbul Hik\u00e2yeleri 36 hik\u00e2yeden olu\u015fmaktad\u0131r. \u0130lk olarak 1924\u2019te yay\u0131mlan hik\u00e2yelerde anlat\u0131lan olaylar\u0131n neredeyse tamam\u0131nda mek\u00e2n \u0130stanbul\u2019dur. Fakat hik\u00e2ye edilenler sadece \u0130stanbul\u2019un de\u011fil, b\u00fct\u00fcn \u00fclkenin<span class=\"excerpt-hellip\"> [\u2026]<\/span><\/p>\n","protected":false},"featured_media":0,"template":"","meta":{"_monsterinsights_skip_tracking":false,"_monsterinsights_sitenote_active":false,"_monsterinsights_sitenote_note":"","_monsterinsights_sitenote_category":0},"product_brand":[],"product_cat":[12291,12711],"product_tag":[],"class_list":{"0":"post-779037","1":"product","2":"type-product","3":"status-publish","5":"product_cat-edebiyat","6":"product_cat-roman-oyku","7":"pa_cilt-ciltsiz","8":"pa_tur-kitap","9":"pa_yayinevi-otuken-nesriyat","10":"pa_yazar-peyami-safa","12":"first","13":"instock","14":"sale","15":"shipping-taxable","16":"purchasable","17":"product-type-simple"},"_links":{"self":[{"href":"https:\/\/roveyayinevi.com.tr\/index.php\/wp-json\/wp\/v2\/product\/779037","targetHints":{"allow":["GET"]}}],"collection":[{"href":"https:\/\/roveyayinevi.com.tr\/index.php\/wp-json\/wp\/v2\/product"}],"about":[{"href":"https:\/\/roveyayinevi.com.tr\/index.php\/wp-json\/wp\/v2\/types\/product"}],"wp:attachment":[{"href":"https:\/\/roveyayinevi.com.tr\/index.php\/wp-json\/wp\/v2\/media?parent=779037"}],"wp:term":[{"taxonomy":"product_brand","embeddable":true,"href":"https:\/\/roveyayinevi.com.tr\/index.php\/wp-json\/wp\/v2\/product_brand?post=779037"},{"taxonomy":"product_cat","embeddable":true,"href":"https:\/\/roveyayinevi.com.tr\/index.php\/wp-json\/wp\/v2\/product_cat?post=779037"},{"taxonomy":"product_tag","embeddable":true,"href":"https:\/\/roveyayinevi.com.tr\/index.php\/wp-json\/wp\/v2\/product_tag?post=779037"}],"curies":[{"name":"wp","href":"https:\/\/api.w.org\/{rel}","templated":true}]}}