{"id":779034,"date":"2025-12-30T10:16:01","date_gmt":"2025-12-30T07:16:01","guid":{"rendered":"https:\/\/roveyayinevi.com.tr\/index.php\/urun\/soz-ucar-screenshot-kalir\/"},"modified":"2026-04-16T02:22:57","modified_gmt":"2026-04-15T23:22:57","slug":"soz-ucar-screenshot-kalir","status":"publish","type":"product","link":"https:\/\/roveyayinevi.com.tr\/index.php\/urun\/soz-ucar-screenshot-kalir\/","title":{"rendered":"S\u00f6z U\u00e7ar Screenshot Kal\u0131r"},"content":{"rendered":"<p>Ta\u015f\u0131nacak bir \u015feyler bulmal\u0131s\u0131n\u0131z. Bavulunuza s\u0131\u011fmal\u0131 hayalleriniz. Geride b\u0131rak\u0131n her \u015feyi. Ya\u015fam \u00e7ok h\u0131zl\u0131. \u00c7ok, \u00e7ok h\u0131zl\u0131, biliyorsunuz siz de; ink\u00e2r etmeyin! Bedeninizde gizledi\u011finiz b\u00fct\u00fcn yalanlar\u0131, b\u00fcy\u00fck ya\u015famlar\u0131, b\u00fct\u00fcn kayg\u0131l\u0131 d\u00fc\u015f\u00fcncelerinizi, plans\u0131z ve kimyas\u0131z arg\u00fcmanlar\u0131n\u0131z\u0131 doldurun ruhunuza ve terk edin k\u00e2inat\u0131&#8230; <\/p>\n","protected":false},"excerpt":{"rendered":"<p>Ta\u015f\u0131nacak bir \u015feyler bulmal\u0131s\u0131n\u0131z. Bavulunuza s\u0131\u011fmal\u0131 hayalleriniz. Geride b\u0131rak\u0131n her \u015feyi. Ya\u015fam \u00e7ok h\u0131zl\u0131. \u00c7ok, \u00e7ok h\u0131zl\u0131, biliyorsunuz siz de; ink\u00e2r etmeyin! Bedeninizde gizledi\u011finiz b\u00fct\u00fcn yalanlar\u0131,<span class=\"excerpt-hellip\"> [\u2026]<\/span><\/p>\n","protected":false},"featured_media":0,"template":"","meta":{"_monsterinsights_skip_tracking":false,"_monsterinsights_sitenote_active":false,"_monsterinsights_sitenote_note":"","_monsterinsights_sitenote_category":0},"product_brand":[],"product_cat":[12777,12291],"product_tag":[],"class_list":{"0":"post-779034","1":"product","2":"type-product","3":"status-publish","5":"product_cat-deneme","6":"product_cat-edebiyat","7":"pa_cilt-ciltsiz","8":"pa_tur-kitap","9":"pa_yayinevi-ephesus-yayinlari","10":"pa_yazar-yusuf-pilic","12":"first","13":"instock","14":"sale","15":"shipping-taxable","16":"purchasable","17":"product-type-simple"},"_links":{"self":[{"href":"https:\/\/roveyayinevi.com.tr\/index.php\/wp-json\/wp\/v2\/product\/779034","targetHints":{"allow":["GET"]}}],"collection":[{"href":"https:\/\/roveyayinevi.com.tr\/index.php\/wp-json\/wp\/v2\/product"}],"about":[{"href":"https:\/\/roveyayinevi.com.tr\/index.php\/wp-json\/wp\/v2\/types\/product"}],"wp:attachment":[{"href":"https:\/\/roveyayinevi.com.tr\/index.php\/wp-json\/wp\/v2\/media?parent=779034"}],"wp:term":[{"taxonomy":"product_brand","embeddable":true,"href":"https:\/\/roveyayinevi.com.tr\/index.php\/wp-json\/wp\/v2\/product_brand?post=779034"},{"taxonomy":"product_cat","embeddable":true,"href":"https:\/\/roveyayinevi.com.tr\/index.php\/wp-json\/wp\/v2\/product_cat?post=779034"},{"taxonomy":"product_tag","embeddable":true,"href":"https:\/\/roveyayinevi.com.tr\/index.php\/wp-json\/wp\/v2\/product_tag?post=779034"}],"curies":[{"name":"wp","href":"https:\/\/api.w.org\/{rel}","templated":true}]}}