{"id":779033,"date":"2025-12-30T10:15:12","date_gmt":"2025-12-30T07:15:12","guid":{"rendered":"https:\/\/roveyayinevi.com.tr\/index.php\/urun\/turkiyenin-180-yili-turkiye-uzerine-notlar-1838-2018\/"},"modified":"2025-12-30T10:15:12","modified_gmt":"2025-12-30T07:15:12","slug":"turkiyenin-180-yili-turkiye-uzerine-notlar-1838-2018","status":"publish","type":"product","link":"https:\/\/roveyayinevi.com.tr\/index.php\/urun\/turkiyenin-180-yili-turkiye-uzerine-notlar-1838-2018\/","title":{"rendered":"\u201cT\u00fcrkiye\u2019nin 180 Y\u0131l\u0131\u201d T\u00fcrkiye \u00dczerine Notlar,  1838-2018"},"content":{"rendered":"<p>2005 y\u0131l\u0131ndan beri 36 bask\u0131s\u0131yla muazzam bir performans yakalayan bu muhte\u015fem kitap, 2018 y\u0131l\u0131n\u0131 da i\u00e7ine alacak \u015fekilde bir\u00e7ok yeni konu ile g\u00fcncellenerek 37\u2019nci bask\u0131s\u0131yla tekrar yay\u0131nlan\u0131yor. T\u00fcrkiye\u2019nin 1838\u2019den ba\u015flayarak 2018\u2019e kadar 180 y\u0131ll\u0131k s\u00fcrecini mercek alt\u0131na al\u0131yor. Bir \u00fclke, 180 y\u0131l \u00f6nce ya\u015fad\u0131\u011f\u0131 ko\u015fullar\u0131n benzerini yeniden ya\u015fayabilir mi? Yok olman\u0131n kenar\u0131na gelmi\u015f bir \u00fclke, kurtulu\u015funu sa\u011flay\u0131p g\u00fc\u00e7l\u00fc bir gelece\u011fe y\u00f6nelmi\u015fken yeniden ayn\u0131 yere d\u00f6ner mi? \u00dclke y\u00f6netimine gelen insanlar, \u00fclkelerini bilerek neden u\u00e7uruma s\u00fcr\u00fckler? Bir \u00fclke 2 as\u0131r \u00f6ncesini nas\u0131l yeniden ya\u015far? Bunun d\u00fcnyada bir \u00f6rne\u011fi var m\u0131d\u0131r? Metin Aydo\u011fan, 1838\u2019den ba\u015flatt\u0131\u011f\u0131 incelemesinde bu sorulara yan\u0131t veriyor ve yan\u0131t\u0131n\u0131 bu k\u00fc\u00e7\u00fck kitapta kan\u0131tlamay\u0131 ba\u015far\u0131yor. B\u00fcy\u00fck bir imparatorlu\u011fun \u00e7\u00f6k\u00fc\u015f nedenlerini irdelemekle i\u015fe ba\u015fl\u0131yor. Tanzimat ve Islahat Fermanlar\u0131n\u0131, T\u00fcrk-\u0130ngiliz Serbest Ticaret Anla\u015fmas\u0131n\u0131, par\u00e7alanmay\u0131 ve i\u015fgali ele al\u0131p; kurtulu\u015fu ve kurulu\u015fu yani mucizeyi inceliyor. Geri d\u00f6n\u00fc\u015f s\u00fcrecini ve ihanet uygulamalar\u0131n\u0131 ortaya serip bug\u00fcne geliyor. Yeniden kurtulu\u015f i\u00e7in ne yap\u0131lmas\u0131 gerekti\u011fini anlat\u0131yor. Yarg\u0131lar\u0131n\u0131 bilgi topu haline getiriyor ve okurlar\u0131na iletiyor. Osmanl\u0131\u2019n\u0131n son d\u00f6nemini, bug\u00fcne nas\u0131l gelindi\u011fini ve \u00fclkenin nereye gitti\u011fini g\u00f6steriyor. Ayd\u0131nlar\u0131 g\u00f6reve \u00e7a\u011f\u0131r\u0131yor. Herkesin anlayaca\u011f\u0131 bir dille, yurtseverli\u011fin ideolojisini olu\u015fturuyor. \u2022 1838 T\u00fcrk-\u0130ngiliz Serbest Ticaret Anla\u015fmas\u0131\u2019yla AB G\u00fcmr\u00fck Birli\u011fi Protokol\u00fc aras\u0131ndaki benzerlikler nelerdir? Ekonomik \u00e7\u00f6k\u00fc\u015fe yol a\u00e7an bir anla\u015fma, 157 aradan sonra yeniden nas\u0131l yap\u0131l\u0131r? Bu nas\u0131l a\u00e7\u0131klan\u0131r? \u2022 1839 Tanzimat ve 1856 Islahat Fermanlar\u0131yla, AB uyum yasalar\u0131 aras\u0131nda benzerlik var m\u0131d\u0131r? \u2022 Emperyalizmin askeri i\u015fgaline u\u011fram\u0131\u015f sava\u015f yorgunu yoksul bir ulus, kurtulu\u015funu sa\u011flay\u0131p mazlum uluslara evrensel bir devrim \u00f6rne\u011fi sunmu\u015fken, bug\u00fcne nas\u0131l gelir? \u2022 Kemalist Kalk\u0131nma Y\u00f6ntemi nedir? E\u011fitimde, sa\u011fl\u0131kta, sanayile\u015fmede, tar\u0131mda, neler yapm\u0131\u015ft\u0131r? \u2022 Geri d\u00f6n\u00fc\u015f s\u00fcreci ne zaman ba\u015flad\u0131? \u0130n\u00f6n\u00fc, Menderes, Demirel, Ecevit, \u00d6zal, \u00c7iller\u2026 d\u00f6nemlerinde neler yap\u0131ld\u0131? 12 Eyl\u00fcl neydi? Kemal Dervi\u015f\u2019i T\u00fcrkiye\u2019ye kimler g\u00f6nderdi? \u2022 AKP, kimler taraf\u0131ndan ne ama\u00e7la kuruldu? \u00d6nceki partilerden fark\u0131 neydi? \u2022 Son 16 y\u0131lda, ne kadar devlet i\u015fletmesi, kimlere hangi bedelle sat\u0131ld\u0131? Yabanc\u0131lar ne kadar toprak ald\u0131? T\u00fcrkiye\u2019nin borcu nereye vard\u0131? Ulusal bankalar ve \u015firketler kimlere sat\u0131ld\u0131? \u2022 15 Temmuz darbe giri\u015fimi, OHAL kararlar\u0131, ordu birimlerinin tasfiyesi ve kararnamelerle \u00fclke y\u00f6netmek ne anlama geliyor? T\u00fcrkiye nereye gidiyor? Ne yapmak gerekiyor? \u2022 Varl\u0131k Fonu, \u0130ngiltere\u2019ye g\u00f6nderilen 450 ton Hazine Alt\u0131n\u0131, k\u00f6pr\u00fc ve otoyol zararlar\u0131, \u015eehir Hastaneleri ve Kanal \u0130stanbul nedir? Bunlar, T\u00fcrk halk\u0131n\u0131 nas\u0131l etkileyecek? Size \u015fa\u015f\u0131rt\u0131c\u0131 gelecek ama bu sorular\u0131n yan\u0131tlar\u0131n\u0131 bu kitapta bulacaks\u0131n\u0131z \u0130yi okumalar diliyoruz\u2026     <\/p>\n","protected":false},"excerpt":{"rendered":"<p>2005 y\u0131l\u0131ndan beri 36 bask\u0131s\u0131yla muazzam bir performans yakalayan bu muhte\u015fem kitap, 2018 y\u0131l\u0131n\u0131 da i\u00e7ine alacak \u015fekilde bir\u00e7ok yeni konu ile g\u00fcncellenerek 37\u2019nci bask\u0131s\u0131yla tekrar<span class=\"excerpt-hellip\"> [\u2026]<\/span><\/p>\n","protected":false},"featured_media":0,"template":"","meta":{"_monsterinsights_skip_tracking":false,"_monsterinsights_sitenote_active":false,"_monsterinsights_sitenote_note":"","_monsterinsights_sitenote_category":0},"product_brand":[],"product_cat":[13590,12337],"product_tag":[],"class_list":{"0":"post-779033","1":"product","2":"type-product","3":"status-publish","5":"product_cat-arastirma-inceleme-politika-siyaset","6":"product_cat-politika-siyaset","7":"pa_cilt-ciltsiz","8":"pa_tur-kitap","9":"pa_yayinevi-galeati-yayincilik","10":"pa_yazar-metin-aydogan","12":"first","13":"instock","14":"sale","15":"shipping-taxable","16":"purchasable","17":"product-type-simple"},"_links":{"self":[{"href":"https:\/\/roveyayinevi.com.tr\/index.php\/wp-json\/wp\/v2\/product\/779033","targetHints":{"allow":["GET"]}}],"collection":[{"href":"https:\/\/roveyayinevi.com.tr\/index.php\/wp-json\/wp\/v2\/product"}],"about":[{"href":"https:\/\/roveyayinevi.com.tr\/index.php\/wp-json\/wp\/v2\/types\/product"}],"wp:attachment":[{"href":"https:\/\/roveyayinevi.com.tr\/index.php\/wp-json\/wp\/v2\/media?parent=779033"}],"wp:term":[{"taxonomy":"product_brand","embeddable":true,"href":"https:\/\/roveyayinevi.com.tr\/index.php\/wp-json\/wp\/v2\/product_brand?post=779033"},{"taxonomy":"product_cat","embeddable":true,"href":"https:\/\/roveyayinevi.com.tr\/index.php\/wp-json\/wp\/v2\/product_cat?post=779033"},{"taxonomy":"product_tag","embeddable":true,"href":"https:\/\/roveyayinevi.com.tr\/index.php\/wp-json\/wp\/v2\/product_tag?post=779033"}],"curies":[{"name":"wp","href":"https:\/\/api.w.org\/{rel}","templated":true}]}}