{"id":779031,"date":"2025-12-30T10:14:54","date_gmt":"2025-12-30T07:14:54","guid":{"rendered":"https:\/\/roveyayinevi.com.tr\/index.php\/urun\/yatagini-topla\/"},"modified":"2025-12-30T10:14:54","modified_gmt":"2025-12-30T07:14:54","slug":"yatagini-topla","status":"publish","type":"product","link":"https:\/\/roveyayinevi.com.tr\/index.php\/urun\/yatagini-topla\/","title":{"rendered":"Yata\u011f\u0131n\u0131 Topla"},"content":{"rendered":"<p>Her sabah yata\u011f\u0131n\u0131z\u0131 toplarsan\u0131z g\u00fcn\u00fcn ilk g\u00f6revini yerine getirmi\u015f olursunuz. Bunu yapmak sizi az\u0131c\u0131k da olsa gururland\u0131racak ve di\u011fer i\u015fleri de teker teker yapman\u0131z i\u00e7in te\u015fvik edecektir. G\u00fcn\u00fcn sonunda o k\u00fc\u00e7\u00fcc\u00fck ad\u0131m, yerine getirilmi\u015f pek \u00e7ok g\u00f6reve d\u00f6n\u00fc\u015fecektir. Yata\u011f\u0131n\u0131z\u0131 toplamak ayn\u0131 zamanda hayatta k\u00fc\u00e7\u00fck \u015feylerin de \u00f6neminin oldu\u011fu ger\u00e7e\u011fini peki\u015ftirecektir. E\u011fer k\u00fc\u00e7\u00fck i\u015fleri do\u011fru \u015fekilde yapamazsan\u0131z daha b\u00fcy\u00fcklerini asla yapamazs\u0131n\u0131z.\u2014AM\u0130RAL McRAVEN\u2019IN TEKSAS \u00dcN\u0130VERS\u0130TES\u0130 D\u0130PLOMA T\u00d6REN\u0130 A\u00c7ILI\u015e KONU\u015eMASINDAN17 May\u0131s 2014\u2019te Amiral William H. McRaven, Austin\u2019deki Teksas \u00dcniversitesi\u2019nin diploma t\u00f6reninde a\u00e7\u0131l\u0131\u015f konu\u015fmas\u0131 yapt\u0131. \u00dcniversitenin \u201cBurada ba\u015flayan \u015fey d\u00fcnyay\u0131 de\u011fi\u015ftirir\u201d slogan\u0131ndan ilham alan McRaven, kendisine yaln\u0131zca Donanma SEAL e\u011fitimlerinde ve uzun denizcilik kariyerinde de\u011fil, hayatta kar\u015f\u0131la\u015ft\u0131\u011f\u0131 zorluklar kar\u015f\u0131s\u0131nda da yard\u0131mc\u0131 olan on prensibi payla\u015ft\u0131 ve bu temel prensipleri insanlar\u0131n kendilerini \u2013ve d\u00fcnyay\u0131\u2013 de\u011fi\u015ftirirken nas\u0131l kullanabileceklerini a\u00e7\u0131klad\u0131.Sonras\u0131nda konu\u015fmas\u0131 internette viral hale geldi ve 10 milyondan fazla kez izlendi. McRaven bu kitapta hem kendi hik\u00e2yelerini hem de asker olarak hizmet verdi\u011fi s\u00fcre i\u00e7inde tan\u0131\u015ft\u0131\u011f\u0131, zorluklar\u0131n \u00fcstesinden gelen ve azimle, \u015fefkatle, \u015ferefle, cesaretle zor kararlar alan insanlar\u0131n hik\u00e2yelerini anlat\u0131yor. <\/p>\n","protected":false},"excerpt":{"rendered":"<p>Her sabah yata\u011f\u0131n\u0131z\u0131 toplarsan\u0131z g\u00fcn\u00fcn ilk g\u00f6revini yerine getirmi\u015f olursunuz. Bunu yapmak sizi az\u0131c\u0131k da olsa gururland\u0131racak ve di\u011fer i\u015fleri de teker teker yapman\u0131z i\u00e7in te\u015fvik<span class=\"excerpt-hellip\"> [\u2026]<\/span><\/p>\n","protected":false},"featured_media":0,"template":"","meta":{"_monsterinsights_skip_tracking":false,"_monsterinsights_sitenote_active":false,"_monsterinsights_sitenote_note":"","_monsterinsights_sitenote_category":0},"product_brand":[],"product_cat":[12364,12376],"product_tag":[],"class_list":{"0":"post-779031","1":"product","2":"type-product","3":"status-publish","5":"product_cat-genel-konular","6":"product_cat-kisisel-gelisim","7":"pa_cilt-ciltsiz","8":"pa_tur-kitap","9":"pa_yayinevi-pegasus-yayinlari","10":"pa_yazar-william-h-mcraven","12":"first","13":"instock","14":"sale","15":"shipping-taxable","16":"purchasable","17":"product-type-simple"},"_links":{"self":[{"href":"https:\/\/roveyayinevi.com.tr\/index.php\/wp-json\/wp\/v2\/product\/779031","targetHints":{"allow":["GET"]}}],"collection":[{"href":"https:\/\/roveyayinevi.com.tr\/index.php\/wp-json\/wp\/v2\/product"}],"about":[{"href":"https:\/\/roveyayinevi.com.tr\/index.php\/wp-json\/wp\/v2\/types\/product"}],"wp:attachment":[{"href":"https:\/\/roveyayinevi.com.tr\/index.php\/wp-json\/wp\/v2\/media?parent=779031"}],"wp:term":[{"taxonomy":"product_brand","embeddable":true,"href":"https:\/\/roveyayinevi.com.tr\/index.php\/wp-json\/wp\/v2\/product_brand?post=779031"},{"taxonomy":"product_cat","embeddable":true,"href":"https:\/\/roveyayinevi.com.tr\/index.php\/wp-json\/wp\/v2\/product_cat?post=779031"},{"taxonomy":"product_tag","embeddable":true,"href":"https:\/\/roveyayinevi.com.tr\/index.php\/wp-json\/wp\/v2\/product_tag?post=779031"}],"curies":[{"name":"wp","href":"https:\/\/api.w.org\/{rel}","templated":true}]}}