{"id":779029,"date":"2025-12-30T10:14:09","date_gmt":"2025-12-30T07:14:09","guid":{"rendered":"https:\/\/roveyayinevi.com.tr\/index.php\/urun\/zaman-hirsizi-3\/"},"modified":"2026-01-26T02:35:48","modified_gmt":"2026-01-25T23:35:48","slug":"zaman-hirsizi-3","status":"publish","type":"product","link":"https:\/\/roveyayinevi.com.tr\/index.php\/urun\/zaman-hirsizi-3\/","title":{"rendered":"Zaman H\u0131rs\u0131z\u0131"},"content":{"rendered":"<p>10 ya\u015f\u0131nda, s\u0131radan bir \u00e7ocuk olan EDU\u2019nun ya\u015fam\u0131, 6 Ekim\u2019in takvimlerden silinmesiyle bir anda de\u011fi\u015fir;  Sonsuza dek 10 ya\u015f\u0131nda mahsur kalm\u0131\u015ft\u0131r! Do\u011fum g\u00fcn\u00fcn\u00fc geri almak i\u00e7in Yasak \u015eeyler D\u00fckkan\u0131\u2019na gider ve sat\u0131c\u0131dan bir Zaman Emici al\u0131r. B\u00f6ylece Edu, \u00e7alarak biriktirdi\u011fi mutlu anlar sayesinde becerikli bir zaman avc\u0131s\u0131 olup \u00e7\u0131kar! \u0130lk ba\u015fta her \u015fey yolunda gitse de Edu, sonunda hayatta nelerin ger\u00e7ekten de\u011ferli oldu\u011funa karar vermek zorunda kal\u0131r. Zamana dair evrensel ve \u00f6zg\u00fcn bir ba\u015fyap\u0131t! \u00dcstelik sadece \u00e7ocuklar i\u00e7in de\u011fil, b\u00fcy\u00fcmek istemeyen yeti\u015fkinler i\u00e7in de e\u011flenceli ve ilham verici! <\/p>\n","protected":false},"excerpt":{"rendered":"<p>10 ya\u015f\u0131nda, s\u0131radan bir \u00e7ocuk olan EDU\u2019nun ya\u015fam\u0131, 6 Ekim\u2019in takvimlerden silinmesiyle bir anda de\u011fi\u015fir; Sonsuza dek 10 ya\u015f\u0131nda mahsur kalm\u0131\u015ft\u0131r! Do\u011fum g\u00fcn\u00fcn\u00fc geri almak i\u00e7in<span class=\"excerpt-hellip\"> [\u2026]<\/span><\/p>\n","protected":false},"featured_media":0,"template":"","meta":{"_monsterinsights_skip_tracking":false,"_monsterinsights_sitenote_active":false,"_monsterinsights_sitenote_note":"","_monsterinsights_sitenote_category":0},"product_brand":[],"product_cat":[12291,14777],"product_tag":[],"class_list":{"0":"post-779029","1":"product","2":"type-product","3":"status-publish","5":"product_cat-edebiyat","6":"product_cat-fantastik","7":"pa_cilt-ciltsiz","8":"pa_tur-kitap","9":"pa_yayinevi-dogan-egmont-yayincilik","10":"pa_yazar-david-lozano","12":"first","13":"instock","14":"sale","15":"shipping-taxable","16":"purchasable","17":"product-type-simple"},"_links":{"self":[{"href":"https:\/\/roveyayinevi.com.tr\/index.php\/wp-json\/wp\/v2\/product\/779029","targetHints":{"allow":["GET"]}}],"collection":[{"href":"https:\/\/roveyayinevi.com.tr\/index.php\/wp-json\/wp\/v2\/product"}],"about":[{"href":"https:\/\/roveyayinevi.com.tr\/index.php\/wp-json\/wp\/v2\/types\/product"}],"wp:attachment":[{"href":"https:\/\/roveyayinevi.com.tr\/index.php\/wp-json\/wp\/v2\/media?parent=779029"}],"wp:term":[{"taxonomy":"product_brand","embeddable":true,"href":"https:\/\/roveyayinevi.com.tr\/index.php\/wp-json\/wp\/v2\/product_brand?post=779029"},{"taxonomy":"product_cat","embeddable":true,"href":"https:\/\/roveyayinevi.com.tr\/index.php\/wp-json\/wp\/v2\/product_cat?post=779029"},{"taxonomy":"product_tag","embeddable":true,"href":"https:\/\/roveyayinevi.com.tr\/index.php\/wp-json\/wp\/v2\/product_tag?post=779029"}],"curies":[{"name":"wp","href":"https:\/\/api.w.org\/{rel}","templated":true}]}}