{"id":779027,"date":"2025-12-30T10:13:56","date_gmt":"2025-12-30T07:13:56","guid":{"rendered":"https:\/\/roveyayinevi.com.tr\/index.php\/urun\/istanbulun-irgatlari-ii-mesrutiyette-sosyalist-bir-isci-orgutu\/"},"modified":"2026-04-16T02:21:49","modified_gmt":"2026-04-15T23:21:49","slug":"istanbulun-irgatlari-ii-mesrutiyette-sosyalist-bir-isci-orgutu","status":"publish","type":"product","link":"https:\/\/roveyayinevi.com.tr\/index.php\/urun\/istanbulun-irgatlari-ii-mesrutiyette-sosyalist-bir-isci-orgutu\/","title":{"rendered":"\u0130stanbul&#8217;un Irgatlar\u0131 II. Me\u015frutiyet\u2019te Sosyalist Bir \u0130\u015f\u00e7i \u00d6rg\u00fct\u00fc"},"content":{"rendered":"<p>\u0130stanbul\u2019un Irgatlar\u0131, Osmanl\u0131 \u0130mparatorlu\u011fu\u2019nun gu\u0308nbat\u0131m\u0131nda, farkl\u0131 milliyet\u00e7ilikler aras\u0131ndaki rekabet\u00e7i \u00e7at\u0131\u015fmalara teslim olmayan alternatif bir ufuk ihtimalini, \u0130stanbul\u2019un ilk sosyalist \u00f6rgu\u0308tlenmesi say\u0131labilecek bir ku\u0308menin faaliyetleri arac\u0131l\u0131\u011f\u0131yla okuyucuya sunuyor. II. Me\u015frutiyet \u0130stanbul\u2019unda \u00f6zgu\u0308n bir i\u015f\u00e7i s\u0131n\u0131f\u0131 \u00f6rgu\u0308tlenmesi \u00e7abas\u0131 yu\u0308ru\u0308ten, a\u011f\u0131rl\u0131\u011f\u0131n\u0131 Rumlar\u0131n olu\u015fturdu\u011fu Tu\u0308rkiye Sosyalist Merkezi ve ard\u0131llar\u0131 bu \u00e7al\u0131\u015fman\u0131n oda\u011f\u0131nda yer al\u0131yor.   \u0130stanbul\u2019un ilk 1 May\u0131s kutlamas\u0131ndan, enternasyonal konferanslara, Osmanl\u0131 meclisindeki sosyalizm tart\u0131\u015fmalar\u0131ndan tabandan i\u015f\u00e7i \u00f6rgu\u0308tlenmeleri in\u015fas\u0131 \u00e7abalar\u0131na, okur bulu\u015fmalar\u0131ndan grevlere, Bomonti\u2019nin \u00e7ocuk i\u015f\u00e7ilerinden ilk sosyalist kad\u0131n \u00f6rgu\u0308tlenmesine, sosyal demokrasiden anarko sendikalizme, Bulgar sosyalistlerinden IWW militanlar\u0131na, \u0130stanbul\u2019dan, Selanik\u2019e, Sofya\u2019ya, Atina\u2019ya, Berlin\u2019e, Paris\u2019e ve hatta Chicago\u2019ya, Tu\u0308rkiye Sosyalist Merkezi geni\u015f bir zemine yay\u0131lacak bir tecru\u0308beye bas\u0131lan ilk ad\u0131m\u0131 te\u015fkil ediyor.   \u0130stanbul\u2019un Irgatlar\u0131\u2019n\u0131n geni\u015fletilmi\u015f yeni bask\u0131s\u0131, ilk bask\u0131dan \u00e7o\u011fu \u015fimdiye dek incelenmemi\u015f yeni kaynaklar\u0131n anlat\u0131ya eklenmesiyle farkl\u0131la\u015fmakta. Bu farkl\u0131 kaynaklar\u0131n yard\u0131m\u0131yla, II. Me\u015frutiyet d\u00f6nemi Osmanl\u0131 ba\u015fkentinde geli\u015fen i\u015f\u00e7i hareketinin \u00f6rgu\u0308tlenme, pratik ve ideolojik evrimini, farkl\u0131l\u0131k ve gerilimlerini ilk bask\u0131dan \u00e7ok daha canl\u0131 bir bi\u00e7imde tasvir edebilmeyi ba\u015far\u0131yor.   \u0130stanbul\u2019un Irgatlar\u0131\u2019nda berber \u00e7\u0131raklar\u0131, marangozlar, simit\u00e7iler, matbaac\u0131lar, kundurac\u0131lar, terziler, \u015femsiye i\u015f\u00e7ileri, \u00f6\u011fretmenler, liman i\u015f\u00e7ileri, Tu\u0308rkiye Sosyalist Merkezi\u2019nin yay\u0131n organ\u0131 olan O Ergatis\u2019in (Irgat) sayfalar\u0131ndan, \u0130stanbul\u2019un i\u015fliklerine, at\u00f6lyelerine ve sokaklar\u0131na ta\u015f\u0131yor, II. Me\u015frutiyet d\u00f6neminin i\u015f\u00e7i hareket ve \u00f6rgu\u0308tlenmelerinin faili ve tan\u0131\u011f\u0131 olarak \u201cezilenlerin gelene\u011fi\u201dnde unutulmu\u015f bir sayfay\u0131 g\u00f6zlerimizin \u00f6nu\u0308ne seriyorlar. <\/p>\n","protected":false},"excerpt":{"rendered":"<p>\u0130stanbul\u2019un Irgatlar\u0131, Osmanl\u0131 \u0130mparatorlu\u011fu\u2019nun gu\u0308nbat\u0131m\u0131nda, farkl\u0131 milliyet\u00e7ilikler aras\u0131ndaki rekabet\u00e7i \u00e7at\u0131\u015fmalara teslim olmayan alternatif bir ufuk ihtimalini, \u0130stanbul\u2019un ilk sosyalist \u00f6rgu\u0308tlenmesi say\u0131labilecek bir ku\u0308menin faaliyetleri arac\u0131l\u0131\u011f\u0131yla okuyucuya<span class=\"excerpt-hellip\"> [\u2026]<\/span><\/p>\n","protected":false},"featured_media":0,"template":"","meta":{"_monsterinsights_skip_tracking":false,"_monsterinsights_sitenote_active":false,"_monsterinsights_sitenote_note":"","_monsterinsights_sitenote_category":0},"product_brand":[],"product_cat":[13656,12337],"product_tag":[],"class_list":{"0":"post-779027","1":"product","2":"type-product","3":"status-publish","5":"product_cat-azinliklar-etnik-sorunlar","6":"product_cat-politika-siyaset","7":"pa_cilt-ciltsiz","8":"pa_tur-kitap","9":"pa_yayinevi-istos-yayincilik","10":"pa_yazar-stefo-benlisoy","12":"first","13":"instock","14":"sale","15":"shipping-taxable","16":"purchasable","17":"product-type-simple"},"_links":{"self":[{"href":"https:\/\/roveyayinevi.com.tr\/index.php\/wp-json\/wp\/v2\/product\/779027","targetHints":{"allow":["GET"]}}],"collection":[{"href":"https:\/\/roveyayinevi.com.tr\/index.php\/wp-json\/wp\/v2\/product"}],"about":[{"href":"https:\/\/roveyayinevi.com.tr\/index.php\/wp-json\/wp\/v2\/types\/product"}],"wp:attachment":[{"href":"https:\/\/roveyayinevi.com.tr\/index.php\/wp-json\/wp\/v2\/media?parent=779027"}],"wp:term":[{"taxonomy":"product_brand","embeddable":true,"href":"https:\/\/roveyayinevi.com.tr\/index.php\/wp-json\/wp\/v2\/product_brand?post=779027"},{"taxonomy":"product_cat","embeddable":true,"href":"https:\/\/roveyayinevi.com.tr\/index.php\/wp-json\/wp\/v2\/product_cat?post=779027"},{"taxonomy":"product_tag","embeddable":true,"href":"https:\/\/roveyayinevi.com.tr\/index.php\/wp-json\/wp\/v2\/product_tag?post=779027"}],"curies":[{"name":"wp","href":"https:\/\/api.w.org\/{rel}","templated":true}]}}