{"id":779026,"date":"2025-12-30T10:13:51","date_gmt":"2025-12-30T07:13:51","guid":{"rendered":"https:\/\/roveyayinevi.com.tr\/index.php\/urun\/macbeth-shakespeare-yeniden\/"},"modified":"2026-03-30T02:24:39","modified_gmt":"2026-03-29T23:24:39","slug":"macbeth-shakespeare-yeniden","status":"publish","type":"product","link":"https:\/\/roveyayinevi.com.tr\/index.php\/urun\/macbeth-shakespeare-yeniden\/","title":{"rendered":"Macbeth &#8211; Shakespeare Yeniden"},"content":{"rendered":"<p>Duff elini g\u00f6zlerine siper etti. G\u00f6z kama\u015ft\u0131ran \u0131\u015f\u0131\u011f\u0131n arkas\u0131nda bir kahkaha patlad\u0131 ve iri bir adam\u0131ng\u00f6lgesi r\u0131ht\u0131ma vurdu.Kahkahas\u0131ndan belliydi.Bu Macbeth\u2019ti. Elbette Macbeth\u2019ti. Karanl\u0131k, kasvetli ve ya\u011fmurlu bir kentte, \u00f6zel tim \u015fefi Macbeth ba\u015f\u0131n\u0131 kald\u0131rm\u0131\u015f, simsiyahg\u00f6ky\u00fcz\u00fcne bak\u0131yor. Uyu\u015fturucu baronu Hecate\u2019nin g\u00f6nderdi\u011fi \u00fc\u00e7 k\u0131z karde\u015fin kehanetini d\u00fc\u015f\u00fcn\u00fcyor. \u201cEmniyet m\u00fcd\u00fcr\u00fc olaca\u011f\u0131m\u0131 s\u00f6ylediler!\u201d Sevgilisi Lady kula\u011f\u0131na \u015fehvetle f\u0131s\u0131ld\u0131yor: \u201c\u00d6yleyse \u00f6n\u00fcne \u00e7\u0131kan herkesi  \u00f6ld\u00fcrmelisin.\u201d  \u0130ktidar ne b\u00fcy\u00fcl\u00fc bir iksir. Tad\u0131na bir kez bakan, sonsuza dek kendini kaybediyor. olisiyenin Norve\u00e7li efendisi Jo Nesbo\u2019dan, soluk solu\u011fa okunacak yepyeni bir Macbeth. Shakespeare\u2019in \u00e7a\u011flar\u0131 a\u015fan tragedyas\u0131 hi\u00e7 b\u00f6yle anlat\u0131lmam\u0131\u015ft\u0131. <\/p>\n","protected":false},"excerpt":{"rendered":"<p>Duff elini g\u00f6zlerine siper etti. G\u00f6z kama\u015ft\u0131ran \u0131\u015f\u0131\u011f\u0131n arkas\u0131nda bir kahkaha patlad\u0131 ve iri bir adam\u0131ng\u00f6lgesi r\u0131ht\u0131ma vurdu.Kahkahas\u0131ndan belliydi.Bu Macbeth\u2019ti. Elbette Macbeth\u2019ti. Karanl\u0131k, kasvetli ve ya\u011fmurlu<span class=\"excerpt-hellip\"> [\u2026]<\/span><\/p>\n","protected":false},"featured_media":0,"template":"","meta":{"_monsterinsights_skip_tracking":false,"_monsterinsights_sitenote_active":false,"_monsterinsights_sitenote_note":"","_monsterinsights_sitenote_category":0},"product_brand":[],"product_cat":[12291,12711],"product_tag":[],"class_list":{"0":"post-779026","1":"product","2":"type-product","3":"status-publish","5":"product_cat-edebiyat","6":"product_cat-roman-oyku","7":"pa_cilt-ciltsiz","8":"pa_tur-kitap","9":"pa_yayinevi-dogan-kitap","10":"pa_yazar-jo-nesbo","12":"first","13":"instock","14":"sale","15":"shipping-taxable","16":"purchasable","17":"product-type-simple"},"_links":{"self":[{"href":"https:\/\/roveyayinevi.com.tr\/index.php\/wp-json\/wp\/v2\/product\/779026","targetHints":{"allow":["GET"]}}],"collection":[{"href":"https:\/\/roveyayinevi.com.tr\/index.php\/wp-json\/wp\/v2\/product"}],"about":[{"href":"https:\/\/roveyayinevi.com.tr\/index.php\/wp-json\/wp\/v2\/types\/product"}],"wp:attachment":[{"href":"https:\/\/roveyayinevi.com.tr\/index.php\/wp-json\/wp\/v2\/media?parent=779026"}],"wp:term":[{"taxonomy":"product_brand","embeddable":true,"href":"https:\/\/roveyayinevi.com.tr\/index.php\/wp-json\/wp\/v2\/product_brand?post=779026"},{"taxonomy":"product_cat","embeddable":true,"href":"https:\/\/roveyayinevi.com.tr\/index.php\/wp-json\/wp\/v2\/product_cat?post=779026"},{"taxonomy":"product_tag","embeddable":true,"href":"https:\/\/roveyayinevi.com.tr\/index.php\/wp-json\/wp\/v2\/product_tag?post=779026"}],"curies":[{"name":"wp","href":"https:\/\/api.w.org\/{rel}","templated":true}]}}