{"id":779025,"date":"2025-12-30T10:13:05","date_gmt":"2025-12-30T07:13:05","guid":{"rendered":"https:\/\/roveyayinevi.com.tr\/index.php\/urun\/adli-psikolojide-gozlem-gorusme-ve-psikolojik-degerlendirme\/"},"modified":"2026-03-04T02:38:37","modified_gmt":"2026-03-03T23:38:37","slug":"adli-psikolojide-gozlem-gorusme-ve-psikolojik-degerlendirme","status":"publish","type":"product","link":"https:\/\/roveyayinevi.com.tr\/index.php\/urun\/adli-psikolojide-gozlem-gorusme-ve-psikolojik-degerlendirme\/","title":{"rendered":"Adli Psikolojide G\u00f6zlem &#8211; G\u00f6r\u00fc\u015fme ve Psikolojik De\u011ferlendirme"},"content":{"rendered":"<p>Psikoloji bilimi geli\u015ftirmi\u015f oldu\u011fu kuramlar\u0131n uygulama alan\u0131ndaki yans\u0131malar\u0131n\u0131, \u00f6zellikle klinik ve uygulamal\u0131 psikoloji alanlar\u0131nda g\u00f6zlem, g\u00f6r\u00fc\u015fme ve psikolojik de\u011ferlendirmeler ile ortaya koyar. Adli-psikolojik s\u00fcre\u00e7lerde bu uygulama ara\u00e7lar\u0131n\u0131n daha da \u00f6nemli oldu\u011funu s\u00f6ylemek do\u011fru olacakt\u0131r. Bu kitapta; adli psikoloji uygulamalar\u0131n\u0131n psikolojinin di\u011fer alanlar\u0131ndaki uygulamalar ile benzer ve farkl\u0131 y\u00f6nleri ele al\u0131nmakta, adli psikolojideki g\u00f6zlem, g\u00f6r\u00fc\u015fme ve de\u011ferlendirmede boyutlar\u0131 detayland\u0131r\u0131lmakta, adli psikolo\u011fun sahip olmas\u0131 gereken asgari beceriler ve bu becerilerin geli\u015ftirilmesi i\u00e7in f\u0131rsatlar ile adli psikolojik de\u011ferlendirmenin zorlu yollar\u0131, de\u011ferlendirmeye \u00f6zg\u00fc beceriler ve vaka \u00f6rnekleriyle beraber a\u00e7\u0131klanmaktad\u0131r.Bu kitap adli psikoloji alan\u0131nda \u00fc\u00e7 serilik kitaplar\u0131n ikincisidir. Adli s\u00fcre\u00e7lerde su\u00e7lu, ma\u011fdur, mahkum ve di\u011fer taraflara ili\u015fkin \u201cAdli Psikolojide G\u00f6zlem G\u00f6r\u00fc\u015fme ve Psikolojik De\u011ferlendirme\u201d kitab\u0131nda \u201cAdli S\u00fcre\u00e7lerde G\u00f6zlem ve G\u00f6r\u00fc\u015fme\u201d ve \u201cAdli S\u00fcre\u00e7lerde Psikolojik De\u011ferlendirme\u201d \u015feklinde ayr\u0131 ayr\u0131 incelenmi\u015ftir. Adli psikologlara, psikologlara, adli alanla ilgilenen uzmanlara ve uygulay\u0131c\u0131lara rehber olacak \u015fekilde konular zengin vaka \u00f6rnekleri ve etkile\u015fimsel olarak aktar\u0131lm\u0131\u015ft\u0131r. <\/p>\n","protected":false},"excerpt":{"rendered":"<p>Psikoloji bilimi geli\u015ftirmi\u015f oldu\u011fu kuramlar\u0131n uygulama alan\u0131ndaki yans\u0131malar\u0131n\u0131, \u00f6zellikle klinik ve uygulamal\u0131 psikoloji alanlar\u0131nda g\u00f6zlem, g\u00f6r\u00fc\u015fme ve psikolojik de\u011ferlendirmeler ile ortaya koyar. Adli-psikolojik s\u00fcre\u00e7lerde bu uygulama<span class=\"excerpt-hellip\"> [\u2026]<\/span><\/p>\n","protected":false},"featured_media":0,"template":"","meta":{"_monsterinsights_skip_tracking":false,"_monsterinsights_sitenote_active":false,"_monsterinsights_sitenote_note":"","_monsterinsights_sitenote_category":0},"product_brand":[],"product_cat":[12358,12357],"product_tag":[],"class_list":{"0":"post-779025","1":"product","2":"type-product","3":"status-publish","5":"product_cat-genel-psikoloji","6":"product_cat-psikoloji","7":"pa_cilt-ciltsiz","8":"pa_tur-kitap","9":"pa_yayinevi-nobel-akademik-yayincilik","10":"pa_yazar-emre-senol-durak-mithat-durak","12":"first","13":"instock","14":"sale","15":"shipping-taxable","16":"purchasable","17":"product-type-simple"},"_links":{"self":[{"href":"https:\/\/roveyayinevi.com.tr\/index.php\/wp-json\/wp\/v2\/product\/779025","targetHints":{"allow":["GET"]}}],"collection":[{"href":"https:\/\/roveyayinevi.com.tr\/index.php\/wp-json\/wp\/v2\/product"}],"about":[{"href":"https:\/\/roveyayinevi.com.tr\/index.php\/wp-json\/wp\/v2\/types\/product"}],"wp:attachment":[{"href":"https:\/\/roveyayinevi.com.tr\/index.php\/wp-json\/wp\/v2\/media?parent=779025"}],"wp:term":[{"taxonomy":"product_brand","embeddable":true,"href":"https:\/\/roveyayinevi.com.tr\/index.php\/wp-json\/wp\/v2\/product_brand?post=779025"},{"taxonomy":"product_cat","embeddable":true,"href":"https:\/\/roveyayinevi.com.tr\/index.php\/wp-json\/wp\/v2\/product_cat?post=779025"},{"taxonomy":"product_tag","embeddable":true,"href":"https:\/\/roveyayinevi.com.tr\/index.php\/wp-json\/wp\/v2\/product_tag?post=779025"}],"curies":[{"name":"wp","href":"https:\/\/api.w.org\/{rel}","templated":true}]}}