{"id":779023,"date":"2025-12-30T10:12:53","date_gmt":"2025-12-30T07:12:53","guid":{"rendered":"https:\/\/roveyayinevi.com.tr\/index.php\/urun\/merak-ediyorum-da-ruzgar-neden-eser\/"},"modified":"2026-04-16T02:21:06","modified_gmt":"2026-04-15T23:21:06","slug":"merak-ediyorum-da-ruzgar-neden-eser","status":"publish","type":"product","link":"https:\/\/roveyayinevi.com.tr\/index.php\/urun\/merak-ediyorum-da-ruzgar-neden-eser\/","title":{"rendered":"Merak Ediyorum da R\u00fczgar Neden Eser?"},"content":{"rendered":"<p>Gen\u00e7 zihinleri me\u015fgul eden binlerce soru, renkli \u00e7izimler, karikat\u00fcrler ve sade anlat\u0131mlarla \u201cMerak Ediyorum da\u201d serisinin kitaplar\u0131nda yan\u0131tlan\u0131yor. Gezegenimiz, i\u00e7indeki co\u011frafi yap\u0131lar, da\u011flar, ya\u011fmur ormanlar\u0131, r\u00fczg\u00e2rlar, hava olaylar\u0131 ve daha fazlas\u0131 hakk\u0131nda merak etti\u011finiz sorular\u0131n yan\u0131tlar\u0131n\u0131 bu kitapta bulabilirsiniz. \ufffcTan\u0131t\u0131m Metni<\/p>\n","protected":false},"excerpt":{"rendered":"<p>Gen\u00e7 zihinleri me\u015fgul eden binlerce soru, renkli \u00e7izimler, karikat\u00fcrler ve sade anlat\u0131mlarla \u201cMerak Ediyorum da\u201d serisinin kitaplar\u0131nda yan\u0131tlan\u0131yor. Gezegenimiz, i\u00e7indeki co\u011frafi yap\u0131lar, da\u011flar, ya\u011fmur ormanlar\u0131, r\u00fczg\u00e2rlar,<span class=\"excerpt-hellip\"> [\u2026]<\/span><\/p>\n","protected":false},"featured_media":0,"template":"","meta":{"_monsterinsights_skip_tracking":false,"_monsterinsights_sitenote_active":false,"_monsterinsights_sitenote_note":"","_monsterinsights_sitenote_category":0},"product_brand":[],"product_cat":[13829,12274],"product_tag":[],"class_list":{"0":"post-779023","1":"product","2":"type-product","3":"status-publish","5":"product_cat-bilimsel-kitaplar","6":"product_cat-cocuk-ve-genclik-kitaplari","7":"pa_cilt-ciltli","8":"pa_tur-kitap","9":"pa_yayinevi-beyaz-balina-yayinlari","10":"pa_yazar-anita-ganeri","12":"first","13":"instock","14":"sale","15":"shipping-taxable","16":"purchasable","17":"product-type-simple"},"_links":{"self":[{"href":"https:\/\/roveyayinevi.com.tr\/index.php\/wp-json\/wp\/v2\/product\/779023","targetHints":{"allow":["GET"]}}],"collection":[{"href":"https:\/\/roveyayinevi.com.tr\/index.php\/wp-json\/wp\/v2\/product"}],"about":[{"href":"https:\/\/roveyayinevi.com.tr\/index.php\/wp-json\/wp\/v2\/types\/product"}],"wp:attachment":[{"href":"https:\/\/roveyayinevi.com.tr\/index.php\/wp-json\/wp\/v2\/media?parent=779023"}],"wp:term":[{"taxonomy":"product_brand","embeddable":true,"href":"https:\/\/roveyayinevi.com.tr\/index.php\/wp-json\/wp\/v2\/product_brand?post=779023"},{"taxonomy":"product_cat","embeddable":true,"href":"https:\/\/roveyayinevi.com.tr\/index.php\/wp-json\/wp\/v2\/product_cat?post=779023"},{"taxonomy":"product_tag","embeddable":true,"href":"https:\/\/roveyayinevi.com.tr\/index.php\/wp-json\/wp\/v2\/product_tag?post=779023"}],"curies":[{"name":"wp","href":"https:\/\/api.w.org\/{rel}","templated":true}]}}