{"id":779022,"date":"2025-12-30T10:12:07","date_gmt":"2025-12-30T07:12:07","guid":{"rendered":"https:\/\/roveyayinevi.com.tr\/index.php\/urun\/yasasin-hamileyim-eglenceli-hamilelik-sureci\/"},"modified":"2026-04-16T02:20:59","modified_gmt":"2026-04-15T23:20:59","slug":"yasasin-hamileyim-eglenceli-hamilelik-sureci","status":"publish","type":"product","link":"https:\/\/roveyayinevi.com.tr\/index.php\/urun\/yasasin-hamileyim-eglenceli-hamilelik-sureci\/","title":{"rendered":"Ya\u015fas\u0131n Hamileyim E\u011flenceli Hamilelik S\u00fcreci"},"content":{"rendered":"<p>Heyecanla k\u00f6\u015fedeki eczaneye gidip k\u0131s\u0131k bir sesle \u201cBir gebelik testi alabilir miyim?\u201d dediniz. H\u0131zl\u0131ca eve gidip malum i\u015flem basamaklar\u0131n\u0131 dikkatlice uygulamaya ba\u015flad\u0131n\u0131z. \u0130lk \u00e7izgiden sonra ikinci \u00e7izginin de yava\u015f yava\u015f belirginle\u015fti\u011fini g\u00f6rd\u00fcn\u00fcz. Hayat\u0131n\u0131z boyunca, iki \u00e7izginin bu kadar birbirine yak\u0131\u015faca\u011f\u0131n\u0131 ve sizi bu kadar heyecanland\u0131raca\u011f\u0131n\u0131 hi\u00e7 d\u00fc\u015f\u00fcnmemi\u015ftiniz. \u0130\u015fte oldu ve beklenen o b\u00fcy\u00fck g\u00fcn geldi.Ya\u015fas\u0131n hamilesiniz!Tebrikler, hamilelik haberini ald\u0131\u011f\u0131n\u0131z an itibariyle y\u00fcz y\u0131l\u0131n en g\u00f6rkemli, en ne\u015feli, en a\u015fk kokan film projesinin mimar\u0131 olma f\u0131rsat\u0131n\u0131 da elde ettiniz. Unutmay\u0131n bu filmin senaristi de, y\u00f6netmeni de, ba\u015f rol oyuncusu da sizsiniz. Siz nas\u0131l isterseniz filminiz o \u015fekilde olgunla\u015f\u0131p sonlanacak. O kadar dolu dolu bir hamilelik s\u00fcreci ge\u00e7irip hayata \u00f6yle bir iz b\u0131rakmal\u0131s\u0131n\u0131z ki keyifli hamilelik ve m\u00fckemmel anne s\u00f6zc\u00fckleri yan yana geldi\u011finde hep sizin kulaklar\u0131n\u0131z \u00e7\u0131nlamal\u0131.\u0130\u015fte kitab\u0131m\u0131z\u0131n amac\u0131 da bu! Bu kitab\u0131 okuduktan sonra emin olun hamilelik s\u00fcrecini daha e\u011flenceli ve daha keyifli bir \u015fekilde ge\u00e7irmek \u00fczere gerekli t\u00fcm t\u00fcyolar\u0131 alm\u0131\u015f, e\u015finiz ve yak\u0131n \u00e7evrenizle olan ili\u015fkilerinizi olgunla\u015ft\u0131rm\u0131\u015f, motivasyonunuzu en y\u00fcksek seviyeye ta\u015f\u0131m\u0131\u015f vekayg\u0131lar\u0131n\u0131zdan s\u0131yr\u0131lm\u0131\u015f olacaks\u0131n\u0131z. <\/p>\n","protected":false},"excerpt":{"rendered":"<p>Heyecanla k\u00f6\u015fedeki eczaneye gidip k\u0131s\u0131k bir sesle \u201cBir gebelik testi alabilir miyim?\u201d dediniz. H\u0131zl\u0131ca eve gidip malum i\u015flem basamaklar\u0131n\u0131 dikkatlice uygulamaya ba\u015flad\u0131n\u0131z. \u0130lk \u00e7izgiden sonra ikinci<span class=\"excerpt-hellip\"> [\u2026]<\/span><\/p>\n","protected":false},"featured_media":0,"template":"","meta":{"_monsterinsights_skip_tracking":false,"_monsterinsights_sitenote_active":false,"_monsterinsights_sitenote_note":"","_monsterinsights_sitenote_category":0},"product_brand":[],"product_cat":[14902,13365],"product_tag":[],"class_list":{"0":"post-779022","1":"product","2":"type-product","3":"status-publish","5":"product_cat-annelik-ve-cocuk-bakimi","6":"product_cat-saglik","7":"pa_cilt-ciltsiz","8":"pa_tur-kitap","9":"pa_yayinevi-remzi-kitabevi","10":"pa_yazar-emre-uysal","12":"first","13":"instock","14":"sale","15":"shipping-taxable","16":"purchasable","17":"product-type-simple"},"_links":{"self":[{"href":"https:\/\/roveyayinevi.com.tr\/index.php\/wp-json\/wp\/v2\/product\/779022","targetHints":{"allow":["GET"]}}],"collection":[{"href":"https:\/\/roveyayinevi.com.tr\/index.php\/wp-json\/wp\/v2\/product"}],"about":[{"href":"https:\/\/roveyayinevi.com.tr\/index.php\/wp-json\/wp\/v2\/types\/product"}],"wp:attachment":[{"href":"https:\/\/roveyayinevi.com.tr\/index.php\/wp-json\/wp\/v2\/media?parent=779022"}],"wp:term":[{"taxonomy":"product_brand","embeddable":true,"href":"https:\/\/roveyayinevi.com.tr\/index.php\/wp-json\/wp\/v2\/product_brand?post=779022"},{"taxonomy":"product_cat","embeddable":true,"href":"https:\/\/roveyayinevi.com.tr\/index.php\/wp-json\/wp\/v2\/product_cat?post=779022"},{"taxonomy":"product_tag","embeddable":true,"href":"https:\/\/roveyayinevi.com.tr\/index.php\/wp-json\/wp\/v2\/product_tag?post=779022"}],"curies":[{"name":"wp","href":"https:\/\/api.w.org\/{rel}","templated":true}]}}