{"id":779019,"date":"2025-12-30T10:11:49","date_gmt":"2025-12-30T07:11:49","guid":{"rendered":"https:\/\/roveyayinevi.com.tr\/index.php\/urun\/modern-muzik-tarihinden-250-album\/"},"modified":"2026-03-14T02:20:53","modified_gmt":"2026-03-13T23:20:53","slug":"modern-muzik-tarihinden-250-album","status":"publish","type":"product","link":"https:\/\/roveyayinevi.com.tr\/index.php\/urun\/modern-muzik-tarihinden-250-album\/","title":{"rendered":"Modern M\u00fczik Tarihinden 250 Alb\u00fcm"},"content":{"rendered":"<p>Toplumlar\u0131n ya\u015fay\u0131\u015f \u015fekilleri, co\u011frafi ko\u015fullar\u0131, zevkleri gibi bir s\u00fcr\u00fc etken farkl\u0131 m\u00fczik t\u00fcrlerinin do\u011fmas\u0131na neden oldu. Folklorik m\u00fczik ve senfonik t\u0131n\u0131lar\u0131n ard\u0131ndan modern toplumlardaki geli\u015fime paralel olarak, teknolojinin etkileri sonucu be\u011fenilerimiz de \u00e7e\u015fitlendi, farkl\u0131la\u015ft\u0131. 20. y\u00fczy\u0131l\u0131n ba\u015f\u0131ndan itibaren m\u00fczi\u011fin elektronik alana kaymas\u0131 daha fazla dijital sesin do\u011fmas\u0131n\u0131 sa\u011flad\u0131. Y\u0131llar i\u00e7inde farkl\u0131 alt dallar\u0131n ve tarzlar\u0131n olu\u015fmas\u0131, modern toplum insanlar\u0131n\u0131n tercihlerine \u00e7e\u015fitlilik katt\u0131.Modern M\u00fczik Tarihinden 250 Alb\u00fcm, 19. y\u00fczy\u0131l sonundan g\u00fcn\u00fcm\u00fcze kadar gelen s\u00fcre\u00e7te modern m\u00fczi\u011fin \u00f6yk\u00fcs\u00fcn\u00fc, alb\u00fcmlerden \u00f6rneklerle okuyucuya sunmak derdinde. Berlin\u2019in Krautrock kokulu kozmopolit sokaklar\u0131ndan, New York\u2019un 70\u2019ler Punk ortam\u0131na, Paris\u2019in Bohem Modern Klasik ruhundan, Lagos\u2019un Afro-beat\u2019lerle \u00e7evrili Protest s\u0131ca\u011f\u0131na, Oslo\u2019nun sisli karanl\u0131k surat\u0131ndan, Manchester\u2019\u0131n Indie ya\u011fmurlu kalbine, Rio de Janerio\u2019n\u0131n tatl\u0131 Bossanova t\u0131n\u0131lar\u0131ndan, Seattle\u2019\u0131n bal\u00e7\u0131kl\u0131 Grunge\u2019\u0131na uzanan bu dolamba\u00e7l\u0131 yolda, modern m\u00fczik tarihine iz b\u0131rakm\u0131\u015f bir\u00e7ok isim ve t\u00fcr bu kitapta bir arada\u2026Caz ile Punk; Hiphop ile Klasik m\u00fczik; Metal ile Pop s\u0131rt s\u0131rta vermi\u015f, insanlar\u0131n kendilerini neden bu kadar yaln\u0131z b\u0131rakt\u0131klar\u0131n\u0131n hesab\u0131n\u0131 soruyor.Mustafa \u015eardan\u2019\u0131n, Modern M\u00fczik Tarihinden 250 Alb\u00fcm eseri, birbiriyle kayna\u015fan ve dolay\u0131s\u0131yla sosyalle\u015fen insan toplumlar\u0131n\u0131n m\u00fczikle bulu\u015ftu\u011funda ne t\u00fcr eserler \u00e7\u0131kard\u0131\u011f\u0131n\u0131, farkl\u0131 t\u0131n\u0131lar\u0131n etkile\u015fimini sat\u0131r aralar\u0131nda anlatarak hemen her t\u00fcrden ele ald\u0131\u011f\u0131 m\u00fczik t\u00fcrlerine \u00f6rnekler sunuyor.<\/p>\n","protected":false},"excerpt":{"rendered":"<p>Toplumlar\u0131n ya\u015fay\u0131\u015f \u015fekilleri, co\u011frafi ko\u015fullar\u0131, zevkleri gibi bir s\u00fcr\u00fc etken farkl\u0131 m\u00fczik t\u00fcrlerinin do\u011fmas\u0131na neden oldu. Folklorik m\u00fczik ve senfonik t\u0131n\u0131lar\u0131n ard\u0131ndan modern toplumlardaki geli\u015fime paralel<span class=\"excerpt-hellip\"> [\u2026]<\/span><\/p>\n","protected":false},"featured_media":0,"template":"","meta":{"_monsterinsights_skip_tracking":false,"_monsterinsights_sitenote_active":false,"_monsterinsights_sitenote_note":"","_monsterinsights_sitenote_category":0},"product_brand":[],"product_cat":[12274,12649],"product_tag":[],"class_list":{"0":"post-779019","1":"product","2":"type-product","3":"status-publish","5":"product_cat-cocuk-ve-genclik-kitaplari","6":"product_cat-hobi-muzik","7":"pa_cilt-ciltsiz","8":"pa_tur-kitap","9":"pa_yayinevi-librum-kitap","10":"pa_yazar-mustafa-sardan","12":"first","13":"instock","14":"sale","15":"shipping-taxable","16":"purchasable","17":"product-type-simple"},"_links":{"self":[{"href":"https:\/\/roveyayinevi.com.tr\/index.php\/wp-json\/wp\/v2\/product\/779019","targetHints":{"allow":["GET"]}}],"collection":[{"href":"https:\/\/roveyayinevi.com.tr\/index.php\/wp-json\/wp\/v2\/product"}],"about":[{"href":"https:\/\/roveyayinevi.com.tr\/index.php\/wp-json\/wp\/v2\/types\/product"}],"wp:attachment":[{"href":"https:\/\/roveyayinevi.com.tr\/index.php\/wp-json\/wp\/v2\/media?parent=779019"}],"wp:term":[{"taxonomy":"product_brand","embeddable":true,"href":"https:\/\/roveyayinevi.com.tr\/index.php\/wp-json\/wp\/v2\/product_brand?post=779019"},{"taxonomy":"product_cat","embeddable":true,"href":"https:\/\/roveyayinevi.com.tr\/index.php\/wp-json\/wp\/v2\/product_cat?post=779019"},{"taxonomy":"product_tag","embeddable":true,"href":"https:\/\/roveyayinevi.com.tr\/index.php\/wp-json\/wp\/v2\/product_tag?post=779019"}],"curies":[{"name":"wp","href":"https:\/\/api.w.org\/{rel}","templated":true}]}}