{"id":779012,"date":"2025-12-30T10:08:40","date_gmt":"2025-12-30T07:08:40","guid":{"rendered":"https:\/\/roveyayinevi.com.tr\/index.php\/urun\/ordek-ailesi-ebeveynlige-giris\/"},"modified":"2026-04-16T02:18:51","modified_gmt":"2026-04-15T23:18:51","slug":"ordek-ailesi-ebeveynlige-giris","status":"publish","type":"product","link":"https:\/\/roveyayinevi.com.tr\/index.php\/urun\/ordek-ailesi-ebeveynlige-giris\/","title":{"rendered":"\u00d6rdek Ailesi Ebeveynli\u011fe Giri\u015f"},"content":{"rendered":"<p>Siz de bir ebeveyn misiniz veya ebeveyn olan dostlar\u0131n\u0131z m\u0131 var? O halde bu kitap tam size g\u00f6re! \u0130ki \u00e7ocuk babas\u0131 Brian Gordon bir ebeveyn olarak ya\u015fad\u0131\u011f\u0131 g\u00fcnl\u00fck s\u0131k\u0131nt\u0131lar\u0131 ve komik anlar\u0131 karikat\u00fcrle\u015ftirerek internette payla\u015ft\u0131\u011f\u0131nda bir anda milyonlarca insan\u0131n hislerine terc\u00fcman oldu\u011funu fark eder. Sosyal medyada y\u00fczbinlerce takip\u00e7iye ula\u015fan ve k\u0131sa s\u00fcrede bir internet fenomeni haline gelen bu karikat\u00fcrlerin bir araya getirildi\u011fi &#8220;\u00d6rdek Ailesi &#8211; Ebeveynli\u011fe Giri\u015f&#8221; \u00e7ocuk sahibi olsun olmas\u0131n herkesin kendinden bir par\u00e7a bulaca\u011f\u0131, m\u00fcthi\u015f e\u011flenceli bir kitap&#8230; \ufffcTan\u0131t\u0131m Metni<\/p>\n","protected":false},"excerpt":{"rendered":"<p>Siz de bir ebeveyn misiniz veya ebeveyn olan dostlar\u0131n\u0131z m\u0131 var? O halde bu kitap tam size g\u00f6re! \u0130ki \u00e7ocuk babas\u0131 Brian Gordon bir ebeveyn olarak<span class=\"excerpt-hellip\"> [\u2026]<\/span><\/p>\n","protected":false},"featured_media":0,"template":"","meta":{"_monsterinsights_skip_tracking":false,"_monsterinsights_sitenote_active":false,"_monsterinsights_sitenote_note":"","_monsterinsights_sitenote_category":0},"product_brand":[],"product_cat":[12689,12274],"product_tag":[],"class_list":{"0":"post-779012","1":"product","2":"type-product","3":"status-publish","5":"product_cat-cizgi-roman-cocuk-ve-genclik-kitaplari","6":"product_cat-cocuk-ve-genclik-kitaplari","7":"pa_cilt-ciltsiz","8":"pa_tur-kitap","9":"pa_yayinevi-binbirkitap-yayinevi","10":"pa_yazar-brian-gordon","12":"first","13":"instock","14":"sale","15":"shipping-taxable","16":"purchasable","17":"product-type-simple"},"_links":{"self":[{"href":"https:\/\/roveyayinevi.com.tr\/index.php\/wp-json\/wp\/v2\/product\/779012","targetHints":{"allow":["GET"]}}],"collection":[{"href":"https:\/\/roveyayinevi.com.tr\/index.php\/wp-json\/wp\/v2\/product"}],"about":[{"href":"https:\/\/roveyayinevi.com.tr\/index.php\/wp-json\/wp\/v2\/types\/product"}],"wp:attachment":[{"href":"https:\/\/roveyayinevi.com.tr\/index.php\/wp-json\/wp\/v2\/media?parent=779012"}],"wp:term":[{"taxonomy":"product_brand","embeddable":true,"href":"https:\/\/roveyayinevi.com.tr\/index.php\/wp-json\/wp\/v2\/product_brand?post=779012"},{"taxonomy":"product_cat","embeddable":true,"href":"https:\/\/roveyayinevi.com.tr\/index.php\/wp-json\/wp\/v2\/product_cat?post=779012"},{"taxonomy":"product_tag","embeddable":true,"href":"https:\/\/roveyayinevi.com.tr\/index.php\/wp-json\/wp\/v2\/product_tag?post=779012"}],"curies":[{"name":"wp","href":"https:\/\/api.w.org\/{rel}","templated":true}]}}