{"id":779011,"date":"2025-12-30T10:08:38","date_gmt":"2025-12-30T07:08:38","guid":{"rendered":"https:\/\/roveyayinevi.com.tr\/index.php\/urun\/kryon-12-yeni-insan-insanligin-tekamulu\/"},"modified":"2026-04-16T02:18:51","modified_gmt":"2026-04-15T23:18:51","slug":"kryon-12-yeni-insan-insanligin-tekamulu","status":"publish","type":"product","link":"https:\/\/roveyayinevi.com.tr\/index.php\/urun\/kryon-12-yeni-insan-insanligin-tekamulu\/","title":{"rendered":"Kryon 12 &#8211; Yeni \u0130nsan \u0130nsanl\u0131\u011f\u0131n Tekam\u00fcl\u00fc"},"content":{"rendered":"<p>&#8220;Bir sonraki tek\u00e2m\u00fcl a\u015famas\u0131na haz\u0131r olanlar i\u00e7in Kryon&#8217;un verdi\u011fi bilgiler son derece de\u011ferlidir. Bunlar hem bize, hem de gezegenimize \u015fifa verecek bilgilerdir. Kryon her\u015feyin ger\u00e7ekten yolunda oldu\u011funu ve yapacak i\u015fimizin oldu\u011funu bilmemizi sa\u011fl\u0131yor.&#8221;- Louise L. Hay -&#8220;Kryon&#8217;un medyum kanal\u0131yla verdi\u011fi mesajlar giderek ola\u011fan\u00fcst\u00fc de\u011ferli hale geliyorlar. Yeni \u00c7a\u011f ger\u00e7ekten \u00fczerimizde.&#8221;- Metaphysical Reviews -&#8220;Bu kitaba a\u00e7\u0131k bir zihinle yakla\u015ft\u0131m ve onu elimden b\u0131rakamad\u0131m. Kryon&#8217;un s\u00f6zleri sevgi dolu, huzur verici ve g\u00fcven tazeleyici. Bir hayli b\u00fcy\u00fck bir haberle kar\u015f\u0131 kar\u015f\u0131yay\u0131z.&#8221;- The Light Connection -&#8220;Bilgilerin sunulu\u015fundaki sadelik bu \u00e7al\u0131\u015fmay\u0131 Metafizikle yeni tan\u0131\u015fm\u0131\u015f kimseler i\u00e7in son derece anla\u015f\u0131l\u0131r k\u0131lmakta, k\u0131demli yeni\u00e7a\u011fc\u0131lara da bir\u00e7ok yeni i\u00e7g\u00f6r\u00fc vermektedir&#8230;&#8221;- The Connecting Link Magazine -&#8220;K\u0131yamet kehanetlerinden b\u0131kt\u0131n\u0131z m\u0131? Bu kitap ise \u015fa\u015f\u0131rt\u0131c\u0131 olumlulukta, berrak ve pratik bir bilgi sunuyor. Ya\u015fam\u0131n\u0131z\u0131 de\u011fi\u015ftirme potansiyeliyle dolu bu bilgi Ruh&#8217;un insanlara olan inan\u0131lmaz sevgisini yans\u0131t\u0131yor.&#8221;- Arizona Networking News -&#8220;Ger\u00e7ekten b\u00fcy\u00fck meseleleri direkt ve sevgi dolu bir bi\u00e7imde ele alan bu kitab\u0131n t\u00fcm d\u00fcnyada \u00e7ok ses getirece\u011fine inan\u0131yoruz.&#8221;- The New Times &#8211; <\/p>\n","protected":false},"excerpt":{"rendered":"<p>&#8220;Bir sonraki tek\u00e2m\u00fcl a\u015famas\u0131na haz\u0131r olanlar i\u00e7in Kryon&#8217;un verdi\u011fi bilgiler son derece de\u011ferlidir. Bunlar hem bize, hem de gezegenimize \u015fifa verecek bilgilerdir. Kryon her\u015feyin ger\u00e7ekten yolunda<span class=\"excerpt-hellip\"> [\u2026]<\/span><\/p>\n","protected":false},"featured_media":0,"template":"","meta":{"_monsterinsights_skip_tracking":false,"_monsterinsights_sitenote_active":false,"_monsterinsights_sitenote_note":"","_monsterinsights_sitenote_category":0},"product_brand":[],"product_cat":[12364,16154],"product_tag":[],"class_list":{"0":"post-779011","1":"product","2":"type-product","3":"status-publish","5":"product_cat-genel-konular","6":"product_cat-parapsikoloji","7":"pa_cilt-ciltsiz","8":"pa_tur-kitap","9":"pa_yayinevi-akasa-yayinlari","10":"pa_yazar-kryon-lee-carroll","12":"first","13":"instock","14":"sale","15":"shipping-taxable","16":"purchasable","17":"product-type-simple"},"_links":{"self":[{"href":"https:\/\/roveyayinevi.com.tr\/index.php\/wp-json\/wp\/v2\/product\/779011","targetHints":{"allow":["GET"]}}],"collection":[{"href":"https:\/\/roveyayinevi.com.tr\/index.php\/wp-json\/wp\/v2\/product"}],"about":[{"href":"https:\/\/roveyayinevi.com.tr\/index.php\/wp-json\/wp\/v2\/types\/product"}],"wp:attachment":[{"href":"https:\/\/roveyayinevi.com.tr\/index.php\/wp-json\/wp\/v2\/media?parent=779011"}],"wp:term":[{"taxonomy":"product_brand","embeddable":true,"href":"https:\/\/roveyayinevi.com.tr\/index.php\/wp-json\/wp\/v2\/product_brand?post=779011"},{"taxonomy":"product_cat","embeddable":true,"href":"https:\/\/roveyayinevi.com.tr\/index.php\/wp-json\/wp\/v2\/product_cat?post=779011"},{"taxonomy":"product_tag","embeddable":true,"href":"https:\/\/roveyayinevi.com.tr\/index.php\/wp-json\/wp\/v2\/product_tag?post=779011"}],"curies":[{"name":"wp","href":"https:\/\/api.w.org\/{rel}","templated":true}]}}