{"id":779009,"date":"2025-12-30T10:06:42","date_gmt":"2025-12-30T07:06:42","guid":{"rendered":"https:\/\/roveyayinevi.com.tr\/index.php\/urun\/muhendislik-ekonomisi\/"},"modified":"2026-04-16T02:18:02","modified_gmt":"2026-04-15T23:18:02","slug":"muhendislik-ekonomisi","status":"publish","type":"product","link":"https:\/\/roveyayinevi.com.tr\/index.php\/urun\/muhendislik-ekonomisi\/","title":{"rendered":"M\u00fchendislik Ekonomisi"},"content":{"rendered":"<p>Bu kitab\u0131n haz\u0131rlan\u0131\u015f amac\u0131, m\u00fchendislere ekonomi ve i\u015fletme konusunda paran\u0131n zaman de\u011ferini ve uygulanan projelerin nakit ak\u0131mlar\u0131n\u0131n hesaplanmas\u0131n\u0131 g\u00f6stermek ve di\u011fer projelerle mukayese etme durumunda kullan\u0131lacak metotlar\u0131 sunmakt\u0131r. \u00e7\u00fcnk\u00fc, yap\u0131lan her harcaman\u0131n, her karar\u0131n ve her yat\u0131r\u0131m\u0131n arkas\u0131nda bir mali cephe vard\u0131r. \u201cM\u00fchendislik Ekonomisine\u201d kitab\u0131; m\u00fchendisler, i\u015fletmeciler, iktisat\u00e7\u0131lar, yat\u0131r\u0131mc\u0131lar, bankac\u0131lar, k\u0131sacas\u0131 para ile i\u015fi olan herkesin rahatl\u0131kla yararlanabilece\u011fi bir kaynak \u00e7al\u0131\u015fma \u00f6zelli\u011fi ta\u015f\u0131maktad\u0131r. <\/p>\n","protected":false},"excerpt":{"rendered":"<p>Bu kitab\u0131n haz\u0131rlan\u0131\u015f amac\u0131, m\u00fchendislere ekonomi ve i\u015fletme konusunda paran\u0131n zaman de\u011ferini ve uygulanan projelerin nakit ak\u0131mlar\u0131n\u0131n hesaplanmas\u0131n\u0131 g\u00f6stermek ve di\u011fer projelerle mukayese etme durumunda kullan\u0131lacak<span class=\"excerpt-hellip\"> [\u2026]<\/span><\/p>\n","protected":false},"featured_media":0,"template":"","meta":{"_monsterinsights_skip_tracking":false,"_monsterinsights_sitenote_active":false,"_monsterinsights_sitenote_note":"","_monsterinsights_sitenote_category":0},"product_brand":[],"product_cat":[12573,12566],"product_tag":[],"class_list":{"0":"post-779009","1":"product","2":"type-product","3":"status-publish","5":"product_cat-akademik-kitaplar","6":"product_cat-egitim","7":"pa_cilt-ciltsiz","8":"pa_tur-kitap","9":"pa_yayinevi-nobel-akademik-yayincilik","10":"pa_yazar-osman-okka","12":"first","13":"instock","14":"sale","15":"shipping-taxable","16":"purchasable","17":"product-type-simple"},"_links":{"self":[{"href":"https:\/\/roveyayinevi.com.tr\/index.php\/wp-json\/wp\/v2\/product\/779009","targetHints":{"allow":["GET"]}}],"collection":[{"href":"https:\/\/roveyayinevi.com.tr\/index.php\/wp-json\/wp\/v2\/product"}],"about":[{"href":"https:\/\/roveyayinevi.com.tr\/index.php\/wp-json\/wp\/v2\/types\/product"}],"wp:attachment":[{"href":"https:\/\/roveyayinevi.com.tr\/index.php\/wp-json\/wp\/v2\/media?parent=779009"}],"wp:term":[{"taxonomy":"product_brand","embeddable":true,"href":"https:\/\/roveyayinevi.com.tr\/index.php\/wp-json\/wp\/v2\/product_brand?post=779009"},{"taxonomy":"product_cat","embeddable":true,"href":"https:\/\/roveyayinevi.com.tr\/index.php\/wp-json\/wp\/v2\/product_cat?post=779009"},{"taxonomy":"product_tag","embeddable":true,"href":"https:\/\/roveyayinevi.com.tr\/index.php\/wp-json\/wp\/v2\/product_tag?post=779009"}],"curies":[{"name":"wp","href":"https:\/\/api.w.org\/{rel}","templated":true}]}}