{"id":779008,"date":"2025-12-30T10:06:40","date_gmt":"2025-12-30T07:06:40","guid":{"rendered":"https:\/\/roveyayinevi.com.tr\/index.php\/urun\/kulturlerarasi-psikoloji-arastirma-ve-uygulamalar-cross-cultural-psychology-research-and-applications-cambridge\/"},"modified":"2026-04-16T02:18:02","modified_gmt":"2026-04-15T23:18:02","slug":"kulturlerarasi-psikoloji-arastirma-ve-uygulamalar-cross-cultural-psychology-research-and-applications-cambridge","status":"publish","type":"product","link":"https:\/\/roveyayinevi.com.tr\/index.php\/urun\/kulturlerarasi-psikoloji-arastirma-ve-uygulamalar-cross-cultural-psychology-research-and-applications-cambridge\/","title":{"rendered":"K\u00dcLT\u00dcRLERARASI PS\u0130KOLOJ\u0130 &#8211; Ara\u015ft\u0131rma ve Uygulamalar &#8211; CROSS-CULTURAL PSYCHOLOGY &#8211; Research and Applications &#8211; CAMBRIDGE"},"content":{"rendered":"<p>Bu eser, k\u00fclt\u00fcrleraras\u0131 psikoloji alan\u0131na \u00f6nemli katk\u0131lar sunmu\u015f ara\u015ft\u0131rmac\u0131lar\u0131n, kendi \u00e7al\u0131\u015fma alanlar\u0131n\u0131 psikoloji \u00f6\u011frencilerine ve merakl\u0131lar\u0131na kapsaml\u0131 bi\u00e7imde tan\u0131tmay\u0131 ama\u00e7layan de\u011ferli bir \u00e7al\u0131\u015fmad\u0131r. <\/p>\n","protected":false},"excerpt":{"rendered":"<p>Bu eser, k\u00fclt\u00fcrleraras\u0131 psikoloji alan\u0131na \u00f6nemli katk\u0131lar sunmu\u015f ara\u015ft\u0131rmac\u0131lar\u0131n, kendi \u00e7al\u0131\u015fma alanlar\u0131n\u0131 psikoloji \u00f6\u011frencilerine ve merakl\u0131lar\u0131na kapsaml\u0131 bi\u00e7imde tan\u0131tmay\u0131 ama\u00e7layan de\u011ferli bir \u00e7al\u0131\u015fmad\u0131r.<\/p>\n","protected":false},"featured_media":0,"template":"","meta":{"_monsterinsights_skip_tracking":false,"_monsterinsights_sitenote_active":false,"_monsterinsights_sitenote_note":"","_monsterinsights_sitenote_category":0},"product_brand":[],"product_cat":[12573,12566],"product_tag":[],"class_list":{"0":"post-779008","1":"product","2":"type-product","3":"status-publish","5":"product_cat-akademik-kitaplar","6":"product_cat-egitim","7":"pa_cilt-ciltsiz","8":"pa_tur-kitap","9":"pa_yayinevi-nobel-akademik-yayincilik","10":"pa_yazar-kolektif","12":"first","13":"instock","14":"sale","15":"shipping-taxable","16":"purchasable","17":"product-type-simple"},"_links":{"self":[{"href":"https:\/\/roveyayinevi.com.tr\/index.php\/wp-json\/wp\/v2\/product\/779008","targetHints":{"allow":["GET"]}}],"collection":[{"href":"https:\/\/roveyayinevi.com.tr\/index.php\/wp-json\/wp\/v2\/product"}],"about":[{"href":"https:\/\/roveyayinevi.com.tr\/index.php\/wp-json\/wp\/v2\/types\/product"}],"wp:attachment":[{"href":"https:\/\/roveyayinevi.com.tr\/index.php\/wp-json\/wp\/v2\/media?parent=779008"}],"wp:term":[{"taxonomy":"product_brand","embeddable":true,"href":"https:\/\/roveyayinevi.com.tr\/index.php\/wp-json\/wp\/v2\/product_brand?post=779008"},{"taxonomy":"product_cat","embeddable":true,"href":"https:\/\/roveyayinevi.com.tr\/index.php\/wp-json\/wp\/v2\/product_cat?post=779008"},{"taxonomy":"product_tag","embeddable":true,"href":"https:\/\/roveyayinevi.com.tr\/index.php\/wp-json\/wp\/v2\/product_tag?post=779008"}],"curies":[{"name":"wp","href":"https:\/\/api.w.org\/{rel}","templated":true}]}}