{"id":779006,"date":"2025-12-30T10:06:36","date_gmt":"2025-12-30T07:06:36","guid":{"rendered":"https:\/\/roveyayinevi.com.tr\/index.php\/urun\/diferansiyel-denklemler\/"},"modified":"2026-04-16T02:18:02","modified_gmt":"2026-04-15T23:18:02","slug":"diferansiyel-denklemler","status":"publish","type":"product","link":"https:\/\/roveyayinevi.com.tr\/index.php\/urun\/diferansiyel-denklemler\/","title":{"rendered":"Diferansiyel Denklemler"},"content":{"rendered":"<p>Diferansiyel Denklemler, modern matemati\u011fin temel ta\u015flar\u0131ndan biridir ve Lineer Cebir ile birlikte, m\u00fchendislik, do\u011fal bilimler, ekonomi, fiziksel ve sosyal bilimlerdeki pek \u00e7ok problemin \u00e7\u00f6z\u00fcm\u00fc i\u00e7in gerekli bir disiplindir. Bilgisayar teknolojileri ile ilgili olarak yap\u0131lan arge \u00e7al\u0131\u015fmalar\u0131, diferansiyel denklemlerin \u00e7\u00f6z\u00fcm\u00fc i\u00e7in yeni teknikler ortaya \u00e7\u0131karm\u0131\u015ft\u0131r. Bu sayede Diferansiyel Denklem Sistemleri ile modellenen problemlerin \u00e7\u00f6z\u00fcmleri m\u00fcmk\u00fcn olmu\u015ftur. <\/p>\n","protected":false},"excerpt":{"rendered":"<p>Diferansiyel Denklemler, modern matemati\u011fin temel ta\u015flar\u0131ndan biridir ve Lineer Cebir ile birlikte, m\u00fchendislik, do\u011fal bilimler, ekonomi, fiziksel ve sosyal bilimlerdeki pek \u00e7ok problemin \u00e7\u00f6z\u00fcm\u00fc i\u00e7in gerekli<span class=\"excerpt-hellip\"> [\u2026]<\/span><\/p>\n","protected":false},"featured_media":0,"template":"","meta":{"_monsterinsights_skip_tracking":false,"_monsterinsights_sitenote_active":false,"_monsterinsights_sitenote_note":"","_monsterinsights_sitenote_category":0},"product_brand":[],"product_cat":[12573,12566],"product_tag":[],"class_list":{"0":"post-779006","1":"product","2":"type-product","3":"status-publish","5":"product_cat-akademik-kitaplar","6":"product_cat-egitim","7":"pa_cilt-ciltsiz","8":"pa_tur-kitap","9":"pa_yayinevi-nobel-akademik-yayincilik","10":"pa_yazar-bulent-ayanlar","12":"first","13":"instock","14":"sale","15":"shipping-taxable","16":"purchasable","17":"product-type-simple"},"_links":{"self":[{"href":"https:\/\/roveyayinevi.com.tr\/index.php\/wp-json\/wp\/v2\/product\/779006","targetHints":{"allow":["GET"]}}],"collection":[{"href":"https:\/\/roveyayinevi.com.tr\/index.php\/wp-json\/wp\/v2\/product"}],"about":[{"href":"https:\/\/roveyayinevi.com.tr\/index.php\/wp-json\/wp\/v2\/types\/product"}],"wp:attachment":[{"href":"https:\/\/roveyayinevi.com.tr\/index.php\/wp-json\/wp\/v2\/media?parent=779006"}],"wp:term":[{"taxonomy":"product_brand","embeddable":true,"href":"https:\/\/roveyayinevi.com.tr\/index.php\/wp-json\/wp\/v2\/product_brand?post=779006"},{"taxonomy":"product_cat","embeddable":true,"href":"https:\/\/roveyayinevi.com.tr\/index.php\/wp-json\/wp\/v2\/product_cat?post=779006"},{"taxonomy":"product_tag","embeddable":true,"href":"https:\/\/roveyayinevi.com.tr\/index.php\/wp-json\/wp\/v2\/product_tag?post=779006"}],"curies":[{"name":"wp","href":"https:\/\/api.w.org\/{rel}","templated":true}]}}