{"id":779003,"date":"2025-12-30T10:06:27","date_gmt":"2025-12-30T07:06:27","guid":{"rendered":"https:\/\/roveyayinevi.com.tr\/index.php\/urun\/kutulamare-osmanlinin-unutulan-son-zaferi-mehmed-resid-beyin-savas-anilari\/"},"modified":"2026-03-31T09:59:34","modified_gmt":"2026-03-31T06:59:34","slug":"kutulamare-osmanlinin-unutulan-son-zaferi-mehmed-resid-beyin-savas-anilari","status":"publish","type":"product","link":"https:\/\/roveyayinevi.com.tr\/index.php\/urun\/kutulamare-osmanlinin-unutulan-son-zaferi-mehmed-resid-beyin-savas-anilari\/","title":{"rendered":"Kutulamare : Osmanl\u0131\u2019n\u0131n Unutulan Son Zaferi : Mehmed Re\u015fid Bey\u2019in Sava\u015f An\u0131lar\u0131"},"content":{"rendered":"<p>Osmanl\u0131 \u0130mparatorlu\u011fu\u2019nun, I.D\u00fcnya Sava\u015f\u0131\u2019nda \u00c7anakkale Zaferi\u2019nden sonra kazanm\u0131\u015f oldu\u011fu di\u011fer b\u00fcy\u00fck ve anlaml\u0131 zafer; Irak Cephesi\u2019nde K\u00fbt\u00fclam\u00e2re\u2019de 29 Nisan 1916\u2019da ku\u015fat\u0131larak 4,5 ayl\u0131k bir muhasaradan sonra 13.300 ki\u015filik \u0130ngiliz ordusunun esir al\u0131nmas\u0131yla sonu\u00e7lanan K\u00fbt\u00fclam\u00e2re Zaferi\u2019dir. 1916\u2019dan itibaren 1950\u2019lere kadar Silahl\u0131 Kuvvetler nezdinde her 29 Nisan g\u00fcn\u00fc \u201cKut Bayram\u0131\u201d olarak y\u00e2d edilen bu zafer, ne yaz\u0131k ki o tarihten beri unutulmu\u015f\/unutturulmu\u015f, tarihin tozlu sayfalar\u0131 aras\u0131na terkedilmi\u015ftir. K\u00fbt\u00fclam\u00e2re Zaferi\u2019nin 100. Y\u0131l\u0131nda, bu b\u00fcy\u00fck ba\u015far\u0131y\u0131 yeniden anmak ve hat\u0131rlatmak i\u00e7in haz\u0131rlad\u0131\u011f\u0131m\u0131z bu kitap, 1916 y\u0131l\u0131nda 44. Alay Komutan\u0131 olarak bizzat K\u00fbt\u00fclam\u00e2re\u2019de muharebelere kat\u0131lm\u0131\u015f olan Yarbay Mehmed Re\u015fid Bey\u2019in sava\u015f esnas\u0131nda tuttu\u011fu g\u00fcnl\u00fcklerden olu\u015fmaktad\u0131r. K\u00fbt\u00fclam\u00e2re\u2019de ya\u015fanan muharebelerin tam ortas\u0131nda bulunmu\u015f olan Re\u015fid Bey\u2019in g\u00fcnl\u00fc\u011f\u00fc, hakk\u0131nda \u00e7ok fazla kaynak eseri olmayan K\u00fbt\u00fclam\u00e2re Zaferi\u2019ne \u00f6nemli katk\u0131 sa\u011flayacak bir kaynak eser h\u00fcviyetindedir. <\/p>\n","protected":false},"excerpt":{"rendered":"<p>Osmanl\u0131 \u0130mparatorlu\u011fu\u2019nun, I.D\u00fcnya Sava\u015f\u0131\u2019nda \u00c7anakkale Zaferi\u2019nden sonra kazanm\u0131\u015f oldu\u011fu di\u011fer b\u00fcy\u00fck ve anlaml\u0131 zafer; Irak Cephesi\u2019nde K\u00fbt\u00fclam\u00e2re\u2019de 29 Nisan 1916\u2019da ku\u015fat\u0131larak 4,5 ayl\u0131k bir muhasaradan sonra<span class=\"excerpt-hellip\"> [\u2026]<\/span><\/p>\n","protected":false},"featured_media":0,"template":"","meta":{"_monsterinsights_skip_tracking":false,"_monsterinsights_sitenote_active":false,"_monsterinsights_sitenote_note":"","_monsterinsights_sitenote_category":0},"product_brand":[],"product_cat":[13517,12304],"product_tag":[],"class_list":{"0":"post-779003","1":"product","2":"type-product","3":"status-publish","5":"product_cat-osmanli-tarihi","6":"product_cat-tarih","7":"pa_cilt-ciltsiz","8":"pa_tur-kitap","9":"pa_yayinevi-yeditepe-yayinevi","10":"pa_yazar-bahtiyar-istekli","12":"first","13":"instock","14":"sale","15":"shipping-taxable","16":"purchasable","17":"product-type-simple"},"_links":{"self":[{"href":"https:\/\/roveyayinevi.com.tr\/index.php\/wp-json\/wp\/v2\/product\/779003","targetHints":{"allow":["GET"]}}],"collection":[{"href":"https:\/\/roveyayinevi.com.tr\/index.php\/wp-json\/wp\/v2\/product"}],"about":[{"href":"https:\/\/roveyayinevi.com.tr\/index.php\/wp-json\/wp\/v2\/types\/product"}],"wp:attachment":[{"href":"https:\/\/roveyayinevi.com.tr\/index.php\/wp-json\/wp\/v2\/media?parent=779003"}],"wp:term":[{"taxonomy":"product_brand","embeddable":true,"href":"https:\/\/roveyayinevi.com.tr\/index.php\/wp-json\/wp\/v2\/product_brand?post=779003"},{"taxonomy":"product_cat","embeddable":true,"href":"https:\/\/roveyayinevi.com.tr\/index.php\/wp-json\/wp\/v2\/product_cat?post=779003"},{"taxonomy":"product_tag","embeddable":true,"href":"https:\/\/roveyayinevi.com.tr\/index.php\/wp-json\/wp\/v2\/product_tag?post=779003"}],"curies":[{"name":"wp","href":"https:\/\/api.w.org\/{rel}","templated":true}]}}