{"id":778998,"date":"2025-12-30T10:06:10","date_gmt":"2025-12-30T07:06:10","guid":{"rendered":"https:\/\/roveyayinevi.com.tr\/index.php\/urun\/turk-muslumanligi-uzerine-yazilar\/"},"modified":"2026-04-16T02:17:40","modified_gmt":"2026-04-15T23:17:40","slug":"turk-muslumanligi-uzerine-yazilar","status":"publish","type":"product","link":"https:\/\/roveyayinevi.com.tr\/index.php\/urun\/turk-muslumanligi-uzerine-yazilar\/","title":{"rendered":"T\u00fcrk M\u00fcsl\u00fcmanl\u0131\u011f\u0131 \u00dczerine Yaz\u0131lar"},"content":{"rendered":"<p>T\u00fcrkler\u2019in \u0130slam\u2019la \u015fereflenmeleri sadece T\u00fcrk tarihinin de\u011fil, \u0130slam tarihi ve d\u00fcnya tarihinin de en b\u00fcy\u00fck h\u00e2diselerinden biridir. \u0130slam, neredeyse, T\u00fcrk topluluklar\u0131n\u0131n mill\u00ee dini haline gelmi\u015ftir. \u00d6yle zamanlar olmu\u015f ki T\u00fcrk denilince \u0130slam, \u0130slam denilince T\u00fcrk akla gelmi\u015ftir. T\u00fcrklerin ahlak\u00ee ve k\u00fclt\u00fcrel de\u011ferleri, \u0130slam\u2019\u0131n de\u011ferleri ile ayn\u0131 ufukta bulu\u015fturulmu\u015f ve \u0130slam medeniyetinin de\u011ferlerine g\u00fc\u00e7 katm\u0131\u015ft\u0131r. T\u00fcrklerin \u0130slam anlay\u0131\u015f\u0131, kendine \u00f6zg\u00fcd\u00fcr: \u0130slam\u2019\u0131 kendi k\u00fclt\u00fcr ve gelenekleri ile uyumlu bir \u015fekilde yeniden anlamay\u0131 ve yorumlamay\u0131 tercih etmi\u015flerdir. F\u0131k\u0131hta Hanefilik, itikatta Maturidilik ve ahlakta Yesevilik, g\u00fcn\u00fcm\u00fczde \u201cT\u00fcrk M\u00fcsl\u00fcmanl\u0131\u011f\u0131\u201d ad\u0131n\u0131 verdi\u011fimiz ahlak\u00ee ve ak\u0131lc\u0131 dindarl\u0131\u011f\u0131n \u00fc\u00e7 sacaya\u011f\u0131n\u0131 olu\u015fturmaktad\u0131r. T\u00fcrk M\u00fcsl\u00fcmanl\u0131\u011f\u0131 konusunun akademideki yetkin ismi Prof. Dr. S\u00f6nmez Kutlu\u2019nun makalelerinin bir araya getirildi\u011fi \u00e7al\u0131\u015fmada, \u201cT\u00fcrkler Aras\u0131nda \u0130slam\u2019\u0131n Yay\u0131l\u0131\u015f\u0131 ve \u0130slam Anlay\u0131\u015f\u0131n\u0131n Olu\u015fum S\u00fcreci\u201d, \u201cT\u00fcrklerde \u0130slam Tasavvurunun Kaynaklar\u0131: Hanefilik; Maturidilik ve Yesevilik\u201d, \u201c\u0130mam M\u00e2tur\u00eed\u00ee\u2019ye G\u00f6re Diy\u00e2net-Siy\u00e2set Ayr\u0131m\u0131 ve \u00c7a\u011fda\u015f Tart\u0131\u015fmalarla Mukayesesi\u201d, \u201c\u0130mam M\u00e2tur\u00eed\u00ee, Ahmet Yesev\u00ee ve Yunus Emre\u2019de Ortak De\u011ferler: \u0130nsan, Ak\u0131l-\u0130lim ve Vatan\u201d, \u201cAvrasya Co\u011frafyas\u0131nda Din\u00ee Bilginin Kaynaklar\u0131 ve Yeniden \u00dcretilmesi\u201d gibi birbirinden \u00f6nemli yaz\u0131lar yer al\u0131yor. \ufffcTan\u0131t\u0131m Metni<\/p>\n","protected":false},"excerpt":{"rendered":"<p>T\u00fcrkler\u2019in \u0130slam\u2019la \u015fereflenmeleri sadece T\u00fcrk tarihinin de\u011fil, \u0130slam tarihi ve d\u00fcnya tarihinin de en b\u00fcy\u00fck h\u00e2diselerinden biridir. \u0130slam, neredeyse, T\u00fcrk topluluklar\u0131n\u0131n mill\u00ee dini haline gelmi\u015ftir. \u00d6yle<span class=\"excerpt-hellip\"> [\u2026]<\/span><\/p>\n","protected":false},"featured_media":0,"template":"","meta":{"_monsterinsights_skip_tracking":false,"_monsterinsights_sitenote_active":false,"_monsterinsights_sitenote_note":"","_monsterinsights_sitenote_category":0},"product_brand":[],"product_cat":[12718,12719],"product_tag":[],"class_list":{"0":"post-778998","1":"product","2":"type-product","3":"status-publish","5":"product_cat-din","6":"product_cat-islam","7":"pa_cilt-ciltsiz","8":"pa_tur-kitap","9":"pa_yayinevi-otuken-nesriyat","10":"pa_yazar-sonmez-kutlu","12":"first","13":"instock","14":"sale","15":"shipping-taxable","16":"purchasable","17":"product-type-simple"},"_links":{"self":[{"href":"https:\/\/roveyayinevi.com.tr\/index.php\/wp-json\/wp\/v2\/product\/778998","targetHints":{"allow":["GET"]}}],"collection":[{"href":"https:\/\/roveyayinevi.com.tr\/index.php\/wp-json\/wp\/v2\/product"}],"about":[{"href":"https:\/\/roveyayinevi.com.tr\/index.php\/wp-json\/wp\/v2\/types\/product"}],"wp:attachment":[{"href":"https:\/\/roveyayinevi.com.tr\/index.php\/wp-json\/wp\/v2\/media?parent=778998"}],"wp:term":[{"taxonomy":"product_brand","embeddable":true,"href":"https:\/\/roveyayinevi.com.tr\/index.php\/wp-json\/wp\/v2\/product_brand?post=778998"},{"taxonomy":"product_cat","embeddable":true,"href":"https:\/\/roveyayinevi.com.tr\/index.php\/wp-json\/wp\/v2\/product_cat?post=778998"},{"taxonomy":"product_tag","embeddable":true,"href":"https:\/\/roveyayinevi.com.tr\/index.php\/wp-json\/wp\/v2\/product_tag?post=778998"}],"curies":[{"name":"wp","href":"https:\/\/api.w.org\/{rel}","templated":true}]}}