{"id":778997,"date":"2025-12-30T10:06:05","date_gmt":"2025-12-30T07:06:05","guid":{"rendered":"https:\/\/roveyayinevi.com.tr\/index.php\/urun\/mimarlik-uzerine-vitruvius-ciltli\/"},"modified":"2026-04-16T02:17:38","modified_gmt":"2026-04-15T23:17:38","slug":"mimarlik-uzerine-vitruvius-ciltli","status":"publish","type":"product","link":"https:\/\/roveyayinevi.com.tr\/index.php\/urun\/mimarlik-uzerine-vitruvius-ciltli\/","title":{"rendered":"Mimarl\u0131k \u00dczerine Vitruvius (Ciltli)"},"content":{"rendered":"<p>Vitruvius\u2019un De Architectura (Mimarl\u0131k \u00dczerine) adl\u0131 eseri, temelde Roma d\u00f6nemindeki mimarl\u0131k sana-t\u0131n\u0131n teorisi ve prati\u011fiyle ilgili geni\u015f ve toplu bilgi veren, on kitapl\u0131k bir k\u00fclliyatt\u0131r. Mimarinin ilkelerine ve e\u011fitimine evrensel yakla\u015f\u0131m\u0131ndan dolay\u0131 g\u00fcn\u00fcm\u00fcz klasik Bat\u0131 mimarl\u0131k tarihinin antik\u00e7a\u011fdan g\u00fcn\u00fcm\u00fcze kalan tek kitab\u0131d\u0131r. O d\u00f6nemde mimarl\u0131k m\u00fchendisli\u011fi de i\u00e7erdi\u011finden m\u00fchendislik tarihinin de tek eseri say\u0131labilir. Ayr\u0131ca eserin i\u00e7indeki konular\u0131n Yunan ve Roma tap\u0131naklar\u0131, kamu binalar\u0131, hamamlar\u0131, evleri, hatta b\u00fct\u00fcn bu binalar\u0131n d\u0131\u015f ve i\u00e7 tasar\u0131mlar\u0131, duvarlar\u0131n\u0131n s\u0131valar\u0131, kabartmalar\u0131, renk renk boyalar\u0131 ve farkl\u0131 desenlere sahip d\u00f6\u015femelerinden ibaret oldu\u011fu d\u00fc\u015f\u00fcn\u00fcld\u00fc\u011f\u00fcnde, bu eser hem klasik Bat\u0131 arkeolojisinin hem de sanat tarihinin bu d\u00f6nemle ilgili bilgi alabilece\u011fi tek k\u00fclliyatt\u0131r. Hatta \u00f6zellikle klasik arkeoloji, bug\u00fcn kulland\u0131\u011f\u0131 bilim dilinin, \u00fcslubunun ve terminolojisinin kayna\u011f\u0131n\u0131 bu esere bor\u00e7ludur. Bu y\u00fczden orta\u00e7a\u011f, R\u00f6nesans ve g\u00fcn\u00fcm\u00fcze kadar gelen s\u00fcre\u00e7te bu bilimlerle u\u011fra\u015fanlar\u0131n, u\u011fra\u015ft\u0131klar\u0131 konular\u0131n tarihini bilmek istediklerinde d\u00f6n\u00fcp bakt\u0131klar\u0131 ve bakacaklar\u0131 tek ba\u015fucu kitab\u0131 Mimarl\u0131k \u00dczerine\u2019dir. <\/p>\n","protected":false},"excerpt":{"rendered":"<p>Vitruvius\u2019un De Architectura (Mimarl\u0131k \u00dczerine) adl\u0131 eseri, temelde Roma d\u00f6nemindeki mimarl\u0131k sana-t\u0131n\u0131n teorisi ve prati\u011fiyle ilgili geni\u015f ve toplu bilgi veren, on kitapl\u0131k bir k\u00fclliyatt\u0131r. Mimarinin<span class=\"excerpt-hellip\"> [\u2026]<\/span><\/p>\n","protected":false},"featured_media":0,"template":"","meta":{"_monsterinsights_skip_tracking":false,"_monsterinsights_sitenote_active":false,"_monsterinsights_sitenote_note":"","_monsterinsights_sitenote_category":0},"product_brand":[],"product_cat":[13512,12408],"product_tag":[],"class_list":{"0":"post-778997","1":"product","2":"type-product","3":"status-publish","5":"product_cat-mimarlik","6":"product_cat-sanat","7":"pa_cilt-ciltli","8":"pa_tur-kitap","9":"pa_yayinevi-alfa-yayinlari","10":"pa_yazar-cigdem-durusken","12":"first","13":"instock","14":"sale","15":"shipping-taxable","16":"purchasable","17":"product-type-simple"},"_links":{"self":[{"href":"https:\/\/roveyayinevi.com.tr\/index.php\/wp-json\/wp\/v2\/product\/778997","targetHints":{"allow":["GET"]}}],"collection":[{"href":"https:\/\/roveyayinevi.com.tr\/index.php\/wp-json\/wp\/v2\/product"}],"about":[{"href":"https:\/\/roveyayinevi.com.tr\/index.php\/wp-json\/wp\/v2\/types\/product"}],"wp:attachment":[{"href":"https:\/\/roveyayinevi.com.tr\/index.php\/wp-json\/wp\/v2\/media?parent=778997"}],"wp:term":[{"taxonomy":"product_brand","embeddable":true,"href":"https:\/\/roveyayinevi.com.tr\/index.php\/wp-json\/wp\/v2\/product_brand?post=778997"},{"taxonomy":"product_cat","embeddable":true,"href":"https:\/\/roveyayinevi.com.tr\/index.php\/wp-json\/wp\/v2\/product_cat?post=778997"},{"taxonomy":"product_tag","embeddable":true,"href":"https:\/\/roveyayinevi.com.tr\/index.php\/wp-json\/wp\/v2\/product_tag?post=778997"}],"curies":[{"name":"wp","href":"https:\/\/api.w.org\/{rel}","templated":true}]}}