{"id":778996,"date":"2025-12-30T10:05:02","date_gmt":"2025-12-30T07:05:02","guid":{"rendered":"https:\/\/roveyayinevi.com.tr\/index.php\/urun\/devlet-bahceli-ve-ulkuculer-hakkinda-her-sey\/"},"modified":"2026-04-16T02:16:54","modified_gmt":"2026-04-15T23:16:54","slug":"devlet-bahceli-ve-ulkuculer-hakkinda-her-sey","status":"publish","type":"product","link":"https:\/\/roveyayinevi.com.tr\/index.php\/urun\/devlet-bahceli-ve-ulkuculer-hakkinda-her-sey\/","title":{"rendered":"Devlet Bah\u00e7eli ve \u00dclk\u00fcc\u00fcler Hakk\u0131nda Her \u015eey"},"content":{"rendered":"<p>Usta gazeteci-yazar Sabahattin \u00d6nkibar, i\u00e7inden geldi\u011fi \u00dclk\u00fcc\u00fc camian\u0131n d\u00fcnden bug\u00fcne ald\u0131\u011f\u0131 yolu ve Devlet Bah\u00e7eli ger\u00e7e\u011fini anlat\u0131yor. \u2022 Bah\u00e7eli\u2019ye ba\u015fkanl\u0131k sistemi i\u00e7in nas\u0131l \u015fantaj yap\u0131ld\u0131&#8230; \u2022 Bah\u00e7eli, solculardan de\u011fil, \u0130slamc\u0131lardan de\u011fil, \u00dclk\u00fcc\u00fclerden neden dayak yedi&#8230; \u2022 Meral Ak\u015fener, Erdo\u011fan ile Bah\u00e7eli\u2019yi gizli olarak nerede ve ni\u00e7in bulu\u015fturdu&#8230; \u2022 Bah\u00e7eli, MHP\u2019nin ad\u0131n\u0131 ve amblemini neden de\u011fi\u015ftirmek istedi&#8230; \u2022 \u0130stanbul-Ankara \u00dclk\u00fcc\u00fcleri ile Anadolu \u00dclk\u00fcc\u00fcleri aras\u0131ndaki fark nedir&#8230; \u2022 Alparslan T\u00fcrke\u015f, ikinci evlili\u011fi i\u00e7in kimlere dan\u0131\u015ft\u0131&#8230; \u2022 Muhsin Yaz\u0131c\u0131o\u011flu, Fethullah G\u00fclen\u2019i neden tehdit etti&#8230; \u2022 Ekmeleddin \u0130hsano\u011flu ismini Bah\u00e7eli\u2019ye kim f\u0131s\u0131ldad\u0131&#8230; \u2022 Hangi siyasi liderler Bah\u00e7eli i\u00e7in \u201cM\u0130T ajan\u0131d\u0131r\u201d dedi&#8230; \u2022 Muhsin Yaz\u0131c\u0131o\u011flu hangi cemaatin m\u00fcridiydi&#8230; \u2022 12 Eyl\u00fcl \u00f6ncesinin tan\u0131nm\u0131\u015f \u00dclk\u00fcc\u00fcleri \u015fimdi ne yap\u0131yor&#8230; \u201cBu \u00e7al\u0131\u015fma, \u00dclk\u00fcc\u00fcler ile MHP\u2019ye dair k\u00fc\u00e7\u00fck bir tarih kitab\u0131d\u0131r. Pe\u015fin h\u00fck\u00fcmle yaz\u0131lmam\u0131\u015ft\u0131r, yani taraftarl\u0131k ya da kar\u015f\u0131tl\u0131k eksenli de\u011fildir. 40 y\u0131ld\u0131r dinlediklerimin ve tan\u0131kl\u0131klar\u0131m\u0131n bakiyesidir. MHP ile \u00dclk\u00fcc\u00fc hareketin ortaya \u00e7\u0131k\u0131\u015f\u0131ndan bug\u00fcne kadar olan seyrinin b\u00fct\u00fcn boyutlar\u0131yla sunulup sorgulanmas\u0131n\u0131n \u00f6zetidir.\u201d <\/p>\n","protected":false},"excerpt":{"rendered":"<p>Usta gazeteci-yazar Sabahattin \u00d6nkibar, i\u00e7inden geldi\u011fi \u00dclk\u00fcc\u00fc camian\u0131n d\u00fcnden bug\u00fcne ald\u0131\u011f\u0131 yolu ve Devlet Bah\u00e7eli ger\u00e7e\u011fini anlat\u0131yor. \u2022 Bah\u00e7eli\u2019ye ba\u015fkanl\u0131k sistemi i\u00e7in nas\u0131l \u015fantaj yap\u0131ld\u0131&#8230; \u2022<span class=\"excerpt-hellip\"> [\u2026]<\/span><\/p>\n","protected":false},"featured_media":0,"template":"","meta":{"_monsterinsights_skip_tracking":false,"_monsterinsights_sitenote_active":false,"_monsterinsights_sitenote_note":"","_monsterinsights_sitenote_category":0},"product_brand":[],"product_cat":[12337,14543],"product_tag":[],"class_list":{"0":"post-778996","1":"product","2":"type-product","3":"status-publish","5":"product_cat-politika-siyaset","6":"product_cat-turkiye-siyaseti-ve-politikasi","7":"pa_cilt-ciltsiz","8":"pa_tur-kitap","9":"pa_yayinevi-kirmizi-kedi-yayinevi","10":"pa_yazar-sabahattin-onkibar","12":"first","13":"instock","14":"sale","15":"shipping-taxable","16":"purchasable","17":"product-type-simple"},"_links":{"self":[{"href":"https:\/\/roveyayinevi.com.tr\/index.php\/wp-json\/wp\/v2\/product\/778996","targetHints":{"allow":["GET"]}}],"collection":[{"href":"https:\/\/roveyayinevi.com.tr\/index.php\/wp-json\/wp\/v2\/product"}],"about":[{"href":"https:\/\/roveyayinevi.com.tr\/index.php\/wp-json\/wp\/v2\/types\/product"}],"wp:attachment":[{"href":"https:\/\/roveyayinevi.com.tr\/index.php\/wp-json\/wp\/v2\/media?parent=778996"}],"wp:term":[{"taxonomy":"product_brand","embeddable":true,"href":"https:\/\/roveyayinevi.com.tr\/index.php\/wp-json\/wp\/v2\/product_brand?post=778996"},{"taxonomy":"product_cat","embeddable":true,"href":"https:\/\/roveyayinevi.com.tr\/index.php\/wp-json\/wp\/v2\/product_cat?post=778996"},{"taxonomy":"product_tag","embeddable":true,"href":"https:\/\/roveyayinevi.com.tr\/index.php\/wp-json\/wp\/v2\/product_tag?post=778996"}],"curies":[{"name":"wp","href":"https:\/\/api.w.org\/{rel}","templated":true}]}}