{"id":778995,"date":"2025-12-30T10:04:59","date_gmt":"2025-12-30T07:04:59","guid":{"rendered":"https:\/\/roveyayinevi.com.tr\/index.php\/urun\/bilinc-aciklaniyor\/"},"modified":"2026-04-16T02:16:53","modified_gmt":"2026-04-15T23:16:53","slug":"bilinc-aciklaniyor","status":"publish","type":"product","link":"https:\/\/roveyayinevi.com.tr\/index.php\/urun\/bilinc-aciklaniyor\/","title":{"rendered":"Bilin\u00e7 A\u00e7\u0131klan\u0131yor"},"content":{"rendered":"<p>Belki de Descartes\u2019\u0131n meseleyi gayet ba\u015far\u0131l\u0131 bir \u015fekilde halletti\u011fine karar k\u0131ld\u0131klar\u0131 i\u00e7in, felsefeciler bug\u00fcn d\u00fc\u015f\u00fcnen bir \u015fey olarak kendi varl\u0131klar\u0131n\u0131 kan\u0131tlamak konusunda daha az kafa yoruyorlar. Peki, hi\u00e7bir \u015fey de\u011fil de f\u0131\u00e7\u0131daki bir beyinseniz? Belki de hep f\u0131\u00e7\u0131daki bir beyin oldunuz! E\u011fer \u00f6yleyseniz, i\u00e7erisinde bulundu\u011funuz tats\u0131z durumu alg\u0131layabilir misiniz?Daniel Dennett geleneksel ve sa\u011fduyuya dayal\u0131 Kartezyen bilin\u00e7 modelini reddediyor, buna kar\u015f\u0131n, sinirbilim, psikoloji ve yapay zek\u00e2 alanlar\u0131ndan elde edilen zengin bilgiye dayanarak yeni bir model ortaya koyuyor. Dennett\u2019in vurgulad\u0131\u011f\u0131 gibi, \u201cYaln\u0131zca bilin\u00e7li olaylar\u0131 bilin\u00e7d\u0131\u015f\u0131 olaylar ba\u011flam\u0131nda a\u00e7\u0131klam\u0131\u015f olan bir kuram, bilinci tam olarak a\u00e7\u0131klayabilir.\u201d \u201cUfuk a\u00e7\u0131c\u0131 yeni fikirlerle dolu\u2026\u201d Richard Dawkins \u201cBilin\u00e7 hakk\u0131nda g\u00fcndelik d\u00fc\u015f\u00fcnceleri y\u0131karken Dennett meseleye radikal bir bak\u0131\u015f a\u00e7\u0131s\u0131 getiriyor. Bilin\u00e7 A\u00e7\u0131klan\u0131yor\u2019un uzun y\u0131llar boyunca okunaca\u011f\u0131na inan\u0131yorum.\u201dDouglas R. Hofstadter \u201c\u00c7ok ba\u015far\u0131l\u0131 bir bilimsel yakla\u015f\u0131m. \u0130nsanlar, hayvanlar ve makinelerle ilgili ola\u011fan\u00fcst\u00fc bilgiler i\u00e7eriyor.\u201d Thomas Nagel \u201cBilin\u00e7 \u00fczerine harika bir meditasyon.\u201dHoward Gardner \u201cDennett\u2019in a\u00e7\u0131klamas\u0131 tek kelimeyle dahiyane, hem profesyonel hem de genel okuyucuyu hedefliyor; g\u00f6rd\u00fcklerim aras\u0131nda en iyi \u00f6rnek.\u201d New York Times <\/p>\n","protected":false},"excerpt":{"rendered":"<p>Belki de Descartes\u2019\u0131n meseleyi gayet ba\u015far\u0131l\u0131 bir \u015fekilde halletti\u011fine karar k\u0131ld\u0131klar\u0131 i\u00e7in, felsefeciler bug\u00fcn d\u00fc\u015f\u00fcnen bir \u015fey olarak kendi varl\u0131klar\u0131n\u0131 kan\u0131tlamak konusunda daha az kafa yoruyorlar.<span class=\"excerpt-hellip\"> [\u2026]<\/span><\/p>\n","protected":false},"featured_media":0,"template":"","meta":{"_monsterinsights_skip_tracking":false,"_monsterinsights_sitenote_active":false,"_monsterinsights_sitenote_note":"","_monsterinsights_sitenote_category":0},"product_brand":[],"product_cat":[19460,13527],"product_tag":[],"class_list":{"0":"post-778995","1":"product","2":"type-product","3":"status-publish","5":"product_cat-felsefe-sureli-yayinlar","6":"product_cat-sureli-yayinlar","7":"pa_cilt-ciltsiz","8":"pa_tur-kitap","9":"pa_yayinevi-alfa-yayinlari","10":"pa_yazar-daniel-c-dennett","12":"first","13":"instock","14":"sale","15":"shipping-taxable","16":"purchasable","17":"product-type-simple"},"_links":{"self":[{"href":"https:\/\/roveyayinevi.com.tr\/index.php\/wp-json\/wp\/v2\/product\/778995","targetHints":{"allow":["GET"]}}],"collection":[{"href":"https:\/\/roveyayinevi.com.tr\/index.php\/wp-json\/wp\/v2\/product"}],"about":[{"href":"https:\/\/roveyayinevi.com.tr\/index.php\/wp-json\/wp\/v2\/types\/product"}],"wp:attachment":[{"href":"https:\/\/roveyayinevi.com.tr\/index.php\/wp-json\/wp\/v2\/media?parent=778995"}],"wp:term":[{"taxonomy":"product_brand","embeddable":true,"href":"https:\/\/roveyayinevi.com.tr\/index.php\/wp-json\/wp\/v2\/product_brand?post=778995"},{"taxonomy":"product_cat","embeddable":true,"href":"https:\/\/roveyayinevi.com.tr\/index.php\/wp-json\/wp\/v2\/product_cat?post=778995"},{"taxonomy":"product_tag","embeddable":true,"href":"https:\/\/roveyayinevi.com.tr\/index.php\/wp-json\/wp\/v2\/product_tag?post=778995"}],"curies":[{"name":"wp","href":"https:\/\/api.w.org\/{rel}","templated":true}]}}