{"id":778994,"date":"2025-12-30T10:04:01","date_gmt":"2025-12-30T07:04:01","guid":{"rendered":"https:\/\/roveyayinevi.com.tr\/index.php\/urun\/sendikal-hareket\/"},"modified":"2026-04-16T02:16:45","modified_gmt":"2026-04-15T23:16:45","slug":"sendikal-hareket","status":"publish","type":"product","link":"https:\/\/roveyayinevi.com.tr\/index.php\/urun\/sendikal-hareket\/","title":{"rendered":"Sendikal Hareket"},"content":{"rendered":"<p>21. y\u00fczy\u0131l\u0131n ilk on y\u0131l\u0131n\u0131 tamamlad\u0131\u011f\u0131m\u0131z bu d\u00f6nemde, T\u00fcrkiye ve d\u00fcnya yeni sorunlar ve bu sorunlara kar\u015f\u0131l\u0131k yeni umutlarla kar\u015f\u0131 kar\u015f\u0131ya bulunmaktad\u0131r. Ortaya \u00e7\u0131kan teknolojik geli\u015fmeler, her alanda umutlar\u0131n do\u011fmas\u0131na kaynakl\u0131k ederken; bir yandan da sorunlar\u0131n yeni umutsuzluklar\u0131 besledi\u011fi bir d\u00f6neme \u015f\u00e2hit olunmaktad\u0131r. Bug\u00fcn\u00fcn k\u00fcresel d\u00fcnyas\u0131nda ortaya \u00e7\u0131kan \u015fartlar, d\u00fcnyada ve T\u00fcrkiye&#8217;de sendikal hareketi yol ay\u0131m\u0131na g\u00f6t\u00fcrmektedir. Kabaca bak\u0131ld\u0131\u011f\u0131nda, i\u015f\u00e7i hareketinin s\u00f6z konusu yol ayr\u0131m\u0131ndan ; ancak cidd\u00ee bir anlay\u0131\u015f de\u011fi\u015fikli\u011fi ve yeni bir yap\u0131lanmayla \u00e7\u0131kabilece\u011fi \u00e2\u015fik\u00e2rd\u0131r. Nitekim son d\u00f6nemde bu y\u00f6nde aray\u0131\u015flar\u0131n h\u0131zland\u0131\u011f\u0131 g\u00fcrlmektedir.  Her g\u00fczel \u015fey \u00f6ncelikle insanlar\u0131n kafas\u0131nda bir tasar\u0131m, bir fikir olarak ba\u015flar. Gelece\u011fin b\u00fcy\u00fck ve g\u00fc\u00e7l\u00fc T\u00fcrkiye&#8217;sini yaratabilmenin \u00f6n \u015fart\u0131 da onu \u00f6ncelikle kavray\u0131\u015f d\u00fcnyam\u0131zda in\u015f\u00e2 edebilmektir. \u0130\u015fte bu kitap, kendi ba\u011flam\u0131nda b\u00f6yle bir \u00e7abay\u0131 ortaya koymaya \u00e7al\u0131\u015fmakta, ihtiya\u00e7 duyulan sendikal perspektiflere &#8216;yeni bir \u015ferh&#8217; d\u00fc\u015fmektedir. <\/p>\n","protected":false},"excerpt":{"rendered":"<p>21. y\u00fczy\u0131l\u0131n ilk on y\u0131l\u0131n\u0131 tamamlad\u0131\u011f\u0131m\u0131z bu d\u00f6nemde, T\u00fcrkiye ve d\u00fcnya yeni sorunlar ve bu sorunlara kar\u015f\u0131l\u0131k yeni umutlarla kar\u015f\u0131 kar\u015f\u0131ya bulunmaktad\u0131r. Ortaya \u00e7\u0131kan teknolojik geli\u015fmeler,<span class=\"excerpt-hellip\"> [\u2026]<\/span><\/p>\n","protected":false},"featured_media":0,"template":"","meta":{"_monsterinsights_skip_tracking":false,"_monsterinsights_sitenote_active":false,"_monsterinsights_sitenote_note":"","_monsterinsights_sitenote_category":0},"product_brand":[],"product_cat":[13590,12337],"product_tag":[],"class_list":{"0":"post-778994","1":"product","2":"type-product","3":"status-publish","5":"product_cat-arastirma-inceleme-politika-siyaset","6":"product_cat-politika-siyaset","7":"pa_cilt-ciltsiz","8":"pa_tur-kitap","9":"pa_yayinevi-a-kitap","10":"pa_yazar-erdinc-yazici","12":"first","13":"instock","14":"sale","15":"shipping-taxable","16":"purchasable","17":"product-type-simple"},"_links":{"self":[{"href":"https:\/\/roveyayinevi.com.tr\/index.php\/wp-json\/wp\/v2\/product\/778994","targetHints":{"allow":["GET"]}}],"collection":[{"href":"https:\/\/roveyayinevi.com.tr\/index.php\/wp-json\/wp\/v2\/product"}],"about":[{"href":"https:\/\/roveyayinevi.com.tr\/index.php\/wp-json\/wp\/v2\/types\/product"}],"wp:attachment":[{"href":"https:\/\/roveyayinevi.com.tr\/index.php\/wp-json\/wp\/v2\/media?parent=778994"}],"wp:term":[{"taxonomy":"product_brand","embeddable":true,"href":"https:\/\/roveyayinevi.com.tr\/index.php\/wp-json\/wp\/v2\/product_brand?post=778994"},{"taxonomy":"product_cat","embeddable":true,"href":"https:\/\/roveyayinevi.com.tr\/index.php\/wp-json\/wp\/v2\/product_cat?post=778994"},{"taxonomy":"product_tag","embeddable":true,"href":"https:\/\/roveyayinevi.com.tr\/index.php\/wp-json\/wp\/v2\/product_tag?post=778994"}],"curies":[{"name":"wp","href":"https:\/\/api.w.org\/{rel}","templated":true}]}}