{"id":778991,"date":"2025-12-30T10:02:58","date_gmt":"2025-12-30T07:02:58","guid":{"rendered":"https:\/\/roveyayinevi.com.tr\/index.php\/urun\/sifali-bitkiler\/"},"modified":"2026-02-03T02:26:42","modified_gmt":"2026-02-02T23:26:42","slug":"sifali-bitkiler","status":"publish","type":"product","link":"https:\/\/roveyayinevi.com.tr\/index.php\/urun\/sifali-bitkiler\/","title":{"rendered":"\u015eifal\u0131 Bitkiler"},"content":{"rendered":"<p>Bitkilerin \u015fifac\u0131l\u0131\u011f\u0131, kullan\u0131m\u0131 ve k\u00fcr uygulamalar\u0131&#8230;Bitkilerin bilinemeyen kozmik boyutu ve insana tesirleri&#8230;A\u2019dan Z\u2019ye bitkiler d\u00fcnyas\u0131&#8230;\u0130nsan ya\u015fam\u0131nda \u00e7aresiz hastal\u0131klara kar\u015f\u0131 bitkilerin mucizevi g\u00fcc\u00fc&#8230;Kozmik beslenme ve bur\u00e7lar tablosu&#8230;\u201c\u0130yi d\u00fc\u015f\u00fcn, sa\u011fl\u0131kl\u0131 beslen, mutlu ya\u015fa\u201d slogan\u0131yla ya\u015fam enerjinizi artt\u0131rman\u0131n ilm\u00ee ve pratik yollar\u0131&#8230;Kozmik Bilimler I\u015f\u0131\u011f\u0131na \u015eifal\u0131 Bitkiler kitab\u0131yla; sa\u011fl\u0131kl\u0131 bir v\u00fccuda kavu\u015fman\u0131n yol ve y\u00f6ntemlerini \u00f6\u011frenirken kainat eczanesindeki bitkileri daha yak\u0131ndan tan\u0131yacak, bu bitkilerin tedavi edicili\u011fiyle \u2018sa\u011fl\u0131kl\u0131 bir hayata\u2019 kap\u0131 aralayacaks\u0131n\u0131z.Ayr\u0131ca bitkisel tedavi form\u00fclleriyle de hayat\u0131n\u0131za yeni bir boyut kazand\u0131rma imkan\u0131na kavu\u015facaks\u0131n\u0131z belki de&#8230;Elinizdeki kitap; bitkilerin hususiyetleri, \u015fifac\u0131l\u0131\u011f\u0131, kullan\u0131m ve k\u00fcr uygulamalar\u0131 \u00fczerine bug\u00fcne kadar yaz\u0131lmam\u0131\u015f pek \u00e7ok terkip ve metotla birle\u015ferek, hizmetinize sunulmu\u015f kaynak bir eser niteli\u011findedir&#8230;<\/p>\n","protected":false},"excerpt":{"rendered":"<p>Bitkilerin \u015fifac\u0131l\u0131\u011f\u0131, kullan\u0131m\u0131 ve k\u00fcr uygulamalar\u0131&#8230;Bitkilerin bilinemeyen kozmik boyutu ve insana tesirleri&#8230;A\u2019dan Z\u2019ye bitkiler d\u00fcnyas\u0131&#8230;\u0130nsan ya\u015fam\u0131nda \u00e7aresiz hastal\u0131klara kar\u015f\u0131 bitkilerin mucizevi g\u00fcc\u00fc&#8230;Kozmik beslenme ve bur\u00e7lar tablosu&#8230;\u201c\u0130yi<span class=\"excerpt-hellip\"> [\u2026]<\/span><\/p>\n","protected":false},"featured_media":0,"template":"","meta":{"_monsterinsights_skip_tracking":false,"_monsterinsights_sitenote_active":false,"_monsterinsights_sitenote_note":"","_monsterinsights_sitenote_category":0},"product_brand":[],"product_cat":[13397,13365],"product_tag":[],"class_list":{"0":"post-778991","1":"product","2":"type-product","3":"status-publish","5":"product_cat-alternatif-tip-sifali-bitkiler","6":"product_cat-saglik","7":"pa_cilt-ciltsiz","8":"pa_tur-kitap","9":"pa_yayinevi-nesil-yayinlari","10":"pa_yazar-ahmet-maranki-elmas-maranki","12":"first","13":"instock","14":"sale","15":"shipping-taxable","16":"purchasable","17":"product-type-simple"},"_links":{"self":[{"href":"https:\/\/roveyayinevi.com.tr\/index.php\/wp-json\/wp\/v2\/product\/778991","targetHints":{"allow":["GET"]}}],"collection":[{"href":"https:\/\/roveyayinevi.com.tr\/index.php\/wp-json\/wp\/v2\/product"}],"about":[{"href":"https:\/\/roveyayinevi.com.tr\/index.php\/wp-json\/wp\/v2\/types\/product"}],"wp:attachment":[{"href":"https:\/\/roveyayinevi.com.tr\/index.php\/wp-json\/wp\/v2\/media?parent=778991"}],"wp:term":[{"taxonomy":"product_brand","embeddable":true,"href":"https:\/\/roveyayinevi.com.tr\/index.php\/wp-json\/wp\/v2\/product_brand?post=778991"},{"taxonomy":"product_cat","embeddable":true,"href":"https:\/\/roveyayinevi.com.tr\/index.php\/wp-json\/wp\/v2\/product_cat?post=778991"},{"taxonomy":"product_tag","embeddable":true,"href":"https:\/\/roveyayinevi.com.tr\/index.php\/wp-json\/wp\/v2\/product_tag?post=778991"}],"curies":[{"name":"wp","href":"https:\/\/api.w.org\/{rel}","templated":true}]}}