{"id":778985,"date":"2025-12-30T10:00:59","date_gmt":"2025-12-30T07:00:59","guid":{"rendered":"https:\/\/roveyayinevi.com.tr\/index.php\/urun\/adan-zye-dusunmek\/"},"modified":"2026-04-16T02:14:59","modified_gmt":"2026-04-15T23:14:59","slug":"adan-zye-dusunmek","status":"publish","type":"product","link":"https:\/\/roveyayinevi.com.tr\/index.php\/urun\/adan-zye-dusunmek\/","title":{"rendered":"A&#8217;dan Z&#8217;ye D\u00fc\u015f\u00fcnmek"},"content":{"rendered":"<p>\u201cHumptydumptycilik\u201d nedir?\u201cSiyaset\u00e7i yan\u0131t\u0131\u201d nedir?\u201cYanl\u0131\u015f izin ard\u0131ndan s\u00fcr\u00fcklemek\u201d ile \u201chayali has\u0131m\u201d aras\u0131ndaki fark nedir?Birisinin \u201cgelincik s\u00f6zc\u00fckler\u201d kullan\u0131p kullanmad\u0131\u011f\u0131n\u0131 nas\u0131l bilebilirim? Warburton g\u00fcndemdeki konulardan verdi\u011fi n\u00fckteli \u00f6rneklerle her zamanki \u00fcslubunu konu\u015fturuyor.A\u2019dan Z\u2019ye D\u00fc\u015f\u00fcnmek belki her tart\u0131\u015fmay\u0131 kazanman\u0131z\u0131 sa\u011flamayacak, ama iyi bir arg\u00fcman\u0131 k\u00f6t\u00fc olandan ay\u0131rt etmeyi \u00f6\u011fretece\u011fi kesin.\u201cWarburton \u00e7ok a\u00e7\u0131k se\u00e7ik yazan bir yazar. Ayn\u0131 zamanda uzman olmayanlarla basitle\u015ftirmeden konu\u015fma sanat\u0131nda bir usta.\u201d Philosopher\u2019s Magazine <\/p>\n","protected":false},"excerpt":{"rendered":"<p>\u201cHumptydumptycilik\u201d nedir?\u201cSiyaset\u00e7i yan\u0131t\u0131\u201d nedir?\u201cYanl\u0131\u015f izin ard\u0131ndan s\u00fcr\u00fcklemek\u201d ile \u201chayali has\u0131m\u201d aras\u0131ndaki fark nedir?Birisinin \u201cgelincik s\u00f6zc\u00fckler\u201d kullan\u0131p kullanmad\u0131\u011f\u0131n\u0131 nas\u0131l bilebilirim? Warburton g\u00fcndemdeki konulardan verdi\u011fi n\u00fckteli \u00f6rneklerle her<span class=\"excerpt-hellip\"> [\u2026]<\/span><\/p>\n","protected":false},"featured_media":0,"template":"","meta":{"_monsterinsights_skip_tracking":false,"_monsterinsights_sitenote_active":false,"_monsterinsights_sitenote_note":"","_monsterinsights_sitenote_category":0},"product_brand":[],"product_cat":[12567,12566],"product_tag":[],"class_list":{"0":"post-778985","1":"product","2":"type-product","3":"status-publish","5":"product_cat-diger-egitim","6":"product_cat-egitim","7":"pa_cilt-ciltsiz","8":"pa_tur-kitap","9":"pa_yayinevi-alfa-yayinlari","10":"pa_yazar-nigel-warburton","12":"first","13":"instock","14":"sale","15":"shipping-taxable","16":"purchasable","17":"product-type-simple"},"_links":{"self":[{"href":"https:\/\/roveyayinevi.com.tr\/index.php\/wp-json\/wp\/v2\/product\/778985","targetHints":{"allow":["GET"]}}],"collection":[{"href":"https:\/\/roveyayinevi.com.tr\/index.php\/wp-json\/wp\/v2\/product"}],"about":[{"href":"https:\/\/roveyayinevi.com.tr\/index.php\/wp-json\/wp\/v2\/types\/product"}],"wp:attachment":[{"href":"https:\/\/roveyayinevi.com.tr\/index.php\/wp-json\/wp\/v2\/media?parent=778985"}],"wp:term":[{"taxonomy":"product_brand","embeddable":true,"href":"https:\/\/roveyayinevi.com.tr\/index.php\/wp-json\/wp\/v2\/product_brand?post=778985"},{"taxonomy":"product_cat","embeddable":true,"href":"https:\/\/roveyayinevi.com.tr\/index.php\/wp-json\/wp\/v2\/product_cat?post=778985"},{"taxonomy":"product_tag","embeddable":true,"href":"https:\/\/roveyayinevi.com.tr\/index.php\/wp-json\/wp\/v2\/product_tag?post=778985"}],"curies":[{"name":"wp","href":"https:\/\/api.w.org\/{rel}","templated":true}]}}