{"id":778981,"date":"2025-12-30T09:59:57","date_gmt":"2025-12-30T06:59:57","guid":{"rendered":"https:\/\/roveyayinevi.com.tr\/index.php\/urun\/ozgurlugun-evrimi\/"},"modified":"2026-04-16T02:14:24","modified_gmt":"2026-04-15T23:14:24","slug":"ozgurlugun-evrimi","status":"publish","type":"product","link":"https:\/\/roveyayinevi.com.tr\/index.php\/urun\/ozgurlugun-evrimi\/","title":{"rendered":"\u00d6zg\u00fcrl\u00fc\u011f\u00fcn Evrimi"},"content":{"rendered":"<p>Belirlenimci bir d\u00fcnyada \u00f6zg\u00fcrl\u00fck ve \u00f6zg\u00fcr irade var olabilir mi? \u00dcnl\u00fc felsefeci Daniel Dennett, bize \u00f6zg\u00fcr iradeyi ve ahlak\u0131 sa\u011flayan evrimle\u015fmi\u015f zihnimiz ile hayvanlar aras\u0131nda ne kadar yaln\u0131z oldu\u011fumuzu g\u00f6stererek bu soruya g\u00fc\u00e7l\u00fc bir evet yan\u0131t\u0131 veriyor. Dennett evrimsel biyoloji, bili\u015fsel sinirbilim, ekonomi ve felsefeden yararlan\u0131yor ve zengin bir bi\u00e7imde ayr\u0131nt\u0131land\u0131r\u0131lm\u0131\u015f hikayeyi dokuyarak standart yeni-Darwinci ak\u0131l y\u00fcr\u00fctmeyi kullan\u0131yor. Ahlak, anlam ve \u00f6zg\u00fcrl\u00fck konular\u0131 \u00fczerine en iyi ve en derin insani d\u00fc\u015f\u00fcnceleri, en basit ya\u015fam bi\u00e7imlerinden hareket ederek in\u015fa edebilece\u011fimizi a\u00e7\u0131kl\u0131yor. Etikle ilgili geleneksel \u00e7al\u0131\u015fmalara Darwinci bir katk\u0131 yaparak eti\u011fi, hak etti\u011fi temeller \u00fczerine kurmaya \u00e7al\u0131\u015f\u0131yor: do\u011fadaki yerimize b\u00fct\u00fcnl\u00fckl\u00fc bir bak\u0131\u015f. <\/p>\n","protected":false},"excerpt":{"rendered":"<p>Belirlenimci bir d\u00fcnyada \u00f6zg\u00fcrl\u00fck ve \u00f6zg\u00fcr irade var olabilir mi? \u00dcnl\u00fc felsefeci Daniel Dennett, bize \u00f6zg\u00fcr iradeyi ve ahlak\u0131 sa\u011flayan evrimle\u015fmi\u015f zihnimiz ile hayvanlar aras\u0131nda ne<span class=\"excerpt-hellip\"> [\u2026]<\/span><\/p>\n","protected":false},"featured_media":0,"template":"","meta":{"_monsterinsights_skip_tracking":false,"_monsterinsights_sitenote_active":false,"_monsterinsights_sitenote_note":"","_monsterinsights_sitenote_category":0},"product_brand":[],"product_cat":[13005,13006],"product_tag":[],"class_list":{"0":"post-778981","1":"product","2":"type-product","3":"status-publish","5":"product_cat-bilim-muhendislik","6":"product_cat-populer-bilim","7":"pa_cilt-ciltsiz","8":"pa_tur-kitap","9":"pa_yayinevi-alfa-yayinlari","10":"pa_yazar-daniel-c-dennett","12":"first","13":"instock","14":"sale","15":"shipping-taxable","16":"purchasable","17":"product-type-simple"},"_links":{"self":[{"href":"https:\/\/roveyayinevi.com.tr\/index.php\/wp-json\/wp\/v2\/product\/778981","targetHints":{"allow":["GET"]}}],"collection":[{"href":"https:\/\/roveyayinevi.com.tr\/index.php\/wp-json\/wp\/v2\/product"}],"about":[{"href":"https:\/\/roveyayinevi.com.tr\/index.php\/wp-json\/wp\/v2\/types\/product"}],"wp:attachment":[{"href":"https:\/\/roveyayinevi.com.tr\/index.php\/wp-json\/wp\/v2\/media?parent=778981"}],"wp:term":[{"taxonomy":"product_brand","embeddable":true,"href":"https:\/\/roveyayinevi.com.tr\/index.php\/wp-json\/wp\/v2\/product_brand?post=778981"},{"taxonomy":"product_cat","embeddable":true,"href":"https:\/\/roveyayinevi.com.tr\/index.php\/wp-json\/wp\/v2\/product_cat?post=778981"},{"taxonomy":"product_tag","embeddable":true,"href":"https:\/\/roveyayinevi.com.tr\/index.php\/wp-json\/wp\/v2\/product_tag?post=778981"}],"curies":[{"name":"wp","href":"https:\/\/api.w.org\/{rel}","templated":true}]}}