{"id":778980,"date":"2025-12-30T09:59:54","date_gmt":"2025-12-30T06:59:54","guid":{"rendered":"https:\/\/roveyayinevi.com.tr\/index.php\/urun\/gonul-gibi\/"},"modified":"2026-04-16T02:14:23","modified_gmt":"2026-04-15T23:14:23","slug":"gonul-gibi","status":"publish","type":"product","link":"https:\/\/roveyayinevi.com.tr\/index.php\/urun\/gonul-gibi\/","title":{"rendered":"G\u00f6n\u00fcl Gibi"},"content":{"rendered":"<p>\u0130thaki Yay\u0131nlar\u0131, Suat Dervi\u015f\u2019in t\u00fcm yap\u0131tlar\u0131n\u0131 yay\u0131mlamaya devam ediyor. Ocak 2016\u2019n\u0131n kitab\u0131 G\u00f6n\u00fcl Gibi. <\/p>\n","protected":false},"excerpt":{"rendered":"<p>\u0130thaki Yay\u0131nlar\u0131, Suat Dervi\u015f\u2019in t\u00fcm yap\u0131tlar\u0131n\u0131 yay\u0131mlamaya devam ediyor. Ocak 2016\u2019n\u0131n kitab\u0131 G\u00f6n\u00fcl Gibi.<\/p>\n","protected":false},"featured_media":0,"template":"","meta":{"_monsterinsights_skip_tracking":false,"_monsterinsights_sitenote_active":false,"_monsterinsights_sitenote_note":"","_monsterinsights_sitenote_category":0},"product_brand":[],"product_cat":[12291,12711],"product_tag":[],"class_list":{"0":"post-778980","1":"product","2":"type-product","3":"status-publish","5":"product_cat-edebiyat","6":"product_cat-roman-oyku","7":"pa_cilt-ciltsiz","8":"pa_tur-kitap","9":"pa_yayinevi-ithaki-yayinlari","10":"pa_yazar-suat-dervis","12":"first","13":"instock","14":"sale","15":"shipping-taxable","16":"purchasable","17":"product-type-simple"},"_links":{"self":[{"href":"https:\/\/roveyayinevi.com.tr\/index.php\/wp-json\/wp\/v2\/product\/778980","targetHints":{"allow":["GET"]}}],"collection":[{"href":"https:\/\/roveyayinevi.com.tr\/index.php\/wp-json\/wp\/v2\/product"}],"about":[{"href":"https:\/\/roveyayinevi.com.tr\/index.php\/wp-json\/wp\/v2\/types\/product"}],"wp:attachment":[{"href":"https:\/\/roveyayinevi.com.tr\/index.php\/wp-json\/wp\/v2\/media?parent=778980"}],"wp:term":[{"taxonomy":"product_brand","embeddable":true,"href":"https:\/\/roveyayinevi.com.tr\/index.php\/wp-json\/wp\/v2\/product_brand?post=778980"},{"taxonomy":"product_cat","embeddable":true,"href":"https:\/\/roveyayinevi.com.tr\/index.php\/wp-json\/wp\/v2\/product_cat?post=778980"},{"taxonomy":"product_tag","embeddable":true,"href":"https:\/\/roveyayinevi.com.tr\/index.php\/wp-json\/wp\/v2\/product_tag?post=778980"}],"curies":[{"name":"wp","href":"https:\/\/api.w.org\/{rel}","templated":true}]}}