{"id":778972,"date":"2025-12-30T09:58:49","date_gmt":"2025-12-30T06:58:49","guid":{"rendered":"https:\/\/roveyayinevi.com.tr\/index.php\/urun\/bolluk-ve-savas-catalhoyuk-oykuleri-3\/"},"modified":"2026-04-05T02:16:52","modified_gmt":"2026-04-04T23:16:52","slug":"bolluk-ve-savas-catalhoyuk-oykuleri-3","status":"publish","type":"product","link":"https:\/\/roveyayinevi.com.tr\/index.php\/urun\/bolluk-ve-savas-catalhoyuk-oykuleri-3\/","title":{"rendered":"Bolluk ve Sava\u015f \/ \u00c7atalh\u00f6y\u00fck \u00d6yk\u00fcleri 3"},"content":{"rendered":"<p>Bulu\u015flar sayesinde tar\u0131mda, avc\u0131l\u0131kta, hayvanc\u0131l\u0131kta geli\u015fen; emekte ve \u00fcretimde b\u00fcy\u00fck verim elde eden \u00c7atalh\u00f6y\u00fck, dizinin ilk iki kitab\u0131ndan tan\u0131d\u0131\u011f\u0131m\u0131z Ningur ve Ninlil\u2019in \u00e7abalar\u0131yla bollu\u011fa kavu\u015fuyor. Ne var ki bu durum, kom\u015fu yerle\u015fimlerin ve topluluklar\u0131n dikkatini \u00e7ekiyor. Kimi yoksunluklar k\u0131skan\u00e7l\u0131\u011fa, kimi h\u0131rslar da emek h\u0131rs\u0131zl\u0131\u011f\u0131na yol a\u00e7\u0131yor. Kahramanlar\u0131m\u0131z, refaha eri\u015fen bir toplumun huzurunu nelerin ka\u00e7\u0131rabilece\u011fini erken ya\u015fta \u00f6\u011frenirken, Bilgin Adal\u0131\u2019n\u0131n \u201c\u00c7atalh\u00f6y\u00fck \u00d6yk\u00fcleri\u201d \u00fc\u00e7lemesi gelece\u011fe ili\u015fkin yeni sorularla sona eriyor.<\/p>\n","protected":false},"excerpt":{"rendered":"<p>Bulu\u015flar sayesinde tar\u0131mda, avc\u0131l\u0131kta, hayvanc\u0131l\u0131kta geli\u015fen; emekte ve \u00fcretimde b\u00fcy\u00fck verim elde eden \u00c7atalh\u00f6y\u00fck, dizinin ilk iki kitab\u0131ndan tan\u0131d\u0131\u011f\u0131m\u0131z Ningur ve Ninlil\u2019in \u00e7abalar\u0131yla bollu\u011fa kavu\u015fuyor. Ne<span class=\"excerpt-hellip\"> [\u2026]<\/span><\/p>\n","protected":false},"featured_media":0,"template":"","meta":{"_monsterinsights_skip_tracking":false,"_monsterinsights_sitenote_active":false,"_monsterinsights_sitenote_note":"","_monsterinsights_sitenote_category":0},"product_brand":[],"product_cat":[12274,12284],"product_tag":[],"class_list":{"0":"post-778972","1":"product","2":"type-product","3":"status-publish","5":"product_cat-cocuk-ve-genclik-kitaplari","6":"product_cat-hikayeler","7":"pa_cilt-ciltsiz","8":"pa_tur-kitap","9":"pa_yayinevi-can-cocuk-yayinlari","10":"pa_yazar-bilgin-adali","12":"first","13":"instock","14":"sale","15":"shipping-taxable","16":"purchasable","17":"product-type-simple"},"_links":{"self":[{"href":"https:\/\/roveyayinevi.com.tr\/index.php\/wp-json\/wp\/v2\/product\/778972","targetHints":{"allow":["GET"]}}],"collection":[{"href":"https:\/\/roveyayinevi.com.tr\/index.php\/wp-json\/wp\/v2\/product"}],"about":[{"href":"https:\/\/roveyayinevi.com.tr\/index.php\/wp-json\/wp\/v2\/types\/product"}],"wp:attachment":[{"href":"https:\/\/roveyayinevi.com.tr\/index.php\/wp-json\/wp\/v2\/media?parent=778972"}],"wp:term":[{"taxonomy":"product_brand","embeddable":true,"href":"https:\/\/roveyayinevi.com.tr\/index.php\/wp-json\/wp\/v2\/product_brand?post=778972"},{"taxonomy":"product_cat","embeddable":true,"href":"https:\/\/roveyayinevi.com.tr\/index.php\/wp-json\/wp\/v2\/product_cat?post=778972"},{"taxonomy":"product_tag","embeddable":true,"href":"https:\/\/roveyayinevi.com.tr\/index.php\/wp-json\/wp\/v2\/product_tag?post=778972"}],"curies":[{"name":"wp","href":"https:\/\/api.w.org\/{rel}","templated":true}]}}