{"id":778971,"date":"2025-12-30T09:58:36","date_gmt":"2025-12-30T06:58:36","guid":{"rendered":"https:\/\/roveyayinevi.com.tr\/index.php\/urun\/demir-adam\/"},"modified":"2026-04-16T02:13:30","modified_gmt":"2026-04-15T23:13:30","slug":"demir-adam","status":"publish","type":"product","link":"https:\/\/roveyayinevi.com.tr\/index.php\/urun\/demir-adam\/","title":{"rendered":"Demir Adam"},"content":{"rendered":"<p>Boyutlar\u0131, \u0131\u015f\u0131k sa\u00e7an g\u00f6zleri ile g\u00f6renleri hayrete d\u00fc\u015f\u00fcren Demir Adam, insanlar\u0131n d\u00fcnyas\u0131nda birdenbire ortaya \u00e7\u0131kar. \u00d6n\u00fcne gelen her metal ile karn\u0131n\u0131 doyuran bu dev ile nas\u0131l ba\u015f edeceklerini d\u00fc\u015f\u00fcnen insanlar bir de uzaydan gelen ba\u015fka bir yarat\u0131\u011f\u0131n varl\u0131\u011f\u0131yla sars\u0131l\u0131rlar. \u0130nsanlar, uzay yarat\u0131\u011f\u0131n\u0131 alt etmek i\u00e7in Demir Adam\u2019dan yard\u0131m isteyecek mi dersiniz? <\/p>\n","protected":false},"excerpt":{"rendered":"<p>Boyutlar\u0131, \u0131\u015f\u0131k sa\u00e7an g\u00f6zleri ile g\u00f6renleri hayrete d\u00fc\u015f\u00fcren Demir Adam, insanlar\u0131n d\u00fcnyas\u0131nda birdenbire ortaya \u00e7\u0131kar. \u00d6n\u00fcne gelen her metal ile karn\u0131n\u0131 doyuran bu dev ile nas\u0131l<span class=\"excerpt-hellip\"> [\u2026]<\/span><\/p>\n","protected":false},"featured_media":0,"template":"","meta":{"_monsterinsights_skip_tracking":false,"_monsterinsights_sitenote_active":false,"_monsterinsights_sitenote_note":"","_monsterinsights_sitenote_category":0},"product_brand":[],"product_cat":[12274,12284],"product_tag":[],"class_list":{"0":"post-778971","1":"product","2":"type-product","3":"status-publish","5":"product_cat-cocuk-ve-genclik-kitaplari","6":"product_cat-hikayeler","7":"pa_cilt-ciltsiz","8":"pa_tur-kitap","9":"pa_yayinevi-can-cocuk-yayinlari","10":"pa_yazar-ted-hughes","12":"first","13":"instock","14":"sale","15":"shipping-taxable","16":"purchasable","17":"product-type-simple"},"_links":{"self":[{"href":"https:\/\/roveyayinevi.com.tr\/index.php\/wp-json\/wp\/v2\/product\/778971","targetHints":{"allow":["GET"]}}],"collection":[{"href":"https:\/\/roveyayinevi.com.tr\/index.php\/wp-json\/wp\/v2\/product"}],"about":[{"href":"https:\/\/roveyayinevi.com.tr\/index.php\/wp-json\/wp\/v2\/types\/product"}],"wp:attachment":[{"href":"https:\/\/roveyayinevi.com.tr\/index.php\/wp-json\/wp\/v2\/media?parent=778971"}],"wp:term":[{"taxonomy":"product_brand","embeddable":true,"href":"https:\/\/roveyayinevi.com.tr\/index.php\/wp-json\/wp\/v2\/product_brand?post=778971"},{"taxonomy":"product_cat","embeddable":true,"href":"https:\/\/roveyayinevi.com.tr\/index.php\/wp-json\/wp\/v2\/product_cat?post=778971"},{"taxonomy":"product_tag","embeddable":true,"href":"https:\/\/roveyayinevi.com.tr\/index.php\/wp-json\/wp\/v2\/product_tag?post=778971"}],"curies":[{"name":"wp","href":"https:\/\/api.w.org\/{rel}","templated":true}]}}