{"id":778967,"date":"2025-12-30T09:57:46","date_gmt":"2025-12-30T06:57:46","guid":{"rendered":"https:\/\/roveyayinevi.com.tr\/index.php\/urun\/siirin-ilk-atlasi\/"},"modified":"2026-04-16T02:13:03","modified_gmt":"2026-04-15T23:13:03","slug":"siirin-ilk-atlasi","status":"publish","type":"product","link":"https:\/\/roveyayinevi.com.tr\/index.php\/urun\/siirin-ilk-atlasi\/","title":{"rendered":"\u015eiirin \u0130lk Atlas\u0131"},"content":{"rendered":"<p>T\u00fcrk \u015fiirinin h\u00fczzam sesi Metin Alt\u0131ok, kim bilir ka\u00e7 kez \u015fiirlerini yazd\u0131 \u00f6l\u00fcm\u00fcn? 2 Temmuz 1993\u2019te Mad\u0131mak Oteli\u2019nde \u00e7\u0131kart\u0131lan yang\u0131nda ya\u015fam\u0131n\u0131 yitiren 36 ki\u015fiden biri olmadan \u00f6nce yazd\u0131\u011f\u0131 son yaz\u0131s\u0131 \u201cKendini \u00d6demek\u201dte ya\u015fam\u0131n verimlili\u011finden yararlanan her insan\u0131n \u00fcretime kat\u0131lmas\u0131n\u0131n ve kendini \u00f6demeye zorunlu oldu\u011funun yine alt\u0131n\u0131 \u00e7izdi. \u201c\u015eunu hemen belirteyim ki birey a\u00e7\u0131s\u0131ndan, insan\u0131n kendine yabanc\u0131la\u015fmas\u0131n\u0131n en etkin panzehiri, elden geldi\u011fince \u00fcretken olman\u0131n yan\u0131 s\u0131ra \u2018okumak\u2019t\u0131r. Asl\u0131na bakarsan\u0131z okumak da bir \u00e7e\u015fit duygu ve d\u00fc\u015f\u00fcnce \u00fcretimidir.\u201d Metin Alt\u0131ok\u2019un k\u00fclt\u00fcr alan\u0131ndaki ele\u015ftirilerini i\u00e7eren \u015eiirin \u0130lk Atlas\u0131 kitab\u0131n\u0131n bu bask\u0131s\u0131, gazete ve dergilerde kalan yaz\u0131lar\u0131, tiyatro oyunlar\u0131 ve daha \u00f6nce yay\u0131mlanmam\u0131\u015f \u015fiirleri de eklenerek geni\u015fletildi. <\/p>\n","protected":false},"excerpt":{"rendered":"<p>T\u00fcrk \u015fiirinin h\u00fczzam sesi Metin Alt\u0131ok, kim bilir ka\u00e7 kez \u015fiirlerini yazd\u0131 \u00f6l\u00fcm\u00fcn? 2 Temmuz 1993\u2019te Mad\u0131mak Oteli\u2019nde \u00e7\u0131kart\u0131lan yang\u0131nda ya\u015fam\u0131n\u0131 yitiren 36 ki\u015fiden biri olmadan<span class=\"excerpt-hellip\"> [\u2026]<\/span><\/p>\n","protected":false},"featured_media":0,"template":"","meta":{"_monsterinsights_skip_tracking":false,"_monsterinsights_sitenote_active":false,"_monsterinsights_sitenote_note":"","_monsterinsights_sitenote_category":0},"product_brand":[],"product_cat":[27157,12291],"product_tag":[],"class_list":{"0":"post-778967","1":"product","2":"type-product","3":"status-publish","5":"product_cat-derleme","6":"product_cat-edebiyat","7":"pa_cilt-ciltsiz","8":"pa_tur-kitap","9":"pa_yayinevi-kirmizi-kedi-yayinevi","10":"pa_yazar-metin-altiok","12":"first","13":"instock","14":"sale","15":"shipping-taxable","16":"purchasable","17":"product-type-simple"},"_links":{"self":[{"href":"https:\/\/roveyayinevi.com.tr\/index.php\/wp-json\/wp\/v2\/product\/778967","targetHints":{"allow":["GET"]}}],"collection":[{"href":"https:\/\/roveyayinevi.com.tr\/index.php\/wp-json\/wp\/v2\/product"}],"about":[{"href":"https:\/\/roveyayinevi.com.tr\/index.php\/wp-json\/wp\/v2\/types\/product"}],"wp:attachment":[{"href":"https:\/\/roveyayinevi.com.tr\/index.php\/wp-json\/wp\/v2\/media?parent=778967"}],"wp:term":[{"taxonomy":"product_brand","embeddable":true,"href":"https:\/\/roveyayinevi.com.tr\/index.php\/wp-json\/wp\/v2\/product_brand?post=778967"},{"taxonomy":"product_cat","embeddable":true,"href":"https:\/\/roveyayinevi.com.tr\/index.php\/wp-json\/wp\/v2\/product_cat?post=778967"},{"taxonomy":"product_tag","embeddable":true,"href":"https:\/\/roveyayinevi.com.tr\/index.php\/wp-json\/wp\/v2\/product_tag?post=778967"}],"curies":[{"name":"wp","href":"https:\/\/api.w.org\/{rel}","templated":true}]}}