{"id":778965,"date":"2025-12-30T09:56:59","date_gmt":"2025-12-30T06:56:59","guid":{"rendered":"https:\/\/roveyayinevi.com.tr\/index.php\/urun\/benim-adim-ronaldo\/"},"modified":"2026-03-31T09:53:09","modified_gmt":"2026-03-31T06:53:09","slug":"benim-adim-ronaldo","status":"publish","type":"product","link":"https:\/\/roveyayinevi.com.tr\/index.php\/urun\/benim-adim-ronaldo\/","title":{"rendered":"Benim Ad\u0131m Ronaldo"},"content":{"rendered":"<p>Cristiano Ronaldo\u2019nun ba\u015far\u0131 \u00f6yk\u00fcs\u00fc\u2026O, topu olmad\u0131\u011f\u0131 i\u00e7in \u00e7oraplar\u0131n\u0131 top yap\u0131p onlarla oynayan, yoksul bir \u00e7ocuktu.En b\u00fcy\u00fck tutkusu futboldu. Tutkusunun pe\u015finden gitmeye, gelmi\u015f ge\u00e7mi\u015f en iyi futbol oyuncular\u0131ndan biri olmaya kararl\u0131yd\u0131. Ve bunu ba\u015fard\u0131\u2026Bu kitapta d\u00fcnyan\u0131n en iyi futbol oyuncular\u0131ndan say\u0131lan Cristiano Ronaldo\u2019nun Portekiz\u2019in Madeira Adas\u0131\u2019ndan Real Madrid\u2019e uzanan yolculu\u011funu okuyacaks\u0131n\u0131z.<\/p>\n","protected":false},"excerpt":{"rendered":"<p>Cristiano Ronaldo\u2019nun ba\u015far\u0131 \u00f6yk\u00fcs\u00fc\u2026O, topu olmad\u0131\u011f\u0131 i\u00e7in \u00e7oraplar\u0131n\u0131 top yap\u0131p onlarla oynayan, yoksul bir \u00e7ocuktu.En b\u00fcy\u00fck tutkusu futboldu. Tutkusunun pe\u015finden gitmeye, gelmi\u015f ge\u00e7mi\u015f en iyi futbol<span class=\"excerpt-hellip\"> [\u2026]<\/span><\/p>\n","protected":false},"featured_media":0,"template":"","meta":{"_monsterinsights_skip_tracking":false,"_monsterinsights_sitenote_active":false,"_monsterinsights_sitenote_note":"","_monsterinsights_sitenote_category":0},"product_brand":[],"product_cat":[14009,12291],"product_tag":[],"class_list":{"0":"post-778965","1":"product","2":"type-product","3":"status-publish","5":"product_cat-biyografi-otobiyografi-edebiyat","6":"product_cat-edebiyat","7":"pa_cilt-ciltsiz","8":"pa_tur-kitap","9":"pa_yayinevi-beyaz-balina-yayinlari","10":"pa_yazar-michael-part","12":"first","13":"instock","14":"sale","15":"shipping-taxable","16":"purchasable","17":"product-type-simple"},"_links":{"self":[{"href":"https:\/\/roveyayinevi.com.tr\/index.php\/wp-json\/wp\/v2\/product\/778965","targetHints":{"allow":["GET"]}}],"collection":[{"href":"https:\/\/roveyayinevi.com.tr\/index.php\/wp-json\/wp\/v2\/product"}],"about":[{"href":"https:\/\/roveyayinevi.com.tr\/index.php\/wp-json\/wp\/v2\/types\/product"}],"wp:attachment":[{"href":"https:\/\/roveyayinevi.com.tr\/index.php\/wp-json\/wp\/v2\/media?parent=778965"}],"wp:term":[{"taxonomy":"product_brand","embeddable":true,"href":"https:\/\/roveyayinevi.com.tr\/index.php\/wp-json\/wp\/v2\/product_brand?post=778965"},{"taxonomy":"product_cat","embeddable":true,"href":"https:\/\/roveyayinevi.com.tr\/index.php\/wp-json\/wp\/v2\/product_cat?post=778965"},{"taxonomy":"product_tag","embeddable":true,"href":"https:\/\/roveyayinevi.com.tr\/index.php\/wp-json\/wp\/v2\/product_tag?post=778965"}],"curies":[{"name":"wp","href":"https:\/\/api.w.org\/{rel}","templated":true}]}}