{"id":778964,"date":"2025-12-30T09:56:57","date_gmt":"2025-12-30T06:56:57","guid":{"rendered":"https:\/\/roveyayinevi.com.tr\/index.php\/urun\/felsefenin-tesellisi\/"},"modified":"2026-03-22T02:19:01","modified_gmt":"2026-03-21T23:19:01","slug":"felsefenin-tesellisi","status":"publish","type":"product","link":"https:\/\/roveyayinevi.com.tr\/index.php\/urun\/felsefenin-tesellisi\/","title":{"rendered":"Felsefenin Tesellisi"},"content":{"rendered":"<p>Vatan haini su\u00e7lamas\u0131yla, yarg\u0131lanmaya bile gerek g\u00f6r\u00fclmeden bir zindana at\u0131lan ve idam\u0131n\u0131 bekleyen Romal\u0131 filozof, Boethius\u2019un tanr\u0131sal \u00f6ng\u00f6r\u00fc, kader ve \u00f6zg\u00fcr irade \u00fczerine sorgulamalar\u0131n\u0131 i\u00e7eren en \u00f6nemli yap\u0131t\u0131d\u0131r Felsefenin Tesellisi. Pagan d\u00fcnyan\u0131n d\u00fc\u015f\u00fcnsel \u00f6\u011fretileri ile orta\u00e7a\u011f\u0131n H\u0131ristiyanl\u0131k d\u00fc\u015f\u00fcncesinin tam e\u015fi\u011finde duran Romal\u0131 bir filozofun Felsefe\u2019yle yapt\u0131\u011f\u0131 i\u00e7 hesapla\u015fmas\u0131na Felsefe\u2019nin kendi dilinden tan\u0131k olma \u015fans\u0131n\u0131 yakalad\u0131\u011f\u0131m\u0131z g\u00f6rkemli bir yap\u0131tt\u0131r. Antik\u00e7a\u011f Yunan felsefesinden, yeni-Platonculuktan, Latin edebiyat\u0131ndan se\u00e7ilen d\u00fc\u015f\u00fcncelerin se\u00e7kin bir karmas\u0131 ve filozofun g\u00fcn\u00fcne de\u011fin felsefe tarihinde ba\u015fat rol oynayan Platon\u2019un ve Aristoteles\u2019in konuyla ilgili g\u00f6r\u00fc\u015flerinin \u015fiirsel bir \u00f6zetidir. Bu yap\u0131t i\u00e7in belki de tek \u015fey s\u00f6ylenebilir: inan\u00e7 ile akl\u0131n muhte\u015fem dans\u0131.<\/p>\n","protected":false},"excerpt":{"rendered":"<p>Vatan haini su\u00e7lamas\u0131yla, yarg\u0131lanmaya bile gerek g\u00f6r\u00fclmeden bir zindana at\u0131lan ve idam\u0131n\u0131 bekleyen Romal\u0131 filozof, Boethius\u2019un tanr\u0131sal \u00f6ng\u00f6r\u00fc, kader ve \u00f6zg\u00fcr irade \u00fczerine sorgulamalar\u0131n\u0131 i\u00e7eren en<span class=\"excerpt-hellip\"> [\u2026]<\/span><\/p>\n","protected":false},"featured_media":0,"template":"","meta":{"_monsterinsights_skip_tracking":false,"_monsterinsights_sitenote_active":false,"_monsterinsights_sitenote_note":"","_monsterinsights_sitenote_category":0},"product_brand":[],"product_cat":[20351,12388],"product_tag":[],"class_list":{"0":"post-778964","1":"product","2":"type-product","3":"status-publish","5":"product_cat-dusunce","6":"product_cat-felsefe","7":"pa_cilt-ciltsiz","8":"pa_tur-kitap","9":"pa_yayinevi-alfa-yayinlari","10":"pa_yazar-boethius","12":"first","13":"instock","14":"sale","15":"shipping-taxable","16":"purchasable","17":"product-type-simple"},"_links":{"self":[{"href":"https:\/\/roveyayinevi.com.tr\/index.php\/wp-json\/wp\/v2\/product\/778964","targetHints":{"allow":["GET"]}}],"collection":[{"href":"https:\/\/roveyayinevi.com.tr\/index.php\/wp-json\/wp\/v2\/product"}],"about":[{"href":"https:\/\/roveyayinevi.com.tr\/index.php\/wp-json\/wp\/v2\/types\/product"}],"wp:attachment":[{"href":"https:\/\/roveyayinevi.com.tr\/index.php\/wp-json\/wp\/v2\/media?parent=778964"}],"wp:term":[{"taxonomy":"product_brand","embeddable":true,"href":"https:\/\/roveyayinevi.com.tr\/index.php\/wp-json\/wp\/v2\/product_brand?post=778964"},{"taxonomy":"product_cat","embeddable":true,"href":"https:\/\/roveyayinevi.com.tr\/index.php\/wp-json\/wp\/v2\/product_cat?post=778964"},{"taxonomy":"product_tag","embeddable":true,"href":"https:\/\/roveyayinevi.com.tr\/index.php\/wp-json\/wp\/v2\/product_tag?post=778964"}],"curies":[{"name":"wp","href":"https:\/\/api.w.org\/{rel}","templated":true}]}}