{"id":778962,"date":"2025-12-30T09:56:44","date_gmt":"2025-12-30T06:56:44","guid":{"rendered":"https:\/\/roveyayinevi.com.tr\/index.php\/urun\/daktiloya-cekilmis-siirler-1977-1987\/"},"modified":"2026-02-03T02:21:19","modified_gmt":"2026-02-02T23:21:19","slug":"daktiloya-cekilmis-siirler-1977-1987","status":"publish","type":"product","link":"https:\/\/roveyayinevi.com.tr\/index.php\/urun\/daktiloya-cekilmis-siirler-1977-1987\/","title":{"rendered":"Daktiloya \u00c7ekilmi\u015f \u015eiirler (1977-1987)"},"content":{"rendered":"<p>Yerle\u015fik yabanc\u0131l\u0131\u011f\u0131n ac\u0131s\u0131\u00d6z d\u00fc\u015fmanlar\u0131 kendilerinin sevgisiz bilisiz ve ac\u0131mas\u0131z kabuklular\u0131n zincirledi\u011fi kara tamlama.Bir neden yabanc\u0131ya? Bir neden yerle\u015fi\u011fe?Bir neden yerle\u015fik yabanc\u0131ya? Susturduklar\u0131ndan sonsuzun dilini,D\u0131\u015f\u0131yla ger\u00e7e\u011fin \u00e7izgisini kal\u0131n koca le\u015f do\u011frusuyla belirleme.Bak\u0131ld\u0131\u011f\u0131nda g\u00f6z de\u011firmisinden bir \u00e7i\u00e7ek d\u00fcrb\u00fcn\u00fcn de\u011fil midir renklenme olas\u0131l\u0131klar\u0131 taban\u0131nda g\u00f6r\u00fclen par\u00e7ac\u0131klar\u0131n yoksamak kurutan k\u0131s\u0131r umutlar\u0131, geleneksel tanr\u0131lar\u0131, s\u00fcr\u00fclerin \u00e7orak ger\u00e7ekli\u011fini ve kanatlanarak ya\u015famak kendi da\u011f\u0131l\u0131m\u0131nda&#8230; <\/p>\n","protected":false},"excerpt":{"rendered":"<p>Yerle\u015fik yabanc\u0131l\u0131\u011f\u0131n ac\u0131s\u0131\u00d6z d\u00fc\u015fmanlar\u0131 kendilerinin sevgisiz bilisiz ve ac\u0131mas\u0131z kabuklular\u0131n zincirledi\u011fi kara tamlama.Bir neden yabanc\u0131ya? Bir neden yerle\u015fi\u011fe?Bir neden yerle\u015fik yabanc\u0131ya? Susturduklar\u0131ndan sonsuzun dilini,D\u0131\u015f\u0131yla ger\u00e7e\u011fin \u00e7izgisini<span class=\"excerpt-hellip\"> [\u2026]<\/span><\/p>\n","protected":false},"featured_media":0,"template":"","meta":{"_monsterinsights_skip_tracking":false,"_monsterinsights_sitenote_active":false,"_monsterinsights_sitenote_note":"","_monsterinsights_sitenote_category":0},"product_brand":[],"product_cat":[12291,12509],"product_tag":[],"class_list":{"0":"post-778962","1":"product","2":"type-product","3":"status-publish","5":"product_cat-edebiyat","6":"product_cat-siir","7":"pa_cilt-ciltsiz","8":"pa_tur-kitap","9":"pa_yayinevi-everest-yayinlari","10":"pa_yazar-nilgun-marmara","12":"first","13":"instock","14":"sale","15":"shipping-taxable","16":"purchasable","17":"product-type-simple"},"_links":{"self":[{"href":"https:\/\/roveyayinevi.com.tr\/index.php\/wp-json\/wp\/v2\/product\/778962","targetHints":{"allow":["GET"]}}],"collection":[{"href":"https:\/\/roveyayinevi.com.tr\/index.php\/wp-json\/wp\/v2\/product"}],"about":[{"href":"https:\/\/roveyayinevi.com.tr\/index.php\/wp-json\/wp\/v2\/types\/product"}],"wp:attachment":[{"href":"https:\/\/roveyayinevi.com.tr\/index.php\/wp-json\/wp\/v2\/media?parent=778962"}],"wp:term":[{"taxonomy":"product_brand","embeddable":true,"href":"https:\/\/roveyayinevi.com.tr\/index.php\/wp-json\/wp\/v2\/product_brand?post=778962"},{"taxonomy":"product_cat","embeddable":true,"href":"https:\/\/roveyayinevi.com.tr\/index.php\/wp-json\/wp\/v2\/product_cat?post=778962"},{"taxonomy":"product_tag","embeddable":true,"href":"https:\/\/roveyayinevi.com.tr\/index.php\/wp-json\/wp\/v2\/product_tag?post=778962"}],"curies":[{"name":"wp","href":"https:\/\/api.w.org\/{rel}","templated":true}]}}