{"id":778961,"date":"2025-12-30T09:56:41","date_gmt":"2025-12-30T06:56:41","guid":{"rendered":"https:\/\/roveyayinevi.com.tr\/index.php\/urun\/ismail-gaspirali-secilmis-eserleri-1-roman-ve-hikayeleri\/"},"modified":"2026-04-16T02:12:37","modified_gmt":"2026-04-15T23:12:37","slug":"ismail-gaspirali-secilmis-eserleri-1-roman-ve-hikayeleri","status":"publish","type":"product","link":"https:\/\/roveyayinevi.com.tr\/index.php\/urun\/ismail-gaspirali-secilmis-eserleri-1-roman-ve-hikayeleri\/","title":{"rendered":"\u0130smail Gasp\u0131ral\u0131 Se\u00e7ilmi\u015f Eserleri 1 Roman ve Hikayeleri"},"content":{"rendered":"<p>\u0130smail Gasp\u0131ral\u0131 (1851-1914), ad\u0131ndan \u00e7ok s\u00f6z edilmesine ra\u011fmen eserleri, bir\u00e7ok faaliyeti ve hatta d\u00fc\u015f\u00fcnceleriyle gere\u011fince tan\u0131nmayan, sakl\u0131 kalm\u0131\u015f, ihmal edilmi\u015f bir \u015fahsiyettir. D\u00fc\u015f\u00fcnce ve idealleriyle T\u00fcrkl\u00fc\u011fe \u00f6nderlik eden \u0130smail Bey, roman ve hik\u00e2yeleri ile de T\u00fcrk d\u00fcnyas\u0131nda modern edebiyat\u0131n kurulmas\u0131 i\u00e7in b\u00fcy\u00fck \u00e7aba g\u00f6stermi\u015f, edebiyat\u0131m\u0131za g\u00fczel eserler kazand\u0131rm\u0131\u015ft\u0131r. Yay\u0131nevimiz \u0130smail Bey&#8217;in k\u00fclliyat\u0131ndan se\u00e7ilen eserlerden birincisini, roman ve hik\u00e2yelerini okuyucuya takdim ediyor. \u0130smail Gasp\u0131ral\u0131, daha \u00e7ok bir d\u00fc\u015f\u00fcnce adam\u0131 olarak bilinir. H\u00e2lbuki o, ayn\u0131 zamanda g\u00fczel roman ve hik\u00e2yeler kaleme alm\u0131\u015f bir yazard\u0131r. Bu eserlerinde d\u00fc\u015f\u00fcncelerini, fikir yaz\u0131lar\u0131ndan \u00e7ok daha a\u00e7\u0131k bir \u015fekilde s\u00f6yleme imk\u00e2n\u0131 bulur. Onun d\u00fc\u015f\u00fcncelerini, ideallerini anlamak i\u00e7in en iyi a\u00e7ar bu roman ve hik\u00e2yelerdir. Kitapta yer verdi\u011fimiz Dar\u00fcrrahat M\u00fcsl\u00fcmanlar\u0131, T\u00fcrk edebiyat\u0131n\u0131n ilk, g\u00fczel ve ilgin\u00e7 \u00fctopik roman \u00f6rnekleri aras\u0131ndad\u0131r. Kad\u0131nlar \u00dclkesi ise fantazi hik\u00e2yenin en g\u00fczel \u00f6rneklerinden biridir. \ufffc<\/p>\n","protected":false},"excerpt":{"rendered":"<p>\u0130smail Gasp\u0131ral\u0131 (1851-1914), ad\u0131ndan \u00e7ok s\u00f6z edilmesine ra\u011fmen eserleri, bir\u00e7ok faaliyeti ve hatta d\u00fc\u015f\u00fcnceleriyle gere\u011fince tan\u0131nmayan, sakl\u0131 kalm\u0131\u015f, ihmal edilmi\u015f bir \u015fahsiyettir. D\u00fc\u015f\u00fcnce ve idealleriyle T\u00fcrkl\u00fc\u011fe<span class=\"excerpt-hellip\"> [\u2026]<\/span><\/p>\n","protected":false},"featured_media":0,"template":"","meta":{"_monsterinsights_skip_tracking":false,"_monsterinsights_sitenote_active":false,"_monsterinsights_sitenote_note":"","_monsterinsights_sitenote_category":0},"product_brand":[],"product_cat":[12291,12292],"product_tag":[],"class_list":{"0":"post-778961","1":"product","2":"type-product","3":"status-publish","5":"product_cat-edebiyat","6":"product_cat-turk-edebiyati","7":"pa_cilt-ciltsiz","8":"pa_tur-kitap","9":"pa_yayinevi-otuken-nesriyat","10":"pa_yazar-ismail-gaspirali","12":"first","13":"instock","14":"sale","15":"shipping-taxable","16":"purchasable","17":"product-type-simple"},"_links":{"self":[{"href":"https:\/\/roveyayinevi.com.tr\/index.php\/wp-json\/wp\/v2\/product\/778961","targetHints":{"allow":["GET"]}}],"collection":[{"href":"https:\/\/roveyayinevi.com.tr\/index.php\/wp-json\/wp\/v2\/product"}],"about":[{"href":"https:\/\/roveyayinevi.com.tr\/index.php\/wp-json\/wp\/v2\/types\/product"}],"wp:attachment":[{"href":"https:\/\/roveyayinevi.com.tr\/index.php\/wp-json\/wp\/v2\/media?parent=778961"}],"wp:term":[{"taxonomy":"product_brand","embeddable":true,"href":"https:\/\/roveyayinevi.com.tr\/index.php\/wp-json\/wp\/v2\/product_brand?post=778961"},{"taxonomy":"product_cat","embeddable":true,"href":"https:\/\/roveyayinevi.com.tr\/index.php\/wp-json\/wp\/v2\/product_cat?post=778961"},{"taxonomy":"product_tag","embeddable":true,"href":"https:\/\/roveyayinevi.com.tr\/index.php\/wp-json\/wp\/v2\/product_tag?post=778961"}],"curies":[{"name":"wp","href":"https:\/\/api.w.org\/{rel}","templated":true}]}}