{"id":778953,"date":"2025-12-30T09:54:04","date_gmt":"2025-12-30T06:54:04","guid":{"rendered":"https:\/\/roveyayinevi.com.tr\/index.php\/urun\/2-richard-2\/"},"modified":"2026-04-16T02:11:21","modified_gmt":"2026-04-15T23:11:21","slug":"2-richard-2","status":"publish","type":"product","link":"https:\/\/roveyayinevi.com.tr\/index.php\/urun\/2-richard-2\/","title":{"rendered":"2. Richard"},"content":{"rendered":"<p>William Shakespeare (1564-1616) Oyunlar\u0131 ve \u015fiirlerinde insanl\u0131k durumlar\u0131n\u0131 dile getiri\u015f g\u00fcc\u00fcyle yakla\u015f\u0131k 400 y\u0131ld\u0131r b\u00fct\u00fcn d\u00fcnya okur ve seyircilerini etkilemeyi s\u00fcrd\u00fcren efsanevi yazar. Shakespeare\u2019in 1595 y\u0131l\u0131nda yazd\u0131\u011f\u0131 san\u0131lan 2. Richard oyununa yazar\u0131n olgunluk d\u00f6nemi tragedyalar\u0131n\u0131n habercisi olan deneysel bir giri\u015fim denebilir. 2. Richard i\u00e7erdi\u011fi trajikomik \u00f6\u011feler nedeniyle \u00e7a\u011fda\u015f oyunlara yak\u0131nd\u0131r. Oyunda Tanr\u0131\u2019n\u0131n vekili olarak kutsand\u0131\u011f\u0131na inanan Richard ile halk\u0131n deste\u011fini alan Bolingbroke\u2019un m\u00fccadelesi anlat\u0131l\u0131r. Alt metindeyse d\u00f6nemin g\u00fc\u00e7 ve adalet anlay\u0131\u015f\u0131n\u0131n de\u011fi\u015fmeye ba\u015flad\u0131\u011f\u0131na dair ipu\u00e7lar\u0131 g\u00f6r\u00fcl\u00fcr. <\/p>\n","protected":false},"excerpt":{"rendered":"<p>William Shakespeare (1564-1616) Oyunlar\u0131 ve \u015fiirlerinde insanl\u0131k durumlar\u0131n\u0131 dile getiri\u015f g\u00fcc\u00fcyle yakla\u015f\u0131k 400 y\u0131ld\u0131r b\u00fct\u00fcn d\u00fcnya okur ve seyircilerini etkilemeyi s\u00fcrd\u00fcren efsanevi yazar. Shakespeare\u2019in 1595 y\u0131l\u0131nda<span class=\"excerpt-hellip\"> [\u2026]<\/span><\/p>\n","protected":false},"featured_media":0,"template":"","meta":{"_monsterinsights_skip_tracking":false,"_monsterinsights_sitenote_active":false,"_monsterinsights_sitenote_note":"","_monsterinsights_sitenote_category":0},"product_brand":[],"product_cat":[12291,12866],"product_tag":[],"class_list":{"0":"post-778953","1":"product","2":"type-product","3":"status-publish","5":"product_cat-edebiyat","6":"product_cat-ingiliz-edebiyati","7":"pa_cilt-ciltsiz","8":"pa_tur-kitap","9":"pa_yayinevi-is-bankasi-kultur-yayinlari","10":"pa_yazar-william-shakespeare","12":"first","13":"instock","14":"sale","15":"shipping-taxable","16":"purchasable","17":"product-type-simple"},"_links":{"self":[{"href":"https:\/\/roveyayinevi.com.tr\/index.php\/wp-json\/wp\/v2\/product\/778953","targetHints":{"allow":["GET"]}}],"collection":[{"href":"https:\/\/roveyayinevi.com.tr\/index.php\/wp-json\/wp\/v2\/product"}],"about":[{"href":"https:\/\/roveyayinevi.com.tr\/index.php\/wp-json\/wp\/v2\/types\/product"}],"wp:attachment":[{"href":"https:\/\/roveyayinevi.com.tr\/index.php\/wp-json\/wp\/v2\/media?parent=778953"}],"wp:term":[{"taxonomy":"product_brand","embeddable":true,"href":"https:\/\/roveyayinevi.com.tr\/index.php\/wp-json\/wp\/v2\/product_brand?post=778953"},{"taxonomy":"product_cat","embeddable":true,"href":"https:\/\/roveyayinevi.com.tr\/index.php\/wp-json\/wp\/v2\/product_cat?post=778953"},{"taxonomy":"product_tag","embeddable":true,"href":"https:\/\/roveyayinevi.com.tr\/index.php\/wp-json\/wp\/v2\/product_tag?post=778953"}],"curies":[{"name":"wp","href":"https:\/\/api.w.org\/{rel}","templated":true}]}}