{"id":778952,"date":"2025-12-30T09:54:01","date_gmt":"2025-12-30T06:54:01","guid":{"rendered":"https:\/\/roveyayinevi.com.tr\/index.php\/urun\/iman-ve-aksiyon-46-necip-fazil-butun-eserleri\/"},"modified":"2026-04-16T02:11:20","modified_gmt":"2026-04-15T23:11:20","slug":"iman-ve-aksiyon-46-necip-fazil-butun-eserleri","status":"publish","type":"product","link":"https:\/\/roveyayinevi.com.tr\/index.php\/urun\/iman-ve-aksiyon-46-necip-fazil-butun-eserleri\/","title":{"rendered":"\u0130man ve Aksiyon : 46 &#8211; Necip Faz\u0131l B\u00fct\u00fcn Eserleri"},"content":{"rendered":"<p>Bu konferanslar, B\u00fcy\u00fck Orta Do\u011fu idealinin ana kitab\u0131 &#8216;ideolocya \u00f6rg\u00fcs\u00fc&#8217; etraf\u0131nda, bir meydan yerindeki saray \u00e7evresini ku\u015fat\u0131c\u0131 caddeler ve binalar gibi ayn\u0131 idealin m\u00fc\u015fahhas plan\u0131n\u0131 hendesile\u015ftiren, e\u015fya ve hadiselere tatbikini nak\u0131\u015fland\u0131ran, z\u0131t kutuplar\u0131n\u0131 hedeflendiren ve y\u0131\u011f\u0131nlara hitap \u015feklinde (dinamik) cephesini misallendiren 3 ciltlik bir kelam serisinin ilki&#8230;<\/p>\n","protected":false},"excerpt":{"rendered":"<p>Bu konferanslar, B\u00fcy\u00fck Orta Do\u011fu idealinin ana kitab\u0131 &#8216;ideolocya \u00f6rg\u00fcs\u00fc&#8217; etraf\u0131nda, bir meydan yerindeki saray \u00e7evresini ku\u015fat\u0131c\u0131 caddeler ve binalar gibi ayn\u0131 idealin m\u00fc\u015fahhas plan\u0131n\u0131 hendesile\u015ftiren,<span class=\"excerpt-hellip\"> [\u2026]<\/span><\/p>\n","protected":false},"featured_media":0,"template":"","meta":{"_monsterinsights_skip_tracking":false,"_monsterinsights_sitenote_active":false,"_monsterinsights_sitenote_note":"","_monsterinsights_sitenote_category":0},"product_brand":[],"product_cat":[12718,12719,13025],"product_tag":[],"class_list":{"0":"post-778952","1":"product","2":"type-product","3":"status-publish","5":"product_cat-din","6":"product_cat-islam","7":"product_cat-islam-ve-gunumuz-islam-dusuncesi","8":"pa_cilt-ciltsiz","9":"pa_tur-kitap","10":"pa_yayinevi-buyuk-dogu-yayinlari","11":"pa_yazar-necip-fazil-kisakurek","13":"first","14":"instock","15":"sale","16":"shipping-taxable","17":"purchasable","18":"product-type-simple"},"_links":{"self":[{"href":"https:\/\/roveyayinevi.com.tr\/index.php\/wp-json\/wp\/v2\/product\/778952","targetHints":{"allow":["GET"]}}],"collection":[{"href":"https:\/\/roveyayinevi.com.tr\/index.php\/wp-json\/wp\/v2\/product"}],"about":[{"href":"https:\/\/roveyayinevi.com.tr\/index.php\/wp-json\/wp\/v2\/types\/product"}],"wp:attachment":[{"href":"https:\/\/roveyayinevi.com.tr\/index.php\/wp-json\/wp\/v2\/media?parent=778952"}],"wp:term":[{"taxonomy":"product_brand","embeddable":true,"href":"https:\/\/roveyayinevi.com.tr\/index.php\/wp-json\/wp\/v2\/product_brand?post=778952"},{"taxonomy":"product_cat","embeddable":true,"href":"https:\/\/roveyayinevi.com.tr\/index.php\/wp-json\/wp\/v2\/product_cat?post=778952"},{"taxonomy":"product_tag","embeddable":true,"href":"https:\/\/roveyayinevi.com.tr\/index.php\/wp-json\/wp\/v2\/product_tag?post=778952"}],"curies":[{"name":"wp","href":"https:\/\/api.w.org\/{rel}","templated":true}]}}