{"id":778949,"date":"2025-12-30T09:53:47","date_gmt":"2025-12-30T06:53:47","guid":{"rendered":"https:\/\/roveyayinevi.com.tr\/index.php\/urun\/bedenimle-nasil-bas-etsem\/"},"modified":"2026-02-25T13:02:02","modified_gmt":"2026-02-25T10:02:02","slug":"bedenimle-nasil-bas-etsem","status":"publish","type":"product","link":"https:\/\/roveyayinevi.com.tr\/index.php\/urun\/bedenimle-nasil-bas-etsem\/","title":{"rendered":"Bedenimle Nas\u0131l Ba\u015f Etsem?"},"content":{"rendered":"<p>Kramp m\u0131 giriyor? Bedeninden ho\u015flanm\u0131yor musun? Dengeni sa\u011flayam\u0131yor musun? Ba\u015fkalar\u0131 senden daha m\u0131 rahat g\u00f6r\u00fcn\u00fcyor? S\u0131k s\u0131k a\u011flamak m\u0131 istiyorsun? Uyumakta g\u00fc\u00e7l\u00fck m\u00fc \u00e7ekiyorsun? Tela\u015fa hi\u00e7 gerek yok! Bedeninle ba\u015f etmek zor olmasa da o, sand\u0131\u011f\u0131ndan \u00e7ok daha donan\u0131ml\u0131. Bu kitapta ya\u015fam\u0131n\u0131 karma\u015f\u0131kla\u015ft\u0131ran rahats\u0131zl\u0131klar\u0131n ve s\u0131k\u0131nt\u0131lar\u0131n a\u00e7\u0131klamalar\u0131n\u0131, ayn\u0131 zamanda da onlar\u0131n \u00d6n\u00fcne ge\u00e7mek ya da onlardan kurtulmak i\u00e7in ba\u015fvuraca\u011f\u0131n kurnazca \u00d6\u011f\u00fctleri bulacaks\u0131n. Haydi bakal\u0131m, oynama s\u0131ras\u0131 sende! \ufffcTan\u0131t\u0131m Metni<\/p>\n","protected":false},"excerpt":{"rendered":"<p>Kramp m\u0131 giriyor? Bedeninden ho\u015flanm\u0131yor musun? Dengeni sa\u011flayam\u0131yor musun? Ba\u015fkalar\u0131 senden daha m\u0131 rahat g\u00f6r\u00fcn\u00fcyor? S\u0131k s\u0131k a\u011flamak m\u0131 istiyorsun? Uyumakta g\u00fc\u00e7l\u00fck m\u00fc \u00e7ekiyorsun? Tela\u015fa hi\u00e7<span class=\"excerpt-hellip\"> [\u2026]<\/span><\/p>\n","protected":false},"featured_media":0,"template":"","meta":{"_monsterinsights_skip_tracking":false,"_monsterinsights_sitenote_active":false,"_monsterinsights_sitenote_note":"","_monsterinsights_sitenote_category":0},"product_brand":[],"product_cat":[12312,12304],"product_tag":[],"class_list":{"0":"post-778949","1":"product","2":"type-product","3":"status-publish","5":"product_cat-diger","6":"product_cat-tarih","7":"pa_cilt-ciltsiz","8":"pa_tur-kitap","9":"pa_yayinevi-can-cocuk-yayinlari","10":"pa_yazar-marie-bertherat","12":"first","13":"instock","14":"sale","15":"shipping-taxable","16":"purchasable","17":"product-type-simple"},"_links":{"self":[{"href":"https:\/\/roveyayinevi.com.tr\/index.php\/wp-json\/wp\/v2\/product\/778949","targetHints":{"allow":["GET"]}}],"collection":[{"href":"https:\/\/roveyayinevi.com.tr\/index.php\/wp-json\/wp\/v2\/product"}],"about":[{"href":"https:\/\/roveyayinevi.com.tr\/index.php\/wp-json\/wp\/v2\/types\/product"}],"wp:attachment":[{"href":"https:\/\/roveyayinevi.com.tr\/index.php\/wp-json\/wp\/v2\/media?parent=778949"}],"wp:term":[{"taxonomy":"product_brand","embeddable":true,"href":"https:\/\/roveyayinevi.com.tr\/index.php\/wp-json\/wp\/v2\/product_brand?post=778949"},{"taxonomy":"product_cat","embeddable":true,"href":"https:\/\/roveyayinevi.com.tr\/index.php\/wp-json\/wp\/v2\/product_cat?post=778949"},{"taxonomy":"product_tag","embeddable":true,"href":"https:\/\/roveyayinevi.com.tr\/index.php\/wp-json\/wp\/v2\/product_tag?post=778949"}],"curies":[{"name":"wp","href":"https:\/\/api.w.org\/{rel}","templated":true}]}}