{"id":778947,"date":"2025-12-30T09:53:36","date_gmt":"2025-12-30T06:53:36","guid":{"rendered":"https:\/\/roveyayinevi.com.tr\/index.php\/urun\/anadolu-yakasi\/"},"modified":"2025-12-30T09:53:36","modified_gmt":"2025-12-30T06:53:36","slug":"anadolu-yakasi","status":"publish","type":"product","link":"https:\/\/roveyayinevi.com.tr\/index.php\/urun\/anadolu-yakasi\/","title":{"rendered":"Anadolu Yakas\u0131"},"content":{"rendered":"<p>Mustafa Kutlu\u2019nun son kitab\u0131 Anadolu Yakas\u0131, Derg\u00e2h Yay\u0131nlar\u0131\u2019ndan \u00e7\u0131kt\u0131. Son d\u00f6nemde moda olan \u2018nehir s\u00f6yle\u015fi\u2019 format\u0131ndan bir uzun hik\u00e2ye \u00e7\u0131karmay\u0131 ba\u015faran Kutlu, bu yeni tarz\u0131yla T\u00fcrk edebiyat\u0131nda bir ilki ger\u00e7ekle\u015ftiriyor. Kitab\u0131 eline ilk alanlar\u0131n Anadolu Yakas\u0131 isminin alt\u0131nda yer alan \u2018Nehir S\u00f6yle\u015fi\u2019 ibaresini g\u00f6r\u00fcnce ister istemez Mustafa Kutlu ile yap\u0131lm\u0131\u015f bir s\u00f6yle\u015fi mi var kar\u015f\u0131m\u0131zda? diye meraklanmas\u0131na yol a\u00e7an kitapta, Anadolu Yakas\u0131 adl\u0131 yerel bir kanal\u0131n ba\u015far\u0131l\u0131 sahibi Muzo G\u00f6n\u00fcl ile bir gazete muhabirinin yapt\u0131\u011f\u0131 \u2018nehir s\u00f6yle\u015fi, hik\u00e2ye format\u0131nda sunuluyor okura. Yerel bir televizyon kanal\u0131 sahibiyle yap\u0131lan r\u00f6portajdan doyumsuz bir uzun hik\u00e2ye \u00e7\u0131karan yazar, okura Anadolu ile \u0130stanbul aras\u0131nda gel-gitler ya\u015fatarak ta\u015fra-\u015fehir eksenindeki de\u011fi\u015fimi g\u00f6zler \u00f6n\u00fcne seriyor. -H. Salih Zengin- \ufffcTan\u0131t\u0131m Metni<\/p>\n","protected":false},"excerpt":{"rendered":"<p>Mustafa Kutlu\u2019nun son kitab\u0131 Anadolu Yakas\u0131, Derg\u00e2h Yay\u0131nlar\u0131\u2019ndan \u00e7\u0131kt\u0131. Son d\u00f6nemde moda olan \u2018nehir s\u00f6yle\u015fi\u2019 format\u0131ndan bir uzun hik\u00e2ye \u00e7\u0131karmay\u0131 ba\u015faran Kutlu, bu yeni tarz\u0131yla T\u00fcrk<span class=\"excerpt-hellip\"> [\u2026]<\/span><\/p>\n","protected":false},"featured_media":0,"template":"","meta":{"_monsterinsights_skip_tracking":false,"_monsterinsights_sitenote_active":false,"_monsterinsights_sitenote_note":"","_monsterinsights_sitenote_category":0},"product_brand":[],"product_cat":[12291,12292],"product_tag":[],"class_list":{"0":"post-778947","1":"product","2":"type-product","3":"status-publish","5":"product_cat-edebiyat","6":"product_cat-turk-edebiyati","7":"pa_tur-kitap","8":"pa_yayinevi-dergah-yayinlari","9":"pa_yazar-mustafa-kutlu","11":"first","12":"instock","13":"sale","14":"shipping-taxable","15":"purchasable","16":"product-type-simple"},"_links":{"self":[{"href":"https:\/\/roveyayinevi.com.tr\/index.php\/wp-json\/wp\/v2\/product\/778947","targetHints":{"allow":["GET"]}}],"collection":[{"href":"https:\/\/roveyayinevi.com.tr\/index.php\/wp-json\/wp\/v2\/product"}],"about":[{"href":"https:\/\/roveyayinevi.com.tr\/index.php\/wp-json\/wp\/v2\/types\/product"}],"wp:attachment":[{"href":"https:\/\/roveyayinevi.com.tr\/index.php\/wp-json\/wp\/v2\/media?parent=778947"}],"wp:term":[{"taxonomy":"product_brand","embeddable":true,"href":"https:\/\/roveyayinevi.com.tr\/index.php\/wp-json\/wp\/v2\/product_brand?post=778947"},{"taxonomy":"product_cat","embeddable":true,"href":"https:\/\/roveyayinevi.com.tr\/index.php\/wp-json\/wp\/v2\/product_cat?post=778947"},{"taxonomy":"product_tag","embeddable":true,"href":"https:\/\/roveyayinevi.com.tr\/index.php\/wp-json\/wp\/v2\/product_tag?post=778947"}],"curies":[{"name":"wp","href":"https:\/\/api.w.org\/{rel}","templated":true}]}}