{"id":778946,"date":"2025-12-30T09:52:58","date_gmt":"2025-12-30T06:52:58","guid":{"rendered":"https:\/\/roveyayinevi.com.tr\/index.php\/urun\/bizim-68liler\/"},"modified":"2026-04-16T02:10:46","modified_gmt":"2026-04-15T23:10:46","slug":"bizim-68liler","status":"publish","type":"product","link":"https:\/\/roveyayinevi.com.tr\/index.php\/urun\/bizim-68liler\/","title":{"rendered":"Bizim 68\u2019liler"},"content":{"rendered":"<p>\u201c\u2026 \u015eimdi, y\u0131llar\u0131n ya\u015fanm\u0131\u015fl\u0131klar\u0131n\u0131n b\u00fct\u00fcnl\u00fc\u011f\u00fcnde, hangi gen\u00e7lik, i\u015f\u00e7i, toplumsal olaylar\u0131na odaklan\u0131rsak odaklanal\u0131m, o d\u00f6nem i\u00e7in ge\u00e7erli haklarda kazan\u0131mlar\u0131n \u00f6n\u00fcn\u00fcn a\u00e7\u0131ld\u0131\u011f\u0131na tan\u0131kl\u0131k ediyoruz. Cumhuriyet de\u011ferleri, kazan\u0131mlar\u0131, toplumsal birikimlerinin, 1961 Anayasas\u0131, 1962 d\u00fc\u015f\u00fcnce, 1963 \u00f6rg\u00fctlenme \u00f6zg\u00fcrl\u00fckleriyle \u00fclkemizde ad\u0131m ad\u0131m y\u00fckseli\u015f g\u00fcndemde. D\u00fcnya liberalizmin \u00e7\u0131karlar\u0131n\u0131n \u00f6nlenemez y\u00fckseli\u015finde kazan\u0131lm\u0131\u015f toplumsal haklarda, 1970\u2019lerle geriye \u00e7ekilirken T\u00fcrkiye\u2019nin kay\u0131plar\u0131n\u0131 kapat\u0131p y\u00fckseli\u015fe ge\u00e7ti\u011fi g\u00f6ze batacakt\u0131r. Askeri darbeler, 1970\u2019in, 1980\u2019in geriye \u00e7eki\u015fleri yetmeyecek, etkin sivil otoritele\u015fme operasyonlar\u0131 soluksuz g\u00fcndemimizde olacakt\u0131r. Giderek uzayan s\u00fcreleri, kurals\u0131z, haks\u0131z-hukuksuz operasyonlar\u0131 ile Cumhuriyet Devrimleriyle \u00f6n\u00fc a\u00e7\u0131lm\u0131\u015f kazan\u0131mlar\u0131m\u0131z\u0131 y\u0131kma seferberli\u011finde yar\u0131\u015facaklard\u0131r. Dibe \u00e7ekilmenin sonu olmayaca\u011f\u0131na g\u00f6re 1968 de\u011ferlerinden \u00e7\u0131kar\u0131labilecek \u00e7ok dersimiz olmal\u0131 de\u011fil mi?\u201d<\/p>\n","protected":false},"excerpt":{"rendered":"<p>\u201c\u2026 \u015eimdi, y\u0131llar\u0131n ya\u015fanm\u0131\u015fl\u0131klar\u0131n\u0131n b\u00fct\u00fcnl\u00fc\u011f\u00fcnde, hangi gen\u00e7lik, i\u015f\u00e7i, toplumsal olaylar\u0131na odaklan\u0131rsak odaklanal\u0131m, o d\u00f6nem i\u00e7in ge\u00e7erli haklarda kazan\u0131mlar\u0131n \u00f6n\u00fcn\u00fcn a\u00e7\u0131ld\u0131\u011f\u0131na tan\u0131kl\u0131k ediyoruz. Cumhuriyet de\u011ferleri, kazan\u0131mlar\u0131, toplumsal<span class=\"excerpt-hellip\"> [\u2026]<\/span><\/p>\n","protected":false},"featured_media":0,"template":"","meta":{"_monsterinsights_skip_tracking":false,"_monsterinsights_sitenote_active":false,"_monsterinsights_sitenote_note":"","_monsterinsights_sitenote_category":0},"product_brand":[],"product_cat":[12782,12291],"product_tag":[],"class_list":{"0":"post-778946","1":"product","2":"type-product","3":"status-publish","5":"product_cat-alman-edebiyati","6":"product_cat-edebiyat","7":"pa_tur-kitap","8":"pa_yayinevi-cumhuriyet-kitaplari","9":"pa_yazar-sukran-soner","11":"first","12":"instock","13":"sale","14":"shipping-taxable","15":"purchasable","16":"product-type-simple"},"_links":{"self":[{"href":"https:\/\/roveyayinevi.com.tr\/index.php\/wp-json\/wp\/v2\/product\/778946","targetHints":{"allow":["GET"]}}],"collection":[{"href":"https:\/\/roveyayinevi.com.tr\/index.php\/wp-json\/wp\/v2\/product"}],"about":[{"href":"https:\/\/roveyayinevi.com.tr\/index.php\/wp-json\/wp\/v2\/types\/product"}],"wp:attachment":[{"href":"https:\/\/roveyayinevi.com.tr\/index.php\/wp-json\/wp\/v2\/media?parent=778946"}],"wp:term":[{"taxonomy":"product_brand","embeddable":true,"href":"https:\/\/roveyayinevi.com.tr\/index.php\/wp-json\/wp\/v2\/product_brand?post=778946"},{"taxonomy":"product_cat","embeddable":true,"href":"https:\/\/roveyayinevi.com.tr\/index.php\/wp-json\/wp\/v2\/product_cat?post=778946"},{"taxonomy":"product_tag","embeddable":true,"href":"https:\/\/roveyayinevi.com.tr\/index.php\/wp-json\/wp\/v2\/product_tag?post=778946"}],"curies":[{"name":"wp","href":"https:\/\/api.w.org\/{rel}","templated":true}]}}