{"id":778945,"date":"2025-12-30T09:52:47","date_gmt":"2025-12-30T06:52:47","guid":{"rendered":"https:\/\/roveyayinevi.com.tr\/index.php\/urun\/belki-yine-gelirim\/"},"modified":"2026-03-26T17:43:58","modified_gmt":"2026-03-26T14:43:58","slug":"belki-yine-gelirim","status":"publish","type":"product","link":"https:\/\/roveyayinevi.com.tr\/index.php\/urun\/belki-yine-gelirim\/","title":{"rendered":"Belki Yine Gelirim"},"content":{"rendered":"<p>B\u00fcy\u00fck a\u015fklar yolculuklarla ba\u015flarGidelim istersen suyunS\u00f6\u011f\u00fct dallar\u0131n\u0131 serinletti\u011fiIrma\u011f\u0131n sesine aldanarakBir aldanma de\u011fil midir\u00d6ncesi unutulan \u015feyler gibi A\u015fklar ve yolculuklar daBelki anlat\u0131r anlataca\u011f\u0131 Bir \u015fey varsa bekleyen Eprimi\u015f olsa da s\u00f6zler <\/p>\n","protected":false},"excerpt":{"rendered":"<p>B\u00fcy\u00fck a\u015fklar yolculuklarla ba\u015flarGidelim istersen suyunS\u00f6\u011f\u00fct dallar\u0131n\u0131 serinletti\u011fiIrma\u011f\u0131n sesine aldanarakBir aldanma de\u011fil midir\u00d6ncesi unutulan \u015feyler gibi A\u015fklar ve yolculuklar daBelki anlat\u0131r anlataca\u011f\u0131 Bir \u015fey varsa bekleyen<span class=\"excerpt-hellip\"> [\u2026]<\/span><\/p>\n","protected":false},"featured_media":0,"template":"","meta":{"_monsterinsights_skip_tracking":false,"_monsterinsights_sitenote_active":false,"_monsterinsights_sitenote_note":"","_monsterinsights_sitenote_category":0},"product_brand":[],"product_cat":[12291,12509],"product_tag":[],"class_list":{"0":"post-778945","1":"product","2":"type-product","3":"status-publish","5":"product_cat-edebiyat","6":"product_cat-siir","7":"pa_cilt-ciltsiz","8":"pa_tur-kitap","9":"pa_yayinevi-everest-yayinlari","10":"pa_yazar-ahmet-telli","12":"first","13":"instock","14":"sale","15":"shipping-taxable","16":"purchasable","17":"product-type-simple"},"_links":{"self":[{"href":"https:\/\/roveyayinevi.com.tr\/index.php\/wp-json\/wp\/v2\/product\/778945","targetHints":{"allow":["GET"]}}],"collection":[{"href":"https:\/\/roveyayinevi.com.tr\/index.php\/wp-json\/wp\/v2\/product"}],"about":[{"href":"https:\/\/roveyayinevi.com.tr\/index.php\/wp-json\/wp\/v2\/types\/product"}],"wp:attachment":[{"href":"https:\/\/roveyayinevi.com.tr\/index.php\/wp-json\/wp\/v2\/media?parent=778945"}],"wp:term":[{"taxonomy":"product_brand","embeddable":true,"href":"https:\/\/roveyayinevi.com.tr\/index.php\/wp-json\/wp\/v2\/product_brand?post=778945"},{"taxonomy":"product_cat","embeddable":true,"href":"https:\/\/roveyayinevi.com.tr\/index.php\/wp-json\/wp\/v2\/product_cat?post=778945"},{"taxonomy":"product_tag","embeddable":true,"href":"https:\/\/roveyayinevi.com.tr\/index.php\/wp-json\/wp\/v2\/product_tag?post=778945"}],"curies":[{"name":"wp","href":"https:\/\/api.w.org\/{rel}","templated":true}]}}