{"id":778941,"date":"2025-12-30T09:51:23","date_gmt":"2025-12-30T06:51:23","guid":{"rendered":"https:\/\/roveyayinevi.com.tr\/index.php\/urun\/dedektif-kurukafa-olu-adamlarin-son-savasi\/"},"modified":"2025-12-30T09:51:23","modified_gmt":"2025-12-30T06:51:23","slug":"dedektif-kurukafa-olu-adamlarin-son-savasi","status":"publish","type":"product","link":"https:\/\/roveyayinevi.com.tr\/index.php\/urun\/dedektif-kurukafa-olu-adamlarin-son-savasi\/","title":{"rendered":"Dedektif Kurukafa : \u00d6l\u00fc Adamlar\u0131n Son Sava\u015f\u0131"},"content":{"rendered":"<p>Dedektif Kurukafa\u2019yla tan\u0131\u015f\u0131n: Kendisi bir b\u00fcy\u00fcc\u00fc, dedektif, sava\u015f\u00e7\u0131. Ah, ayr\u0131ca o bir \u00f6l\u00fc!Sava\u015f kap\u0131ya dayand\u0131. \u00dcstelik iyi ile k\u00f6t\u00fc aras\u0131nda de\u011fil, Tap\u0131naklar i\u00e7i bir sava\u015f. Dedektif Kurukafa ile Valkyrie, bu felaketi durdurmak i\u00e7in di\u011fer \u00f6l\u00fc adamlarla birlik olmal\u0131. Ortal\u0131k k\u0131z\u0131\u015f\u0131rken Valkyrie\u2019nin ruhunda da bir sava\u015f ba\u015f g\u00f6steriyor. E\u011fer Valkyrie bu sava\u015f\u0131 kaybederse, Darquesse y\u00fckseli\u015fe ge\u00e7ecek. Ve d\u00fcnyay\u0131 ate\u015f saracak! Derek Landy, \u0130rlanda\u2019da, Dublin\u2019de ya\u015f\u0131yor. Zaman\u0131n\u0131 yazmak ve Ninjalardan korunmak i\u00e7in Man\u00e7kin Ordusu\u2019nu yeti\u015ftirmekle ge\u00e7iriyor. <\/p>\n","protected":false},"excerpt":{"rendered":"<p>Dedektif Kurukafa\u2019yla tan\u0131\u015f\u0131n: Kendisi bir b\u00fcy\u00fcc\u00fc, dedektif, sava\u015f\u00e7\u0131. Ah, ayr\u0131ca o bir \u00f6l\u00fc!Sava\u015f kap\u0131ya dayand\u0131. \u00dcstelik iyi ile k\u00f6t\u00fc aras\u0131nda de\u011fil, Tap\u0131naklar i\u00e7i bir sava\u015f. Dedektif<span class=\"excerpt-hellip\"> [\u2026]<\/span><\/p>\n","protected":false},"featured_media":0,"template":"","meta":{"_monsterinsights_skip_tracking":false,"_monsterinsights_sitenote_active":false,"_monsterinsights_sitenote_note":"","_monsterinsights_sitenote_category":0},"product_brand":[],"product_cat":[12291,12711],"product_tag":[],"class_list":{"0":"post-778941","1":"product","2":"type-product","3":"status-publish","5":"product_cat-edebiyat","6":"product_cat-roman-oyku","7":"pa_cilt-ciltsiz","8":"pa_tur-kitap","9":"pa_yayinevi-artemis-yayinlari","10":"pa_yazar-derek-landy","12":"first","13":"instock","14":"sale","15":"shipping-taxable","16":"purchasable","17":"product-type-simple"},"_links":{"self":[{"href":"https:\/\/roveyayinevi.com.tr\/index.php\/wp-json\/wp\/v2\/product\/778941","targetHints":{"allow":["GET"]}}],"collection":[{"href":"https:\/\/roveyayinevi.com.tr\/index.php\/wp-json\/wp\/v2\/product"}],"about":[{"href":"https:\/\/roveyayinevi.com.tr\/index.php\/wp-json\/wp\/v2\/types\/product"}],"wp:attachment":[{"href":"https:\/\/roveyayinevi.com.tr\/index.php\/wp-json\/wp\/v2\/media?parent=778941"}],"wp:term":[{"taxonomy":"product_brand","embeddable":true,"href":"https:\/\/roveyayinevi.com.tr\/index.php\/wp-json\/wp\/v2\/product_brand?post=778941"},{"taxonomy":"product_cat","embeddable":true,"href":"https:\/\/roveyayinevi.com.tr\/index.php\/wp-json\/wp\/v2\/product_cat?post=778941"},{"taxonomy":"product_tag","embeddable":true,"href":"https:\/\/roveyayinevi.com.tr\/index.php\/wp-json\/wp\/v2\/product_tag?post=778941"}],"curies":[{"name":"wp","href":"https:\/\/api.w.org\/{rel}","templated":true}]}}