{"id":778940,"date":"2025-12-30T09:51:20","date_gmt":"2025-12-30T06:51:20","guid":{"rendered":"https:\/\/roveyayinevi.com.tr\/index.php\/urun\/erzincan-erzincan-valisinin-kurt-raporu-1931\/"},"modified":"2026-04-16T02:10:00","modified_gmt":"2026-04-15T23:10:00","slug":"erzincan-erzincan-valisinin-kurt-raporu-1931","status":"publish","type":"product","link":"https:\/\/roveyayinevi.com.tr\/index.php\/urun\/erzincan-erzincan-valisinin-kurt-raporu-1931\/","title":{"rendered":"Erzincan-Erzincan Valisi\u2019nin K\u00fcrt Raporu (1931)"},"content":{"rendered":"<p>S\u00fcmer-Akadlarla ba\u015flayan Erzincan tarihli&#8230; \u0130slam uygarl\u0131\u011f\u0131 devri, Sel\u00e7uklular, Osmanl\u0131lar&#8230; Ermeni olaylar\u0131, Rus idaresi&#8230; Me\u015frutiyet \u00f6ncesi ve sonras\u0131&#8230; K\u00fcrt tarihi, K\u00fcrt k\u00fclt\u00fcr\u00fc, K\u00fcrt isyanlar\u0131 ve Dersim harek\u00e2t\u0131&#8230; A\u015firetler, n\u00fcfuslar\u0131, mal varl\u0131klar\u0131, yerle\u015fim alanlar\u0131,  sosyo-ekonomik durumlar\u0131 ve devletle ili\u015fkileri&#8230; Haritalar, istatistikler&#8230; Bin y\u0131ll\u0131k zelzeleler, bin y\u0131ll\u0131k kitabeler&#8230; Gelenekleri ve k\u00fclt\u00fcr\u00fc&#8230;. Refahiye, Kemah, P\u00fcl\u00fcm\u00fcr, Cencige, Ki\u011f\u0131&#8230; \u0130l\u00e7e il\u00e7e 1930\u2019lardaki Erzincan&#8230; Erzincan Valisi Ali Kemali\u2019nin 1931\u2019de haz\u0131rlad\u0131\u011f\u0131 K\u00fcrt Raporu.   Kaynak Yay\u0131nlar\u0131\u2019n\u0131n \u201cCumhuriyetin G\u00f6z\u00fcyle K\u00fcrt Meselesi\u201d dizisinin sekizinci kitab\u0131.   <\/p>\n","protected":false},"excerpt":{"rendered":"<p>S\u00fcmer-Akadlarla ba\u015flayan Erzincan tarihli&#8230; \u0130slam uygarl\u0131\u011f\u0131 devri, Sel\u00e7uklular, Osmanl\u0131lar&#8230; Ermeni olaylar\u0131, Rus idaresi&#8230; Me\u015frutiyet \u00f6ncesi ve sonras\u0131&#8230; K\u00fcrt tarihi, K\u00fcrt k\u00fclt\u00fcr\u00fc, K\u00fcrt isyanlar\u0131 ve Dersim harek\u00e2t\u0131&#8230;<span class=\"excerpt-hellip\"> [\u2026]<\/span><\/p>\n","protected":false},"featured_media":0,"template":"","meta":{"_monsterinsights_skip_tracking":false,"_monsterinsights_sitenote_active":false,"_monsterinsights_sitenote_note":"","_monsterinsights_sitenote_category":0},"product_brand":[],"product_cat":[13656,12337],"product_tag":[],"class_list":{"0":"post-778940","1":"product","2":"type-product","3":"status-publish","5":"product_cat-azinliklar-etnik-sorunlar","6":"product_cat-politika-siyaset","7":"pa_cilt-ciltsiz","8":"pa_tur-kitap","9":"pa_yayinevi-kaynak-yayinlari","10":"pa_yazar-ali-kemali","12":"first","13":"instock","14":"sale","15":"shipping-taxable","16":"purchasable","17":"product-type-simple"},"_links":{"self":[{"href":"https:\/\/roveyayinevi.com.tr\/index.php\/wp-json\/wp\/v2\/product\/778940","targetHints":{"allow":["GET"]}}],"collection":[{"href":"https:\/\/roveyayinevi.com.tr\/index.php\/wp-json\/wp\/v2\/product"}],"about":[{"href":"https:\/\/roveyayinevi.com.tr\/index.php\/wp-json\/wp\/v2\/types\/product"}],"wp:attachment":[{"href":"https:\/\/roveyayinevi.com.tr\/index.php\/wp-json\/wp\/v2\/media?parent=778940"}],"wp:term":[{"taxonomy":"product_brand","embeddable":true,"href":"https:\/\/roveyayinevi.com.tr\/index.php\/wp-json\/wp\/v2\/product_brand?post=778940"},{"taxonomy":"product_cat","embeddable":true,"href":"https:\/\/roveyayinevi.com.tr\/index.php\/wp-json\/wp\/v2\/product_cat?post=778940"},{"taxonomy":"product_tag","embeddable":true,"href":"https:\/\/roveyayinevi.com.tr\/index.php\/wp-json\/wp\/v2\/product_tag?post=778940"}],"curies":[{"name":"wp","href":"https:\/\/api.w.org\/{rel}","templated":true}]}}