{"id":778938,"date":"2025-12-30T09:51:14","date_gmt":"2025-12-30T06:51:14","guid":{"rendered":"https:\/\/roveyayinevi.com.tr\/index.php\/urun\/doganin-dusmani-kapitalizmin-sonu-mu-dunyanin-sonu-mu\/"},"modified":"2026-04-16T02:09:58","modified_gmt":"2026-04-15T23:09:58","slug":"doganin-dusmani-kapitalizmin-sonu-mu-dunyanin-sonu-mu","status":"publish","type":"product","link":"https:\/\/roveyayinevi.com.tr\/index.php\/urun\/doganin-dusmani-kapitalizmin-sonu-mu-dunyanin-sonu-mu\/","title":{"rendered":"Do\u011fan\u0131n D\u00fc\u015fman\u0131: Kapitalizmin Sonu mu, D\u00fcnyan\u0131n Sonu mu?"},"content":{"rendered":"<p>Tutkulu, inan\u00e7l\u0131 bir dille yaz\u0131lm\u0131\u015f &#8220;iddial\u0131&#8221; bir kitap Do\u011fan\u0131n D\u00fc\u015fman\u0131. Bir yandan kapitalizmi tutkuyla ele\u015ftirerek ona kar\u015f\u0131 alternatif \u00fcretmenin artan ekolojik kriz y\u00fcz\u00fcnden tarihte hi\u00e7 olmad\u0131\u011f\u0131 \u00f6l\u00e7\u00fcde hayat-memat meselesi haline geldi\u011fini g\u00f6steriyor. Di\u011fer yandan, \u00e7a\u011fda\u015f fizik ve biyolojinin verilerinden yararlanarak, do\u011fan\u0131n ayr\u0131lmaz bir par\u00e7as\u0131 olmas\u0131 anlam\u0131nda &#8220;insan&#8221;\u0131n ne demek oldu\u011funa dair iddial\u0131 bir &#8220;antropoloji&#8221; kuram\u0131 geli\u015ftiriyor.Marksizm, ekofeminizm ve do\u011fa felsefesini bir araya getiren ufuk a\u00e7\u0131c\u0131 bir sentez: Bu teorik serimlemeyle yetinmeyen yazar, &#8220;ne yapmal\u0131?&#8221; diye soruyor, cevaplar geli\u015ftiriyor, alternatif bir &#8220;siyaset&#8221; prati\u011fini y\u00f6nlendirecek ilkeler belirliyor, sol siyaseti fel\u00e7 etmi\u015f pratik siyasi sorunlara \u00e7\u00f6z\u00fcm yollar\u0131 \u00f6neriyor. Kapitalist \u00fcretim tarz\u0131n\u0131n yerine ge\u00e7ebilecek ekolojik bir \u00fcretim tarz\u0131 vizyonunu g\u00fcndeme getirerek, k\u00fcreselle\u015fme kar\u015f\u0131t\u0131 politikalar temelinde bu vizyonu hayata ge\u00e7irecek bir &#8220;ekososyalizm&#8221; tahayy\u00fcl\u00fc geli\u015ftiriyor: D\u00fcnyay\u0131 sahip olunacak, s\u00f6m\u00fcr\u00fclecek bir nesne olarak g\u00f6rmeyip onu ba\u015fl\u0131 ba\u015f\u0131na bir de\u011fer olarak kabul edenlerin h\u00fcr iradeleriyle olu\u015fturacaklar\u0131 bir toplumun anahatlar\u0131n\u0131 \u00e7iziyor.Do\u011fan\u0131n D\u00fc\u015fman\u0131, o m\u00fcthi\u015f \u201cger\u00e7ek\u00e7i ol, imkans\u0131z\u0131 iste!\u201d \u015fiar\u0131yla yaz\u0131lm\u0131\u015f bir kitap. \u015eu iki alternatiften birini se\u00e7mek zorunda oldu\u011fumuzu b\u00fct\u00fcn a\u00e7\u0131kl\u0131\u011f\u0131yla g\u00f6steriyor: Ya kapitalizmin barbarl\u0131\u011f\u0131n\u0131 ve neden oldu\u011fu ekolojik y\u0131k\u0131m\u0131 kabullenece\u011fiz, ya da insanl\u0131\u011fa ve do\u011faya yara\u015f\u0131r bir toplum kuraca\u011f\u0131z. <\/p>\n","protected":false},"excerpt":{"rendered":"<p>Tutkulu, inan\u00e7l\u0131 bir dille yaz\u0131lm\u0131\u015f &#8220;iddial\u0131&#8221; bir kitap Do\u011fan\u0131n D\u00fc\u015fman\u0131. Bir yandan kapitalizmi tutkuyla ele\u015ftirerek ona kar\u015f\u0131 alternatif \u00fcretmenin artan ekolojik kriz y\u00fcz\u00fcnden tarihte hi\u00e7 olmad\u0131\u011f\u0131<span class=\"excerpt-hellip\"> [\u2026]<\/span><\/p>\n","protected":false},"featured_media":0,"template":"","meta":{"_monsterinsights_skip_tracking":false,"_monsterinsights_sitenote_active":false,"_monsterinsights_sitenote_note":"","_monsterinsights_sitenote_category":0},"product_brand":[],"product_cat":[12388,15536],"product_tag":[],"class_list":{"0":"post-778938","1":"product","2":"type-product","3":"status-publish","5":"product_cat-felsefe","6":"product_cat-siyaset-felsefesi","7":"pa_cilt-ciltsiz","8":"pa_tur-kitap","9":"pa_yayinevi-metis-yayinlari","10":"pa_yazar-joel-kovel","12":"first","13":"instock","14":"sale","15":"shipping-taxable","16":"purchasable","17":"product-type-simple"},"_links":{"self":[{"href":"https:\/\/roveyayinevi.com.tr\/index.php\/wp-json\/wp\/v2\/product\/778938","targetHints":{"allow":["GET"]}}],"collection":[{"href":"https:\/\/roveyayinevi.com.tr\/index.php\/wp-json\/wp\/v2\/product"}],"about":[{"href":"https:\/\/roveyayinevi.com.tr\/index.php\/wp-json\/wp\/v2\/types\/product"}],"wp:attachment":[{"href":"https:\/\/roveyayinevi.com.tr\/index.php\/wp-json\/wp\/v2\/media?parent=778938"}],"wp:term":[{"taxonomy":"product_brand","embeddable":true,"href":"https:\/\/roveyayinevi.com.tr\/index.php\/wp-json\/wp\/v2\/product_brand?post=778938"},{"taxonomy":"product_cat","embeddable":true,"href":"https:\/\/roveyayinevi.com.tr\/index.php\/wp-json\/wp\/v2\/product_cat?post=778938"},{"taxonomy":"product_tag","embeddable":true,"href":"https:\/\/roveyayinevi.com.tr\/index.php\/wp-json\/wp\/v2\/product_tag?post=778938"}],"curies":[{"name":"wp","href":"https:\/\/api.w.org\/{rel}","templated":true}]}}