{"id":778937,"date":"2025-12-30T09:51:12","date_gmt":"2025-12-30T06:51:12","guid":{"rendered":"https:\/\/roveyayinevi.com.tr\/index.php\/urun\/pirenin-yorgani-karincanin-ruyasi-kitap-kurtlari-icin-4\/"},"modified":"2026-02-03T02:16:41","modified_gmt":"2026-02-02T23:16:41","slug":"pirenin-yorgani-karincanin-ruyasi-kitap-kurtlari-icin-4","status":"publish","type":"product","link":"https:\/\/roveyayinevi.com.tr\/index.php\/urun\/pirenin-yorgani-karincanin-ruyasi-kitap-kurtlari-icin-4\/","title":{"rendered":"Pirenin Yorgan\u0131, Kar\u0131ncan\u0131n R\u00fcyas\u0131 &#8211; Kitap Kurtlar\u0131 \u0130\u00e7in 4"},"content":{"rendered":"<p>Filiz \u00d6zdem&#8217;in \u00e7ok \u00f6zel hayvanlar ansiklopedisi, Pirenin Yorgan\u0131, Kar\u0131ncan\u0131n R\u00fcyas\u0131 ba\u015fl\u0131kl\u0131 d\u00f6rd\u00fcnc\u00fc kitapla devam ediyor. Kar\u0131ncalar, ar\u0131lar, pireler, akrepler, \u00e7ekirgeler, \u00f6r\u00fcmcekler, sinekler, kelebekler&#8230; Kimi bizleri \u00fczen, her \u015feyden bezdiren kimi de hayat\u0131m\u0131za renk katan b\u00f6cekler, beklenmedik i\u015fler ba\u015far\u0131p umulmad\u0131k y\u00fcklerin alt\u0131na giren ola\u011fan\u00fcst\u00fc yarat\u0131klar. Bunlar\u0131n d\u00fcnya k\u00fclt\u00fcr\u00fcne b\u0131rakt\u0131\u011f\u0131 izler, sanat ve folklora yapt\u0131\u011f\u0131 yans\u0131malar, edebiyat\u0131n imbi\u011finden s\u00fcz\u00fclm\u00fc\u015f anlat\u0131lar, \u015fiirler&#8230; Emine Bora&#8217;n\u0131n resimleriyle bezenmi\u015f g\u00fczel bir kitap.<\/p>\n","protected":false},"excerpt":{"rendered":"<p>Filiz \u00d6zdem&#8217;in \u00e7ok \u00f6zel hayvanlar ansiklopedisi, Pirenin Yorgan\u0131, Kar\u0131ncan\u0131n R\u00fcyas\u0131 ba\u015fl\u0131kl\u0131 d\u00f6rd\u00fcnc\u00fc kitapla devam ediyor. Kar\u0131ncalar, ar\u0131lar, pireler, akrepler, \u00e7ekirgeler, \u00f6r\u00fcmcekler, sinekler, kelebekler&#8230; Kimi bizleri \u00fczen,<span class=\"excerpt-hellip\"> [\u2026]<\/span><\/p>\n","protected":false},"featured_media":0,"template":"","meta":{"_monsterinsights_skip_tracking":false,"_monsterinsights_sitenote_active":false,"_monsterinsights_sitenote_note":"","_monsterinsights_sitenote_category":0},"product_brand":[],"product_cat":[12275,12274],"product_tag":[],"class_list":{"0":"post-778937","1":"product","2":"type-product","3":"status-publish","5":"product_cat-6-12-yas-kitaplari","6":"product_cat-cocuk-ve-genclik-kitaplari","7":"pa_cilt-ciltsiz","8":"pa_tur-kitap","9":"pa_yayinevi-yapi-kredi-yayinlari","10":"pa_yazar-filiz-ozdem","12":"first","13":"instock","14":"sale","15":"shipping-taxable","16":"purchasable","17":"product-type-simple"},"_links":{"self":[{"href":"https:\/\/roveyayinevi.com.tr\/index.php\/wp-json\/wp\/v2\/product\/778937","targetHints":{"allow":["GET"]}}],"collection":[{"href":"https:\/\/roveyayinevi.com.tr\/index.php\/wp-json\/wp\/v2\/product"}],"about":[{"href":"https:\/\/roveyayinevi.com.tr\/index.php\/wp-json\/wp\/v2\/types\/product"}],"wp:attachment":[{"href":"https:\/\/roveyayinevi.com.tr\/index.php\/wp-json\/wp\/v2\/media?parent=778937"}],"wp:term":[{"taxonomy":"product_brand","embeddable":true,"href":"https:\/\/roveyayinevi.com.tr\/index.php\/wp-json\/wp\/v2\/product_brand?post=778937"},{"taxonomy":"product_cat","embeddable":true,"href":"https:\/\/roveyayinevi.com.tr\/index.php\/wp-json\/wp\/v2\/product_cat?post=778937"},{"taxonomy":"product_tag","embeddable":true,"href":"https:\/\/roveyayinevi.com.tr\/index.php\/wp-json\/wp\/v2\/product_tag?post=778937"}],"curies":[{"name":"wp","href":"https:\/\/api.w.org\/{rel}","templated":true}]}}