{"id":778935,"date":"2025-12-30T09:50:03","date_gmt":"2025-12-30T06:50:03","guid":{"rendered":"https:\/\/roveyayinevi.com.tr\/index.php\/urun\/edebi-portreler\/"},"modified":"2026-04-16T02:08:53","modified_gmt":"2026-04-15T23:08:53","slug":"edebi-portreler","status":"publish","type":"product","link":"https:\/\/roveyayinevi.com.tr\/index.php\/urun\/edebi-portreler\/","title":{"rendered":"Edebi Portreler"},"content":{"rendered":"<p>N\u00e2z\u0131m Hikmet\u2019e, \u201cLenin\u2019i anlamak demek, ink\u0131lab\u0131 Lenin gibi anlamak demektir\u201d dizesini yazd\u0131racak tart\u0131\u015fma, Maksim Gorki ile Lenin aras\u0131nda ge\u00e7iyordu. Peki, bu tart\u0131\u015fma neydi? Gorki, Dostoyevski\u2019nin Budala\u2019s\u0131n\u0131n sahnelenmesine neden kar\u015f\u0131 \u00e7\u0131km\u0131\u015ft\u0131? Tolstoy, Dostoyevski\u2019yi neden okunamaz buluyordu? Bu ve daha pek \u00e7ok sorunun yan\u0131t\u0131n\u0131 i\u00e7eren bu derlemede, Gorki\u2019nin d\u00f6neminin edebiyat devlerine ili\u015fkin de\u011ferlendirmeleri bir araya getiriliyor. Tolstoy, Dostoyevski, \u00c7ehov, Pu\u015fkin, Balzac, Anatole France, Knut Hamsun, Mark Twain, Paul Verlaine, Romain Rolland, Leonid Andreyev, Aleksandr Blok, Sergey Yesenin ve Pri\u015fvin\u2026 Her biri \u00fczerine canl\u0131 betimlemeler, \u00e7arp\u0131c\u0131 yorumlar ve beklenmedik an\u0131lar sunuluyor. Gorki\u2019nin kaleme ald\u0131\u011f\u0131 bu de\u011ferlendirmeler, edebiyat devlerinin yaln\u0131zca ki\u015filiklerini de\u011fil, ayn\u0131 zamanda d\u00f6nemin d\u00fc\u015f\u00fcnsel iklimini de g\u00f6r\u00fcn\u00fcr k\u0131l\u0131yor. \u201cKaramazovluk\u201d taErt\u0131\u015fmalar\u0131ndan edebiyat ve toplum ili\u015fkisine, Marx\u2019\u0131n k\u00fclt\u00fcr anlay\u0131\u015f\u0131ndan Lenin\u2019in sanata bak\u0131\u015f\u0131na uzanan geni\u015f bir alanda Gorki, hem tan\u0131\u011f\u0131 hem de yorumcusu oldu\u011fu \u00e7a\u011f\u0131n edeb\u00ee atmosferini berrak bir dille aktar\u0131yor. Edeb\u00ee Portreler, yazarlar aras\u0131ndaki etkile\u015fim ve \u00e7at\u0131\u015fmalar\u0131, d\u00f6nemin k\u00fclt\u00fcrel arka plan\u0131yla birlikte okuma imk\u00e2n\u0131 sunarken; bir \u00e7a\u011f\u0131n ruhunu usta yazarlar\u0131n birbirleriyle ili\u015fkilerinde, fikir ayr\u0131l\u0131klar\u0131nda ve de zaman zaman sertle\u015fen ele\u015ftirel tart\u0131\u015fmalarda izlemek isteyen okurlar i\u00e7in de de\u011ferli bir kaynak niteli\u011fi ta\u015f\u0131yor. <\/p>\n","protected":false},"excerpt":{"rendered":"<p>N\u00e2z\u0131m Hikmet\u2019e, \u201cLenin\u2019i anlamak demek, ink\u0131lab\u0131 Lenin gibi anlamak demektir\u201d dizesini yazd\u0131racak tart\u0131\u015fma, Maksim Gorki ile Lenin aras\u0131nda ge\u00e7iyordu. Peki, bu tart\u0131\u015fma neydi? Gorki, Dostoyevski\u2019nin Budala\u2019s\u0131n\u0131n<span class=\"excerpt-hellip\"> [\u2026]<\/span><\/p>\n","protected":false},"featured_media":0,"template":"","meta":{"_monsterinsights_skip_tracking":false,"_monsterinsights_sitenote_active":false,"_monsterinsights_sitenote_note":"","_monsterinsights_sitenote_category":0},"product_brand":[],"product_cat":[13946,12304],"product_tag":[],"class_list":{"0":"post-778935","1":"product","2":"type-product","3":"status-publish","5":"product_cat-biyografi-otobiyografi","6":"product_cat-tarih","7":"pa_cilt-ciltsiz","8":"pa_tur-kitap","9":"pa_yayinevi-yordam-kitap","10":"pa_yazar-maksim-gorki","12":"first","13":"instock","14":"sale","15":"shipping-taxable","16":"purchasable","17":"product-type-simple"},"_links":{"self":[{"href":"https:\/\/roveyayinevi.com.tr\/index.php\/wp-json\/wp\/v2\/product\/778935","targetHints":{"allow":["GET"]}}],"collection":[{"href":"https:\/\/roveyayinevi.com.tr\/index.php\/wp-json\/wp\/v2\/product"}],"about":[{"href":"https:\/\/roveyayinevi.com.tr\/index.php\/wp-json\/wp\/v2\/types\/product"}],"wp:attachment":[{"href":"https:\/\/roveyayinevi.com.tr\/index.php\/wp-json\/wp\/v2\/media?parent=778935"}],"wp:term":[{"taxonomy":"product_brand","embeddable":true,"href":"https:\/\/roveyayinevi.com.tr\/index.php\/wp-json\/wp\/v2\/product_brand?post=778935"},{"taxonomy":"product_cat","embeddable":true,"href":"https:\/\/roveyayinevi.com.tr\/index.php\/wp-json\/wp\/v2\/product_cat?post=778935"},{"taxonomy":"product_tag","embeddable":true,"href":"https:\/\/roveyayinevi.com.tr\/index.php\/wp-json\/wp\/v2\/product_tag?post=778935"}],"curies":[{"name":"wp","href":"https:\/\/api.w.org\/{rel}","templated":true}]}}