{"id":778930,"date":"2025-12-30T09:48:07","date_gmt":"2025-12-30T06:48:07","guid":{"rendered":"https:\/\/roveyayinevi.com.tr\/index.php\/urun\/bebegimin-beslenme-kitabi\/"},"modified":"2026-04-16T02:07:47","modified_gmt":"2026-04-15T23:07:47","slug":"bebegimin-beslenme-kitabi","status":"publish","type":"product","link":"https:\/\/roveyayinevi.com.tr\/index.php\/urun\/bebegimin-beslenme-kitabi\/","title":{"rendered":"Bebe\u011fimin Beslenme Kitab\u0131"},"content":{"rendered":"<p>\u0130lk bask\u0131s\u0131 2013 y\u0131l\u0131nda yay\u0131nlanan Bebe\u011fimin Beslenme Kitab\u0131 uzun s\u00fcren kapsaml\u0131 \u00e7al\u0131\u015fmalar\u0131n sonucunda haz\u0131rland\u0131. Sa\u011fl\u0131kl\u0131 bebek ve \u00e7ocuk beslenmesi konusunda \u0131\u015f\u0131k tutan ve yol g\u00f6steren bir kitap olmas\u0131na \u00f6zen g\u00f6sterildi. Bu ama\u00e7la d\u00fcnyadaki en yeni bilimsel bilgi ve yay\u0131nlar incelenerek kitab\u0131n yenilenen bilgilerle 5. bask\u0131s\u0131 haz\u0131rland\u0131. \ufffcTan\u0131t\u0131m Metni<\/p>\n","protected":false},"excerpt":{"rendered":"<p>\u0130lk bask\u0131s\u0131 2013 y\u0131l\u0131nda yay\u0131nlanan Bebe\u011fimin Beslenme Kitab\u0131 uzun s\u00fcren kapsaml\u0131 \u00e7al\u0131\u015fmalar\u0131n sonucunda haz\u0131rland\u0131. Sa\u011fl\u0131kl\u0131 bebek ve \u00e7ocuk beslenmesi konusunda \u0131\u015f\u0131k tutan ve yol g\u00f6steren bir<span class=\"excerpt-hellip\"> [\u2026]<\/span><\/p>\n","protected":false},"featured_media":0,"template":"","meta":{"_monsterinsights_skip_tracking":false,"_monsterinsights_sitenote_active":false,"_monsterinsights_sitenote_note":"","_monsterinsights_sitenote_category":0},"product_brand":[],"product_cat":[14902,13365],"product_tag":[],"class_list":{"0":"post-778930","1":"product","2":"type-product","3":"status-publish","5":"product_cat-annelik-ve-cocuk-bakimi","6":"product_cat-saglik","7":"pa_cilt-ciltsiz","8":"pa_tur-kitap","9":"pa_yayinevi-remzi-kitabevi","10":"pa_yazar-sibel-gungor-kiziltan","12":"first","13":"instock","14":"sale","15":"shipping-taxable","16":"purchasable","17":"product-type-simple"},"_links":{"self":[{"href":"https:\/\/roveyayinevi.com.tr\/index.php\/wp-json\/wp\/v2\/product\/778930","targetHints":{"allow":["GET"]}}],"collection":[{"href":"https:\/\/roveyayinevi.com.tr\/index.php\/wp-json\/wp\/v2\/product"}],"about":[{"href":"https:\/\/roveyayinevi.com.tr\/index.php\/wp-json\/wp\/v2\/types\/product"}],"wp:attachment":[{"href":"https:\/\/roveyayinevi.com.tr\/index.php\/wp-json\/wp\/v2\/media?parent=778930"}],"wp:term":[{"taxonomy":"product_brand","embeddable":true,"href":"https:\/\/roveyayinevi.com.tr\/index.php\/wp-json\/wp\/v2\/product_brand?post=778930"},{"taxonomy":"product_cat","embeddable":true,"href":"https:\/\/roveyayinevi.com.tr\/index.php\/wp-json\/wp\/v2\/product_cat?post=778930"},{"taxonomy":"product_tag","embeddable":true,"href":"https:\/\/roveyayinevi.com.tr\/index.php\/wp-json\/wp\/v2\/product_tag?post=778930"}],"curies":[{"name":"wp","href":"https:\/\/api.w.org\/{rel}","templated":true}]}}